{"id":13,"date":"2025-04-17T10:57:03","date_gmt":"2025-04-17T09:57:03","guid":{"rendered":"https:\/\/www.sociaalteamhouten.nl\/?page_id=13"},"modified":"2026-03-10T14:41:24","modified_gmt":"2026-03-10T13:41:24","slug":"home","status":"publish","type":"page","link":"https:\/\/www.sociaalteamhouten.nl\/fr\/","title":{"rendered":"Accueil"},"content":{"rendered":"<section class=\"block home-page-header block--home-page-header block--no-spacing-bottom\" data-strip-color=\"primary-light\">\n        <div class=\"block--home-page-header__canvas-wrapper\">\n            <canvas id=\"homeHeaderCanvas\"><\/canvas>\n        <\/div>\n        \n        <div class=\"block--home-page-header__content\">\n            <div class=\"container\">\n                <div class=\"row position-relative\">\n                    <div class=\"col-xl-4 col-lg-5 offset-lg-1 col-md-6 d-flex flex-column justify-content-between\">\n                        <div>\n                            <h1 class=\"h1--large mb-0 h1 d-none d-lg-block\" data-aos=\"fade-up\" data-aos-delay=\"100\">Aller de l'avant ensemble.<\/h1>\n    <h1 class=\"h1--large mb-0 h1 d-block d-lg-none\" data-aos=\"fade-up\" data-aos-delay=\"100\">Aller de l'avant ensemble.<\/h1>\n                            <div class=\"block--home-page-header__text mt-3 mb-5 mt-md-7 mb-md-9\" data-aos=\"fade-up\" data-aos-delay=\"200\">\n                                <div class=\"text-wrapper\"><p>Notre objectif est que vous restiez ma\u00eetre de votre vie. C'est pourquoi nous sommes \u00e0 vos c\u00f4t\u00e9s, nous r\u00e9fl\u00e9chissons avec vous et nous d\u00e9couvrons ensemble de nouvelles possibilit\u00e9s. En tenant compte de vous et de votre environnement, nous recherchons des solutions durables qui vous conviennent vraiment. Ainsi, chacun a la possibilit\u00e9 de se sentir soutenu, d'avoir du sens et de se d\u00e9velopper \u00e0 son rythme. Chaque jour.<\/p>\n<\/div>\n                            <\/div>\n                        <\/div>\n                                                    <figure\n        class=\"image block--home-page-header__image-left mb-7 mb-md-0 mt-2 mt-md-0 d-none d-md-block\"\n        \n    >\n        <img decoding=\"async\"\n            class=\"image__img image-position--center\"\n            src=\"https:\/\/www.sociaalteamhouten.nl\/wp-content\/uploads\/2025\/07\/251A4085.webp\"\n            alt=\"\"\n            loading=\"lazy\"\n        \/>\n        \n    <\/figure>\n                                            <\/div>\n                    <div class=\"col-xxl-4 offset-xxl-2 col-lg-5 offset-lg-1 col-md-5 offset-md-1 mt-md-4 mt-xl-7\">\n                                                    <ul class=\"block--home-page-header__themes mb-6 mb-md-0\">\n                                                                    <li>\n                                        <a tabindex=\"0\" class=\"link-arrow-visible\" href=\"https:\/\/www.sociaalteamhouten.nl\/fr\/onderwerp\/gedachten-gevoelens-en-gezondheid\">\n                                            <i class=\"icon icon-arrow\"><\/i>\n                                            <span class=\"h4\">Pens\u00e9es, sentiments et sant\u00e9<\/span>\n                                        <\/a>\n                                    <\/li>\n                                                                    <li>\n                                        <a tabindex=\"0\" class=\"link-arrow-visible\" href=\"https:\/\/www.sociaalteamhouten.nl\/fr\/onderwerp\/ruzie-en-geweld\">\n                                            <i class=\"icon icon-arrow\"><\/i>\n                                            <span class=\"h4\">Dispute et violence<\/span>\n                                        <\/a>\n                                    <\/li>\n                                                                    <li>\n                                        <a tabindex=\"0\" class=\"link-arrow-visible\" href=\"https:\/\/www.sociaalteamhouten.nl\/fr\/onderwerp\/werk-geld-en-administratie\">\n                                            <i class=\"icon icon-arrow\"><\/i>\n                                            <span class=\"h4\">Travail, argent et administration<\/span>\n                                        <\/a>\n                                    <\/li>\n                                                                    <li>\n                                        <a tabindex=\"0\" class=\"link-arrow-visible\" href=\"https:\/\/www.sociaalteamhouten.nl\/fr\/onderwerp\/opvoeden\">\n                                            <i class=\"icon icon-arrow\"><\/i>\n                                            <span class=\"h4\">\u00c9levage<\/span>\n                                        <\/a>\n                                    <\/li>\n                                                                    <li>\n                                        <a tabindex=\"0\" class=\"link-arrow-visible\" href=\"https:\/\/www.sociaalteamhouten.nl\/fr\/onderwerp\/relaties\">\n                                            <i class=\"icon icon-arrow\"><\/i>\n                                            <span class=\"h4\">Les relations<\/span>\n                                        <\/a>\n                                    <\/li>\n                                                                    <li>\n                                        <a tabindex=\"0\" class=\"link-arrow-visible\" href=\"https:\/\/www.sociaalteamhouten.nl\/fr\/onderwerp\/vrije-tijd-en-sociale-contacten\">\n                                            <i class=\"icon icon-arrow\"><\/i>\n                                            <span class=\"h4\">Loisirs et contacts sociaux<\/span>\n                                        <\/a>\n                                    <\/li>\n                                                                    <li>\n                                        <a tabindex=\"0\" class=\"link-arrow-visible\" href=\"https:\/\/www.sociaalteamhouten.nl\/fr\/onderwerp\/wonen-vervoer-en-ondersteuning\">\n                                            <i class=\"icon icon-arrow\"><\/i>\n                                            <span class=\"h4\">Logement, transport et soutien<\/span>\n                                        <\/a>\n                                    <\/li>\n                                                                    <li>\n                                        <a tabindex=\"0\" class=\"link-arrow-visible\" href=\"https:\/\/www.sociaalteamhouten.nl\/fr\/onderwerp\/online\">\n                                            <i class=\"icon icon-arrow\"><\/i>\n                                            <span class=\"h4\">Adh\u00e9rer en ligne<\/span>\n                                        <\/a>\n                                    <\/li>\n                                                            <\/ul>\n                                                                                                            <div class=\"block--home-page-header__buttons\">\n                                    <div class=\"row g-2 mt-3\" data-aos=\"fade-up\">\n                                                                                    <div class=\"col-12 col-xl-auto\">\n                                                <a\n            href=\"https:\/\/www.sociaalteamhouten.nl\/fr\/contact\/\"\n            tabindex=\"0\"\n        class=\"btn btn wp-block-home-page-header\"\n          >\n    Je veux parler \u00e0 quelqu'un\n    \n  <\/a>\n\n                                              <\/div>\n                                                                                    <div class=\"col-12 col-xl-auto\">\n                                                <a\n            href=\"https:\/\/www.sociaalteamhouten.nl\/fr\/jouw-weg-naar-de-juiste-hulp\/\"\n            tabindex=\"0\"\n        class=\"btn btn wp-block-home-page-header\"\n          >\n    Comment obtenir de l'aide ?\n    \n  <\/a>\n\n                                              <\/div>\n                                                                                    <div class=\"col-12 col-xl-auto\">\n                                                <a\n            href=\"https:\/\/www.sociaalteamhouten.nl\/fr\/een-vraag-voor-iemand-anders\/\"\n            tabindex=\"0\"\n        class=\"btn btn wp-block-home-page-header\"\n          >\n    Une question pour quelqu'un d'autre ?\n    \n  <\/a>\n\n                                              <\/div>\n                                                                            <\/div>\n                                <\/div>\n                                                                        <\/div>\n                <\/div>\n\n                <div class=\"row block--home-page-header__strip\">\n                    <div class=\"col-xl-5 offset-xl-6 col-lg-4 offset-lg-7 col-md-5 offset-md-7\">\n                                                    <figure\n        class=\"image block--home-page-header__image-right mx-auto\"\n        \n    >\n        <img decoding=\"async\"\n            class=\"image__img image-position--center\"\n            src=\"https:\/\/www.sociaalteamhouten.nl\/wp-content\/uploads\/2025\/07\/251A5159.webp\"\n            alt=\"\"\n            loading=\"lazy\"\n        \/>\n        \n    <\/figure>\n                                            <\/div>\n                <\/div>\n            <\/div>\n        <\/div>\n    <\/section>\n    <div id=\"content\"><\/div>\n\n\n\n\n<section class=\"block banner block--banner\">\n        <div class=\"container-fluid g-0\">\n            <div class=\"row\">\n                <div class=\"col-lg-5 mt-auto\">\n                    <figure\n        class=\"image block--banner__image\"\n        \n    >\n        <img decoding=\"async\"\n            class=\"image__img image-position--top\"\n            src=\"https:\/\/www.sociaalteamhouten.nl\/wp-content\/uploads\/2025\/07\/251A3923-e1751982140819.webp\"\n            alt=\"\"\n            loading=\"lazy\"\n        \/>\n        \n    <\/figure>\n                <\/div>\n                <svg width=\"0\" height=\"0\" viewbox=\"0 0 596 429\" xmlns=\"http:\/\/www.w3.org\/2000\/svg\" style=\"position: absolute;\">\n                    <clippath id=\"customClip\" clippathunits=\"objectBoundingBox\">\n                        <path d=\"M0.4854 0C0.6873 0 0.8243 0.162 0.9191 0.553L0.9192 0.553C0.9192 0.553 0.9191 0.553 0.9191 0.553V0.553C0.9497 0.6783 0.9796 0.8265 1 1H0V0.811C0.0957 0.232 0.244 0 0.4854 0Z\" \/>\n                    <\/clippath>\n                <\/svg>\n                <div class=\"col-lg-6 g-5 g-lg-0 offset-lg-1 align-content-lg-center order-first order-lg-last\">\n                    <div class=\"py-0 py-lg-10\">\n                        <h2 class=\"block--banner__title h2 d-none d-lg-block\" >Je veux travailler avec <br>discuter avec quelqu'un<\/h2>\n    <h2 class=\"block--banner__title h2 d-block d-lg-none\" >Je veux travailler avec <br>discuter avec quelqu'un<\/h2>\n                        <h4 class=\"mt-0 mt-lg-4\">Contactez nous<\/h4>\n                        <div class=\"block--banner__buttons mt-6 mt-lg-10\">\n                                                            <div>\n                                    <a tabindex=\"0\" class=\"btn\" href=\"tel:0306392250\">\n                                        <i class=\"icon icon-phone me-3\"><\/i>030 639 2250                                    <\/a>\n                                <\/div>\n                                <div>\n                                    <a tabindex=\"0\" class=\"btn\" href=\"mailto:info@sociaalteamhouten.nl\">\n                                        <i class=\"icon icon-email me-3\"><\/i>info@sociaalteamhouten.nl                                    <\/a>\n                                <\/div>\n                                                    <\/div>\n                    <\/div>\n                <\/div>\n            <\/div>\n        <\/div>\n    <\/section>","protected":false},"excerpt":{"rendered":"","protected":false},"author":1,"featured_media":0,"parent":0,"menu_order":11,"comment_status":"closed","ping_status":"closed","template":"","meta":{"_acf_changed":false,"footnotes":""},"class_list":["post-13","page","type-page","status-publish","hentry"],"acf":[],"yoast_head":"<!-- This site is optimized with the Yoast SEO plugin v27.3 - https:\/\/yoast.com\/product\/yoast-seo-wordpress\/ -->\n<title>Home - Sociaal Team Houten<\/title>\n<meta name=\"description\" content=\"Bij het Sociaal Team Houten zien we verandering niet als een probleem, maar een uitdaging die we aangaan. Samen kijken we naar wat w\u00e9l kan. - Home\" \/>\n<meta name=\"robots\" content=\"index, follow, max-snippet:-1, max-image-preview:large, max-video-preview:-1\" \/>\n<link rel=\"canonical\" href=\"https:\/\/www.sociaalteamhouten.nl\/fr\/\" \/>\n<meta property=\"og:locale\" content=\"fr_FR\" \/>\n<meta property=\"og:type\" content=\"article\" \/>\n<meta property=\"og:title\" content=\"Home - Sociaal Team Houten\" \/>\n<meta property=\"og:description\" content=\"Bij het Sociaal Team Houten zien we verandering niet als een probleem, maar een uitdaging die we aangaan. Samen kijken we naar wat w\u00e9l kan. - Home\" \/>\n<meta property=\"og:url\" content=\"https:\/\/www.sociaalteamhouten.nl\/fr\/\" \/>\n<meta property=\"og:site_name\" content=\"Sociaal Team Houten\" \/>\n<meta property=\"article:modified_time\" content=\"2026-03-10T13:41:24+00:00\" \/>\n<meta name=\"twitter:card\" content=\"summary_large_image\" \/>\n<meta name=\"twitter:label1\" content=\"Dur\u00e9e de lecture estim\u00e9e\" \/>\n\t<meta name=\"twitter:data1\" content=\"1 minute\" \/>\n<script type=\"application\/ld+json\" class=\"yoast-schema-graph\">{\"@context\":\"https:\\\/\\\/schema.org\",\"@graph\":[{\"@type\":\"WebPage\",\"@id\":\"https:\\\/\\\/www.sociaalteamhouten.nl\\\/\",\"url\":\"https:\\\/\\\/www.sociaalteamhouten.nl\\\/\",\"name\":\"Home - Sociaal Team Houten\",\"isPartOf\":{\"@id\":\"https:\\\/\\\/www.sociaalteamhouten.nl\\\/#website\"},\"datePublished\":\"2025-04-17T09:57:03+00:00\",\"dateModified\":\"2026-03-10T13:41:24+00:00\",\"description\":\"Bij het Sociaal Team Houten zien we verandering niet als een probleem, maar een uitdaging die we aangaan. Samen kijken we naar wat w\u00e9l kan. - Home\",\"breadcrumb\":{\"@id\":\"https:\\\/\\\/www.sociaalteamhouten.nl\\\/#breadcrumb\"},\"inLanguage\":\"fr-FR\",\"potentialAction\":[{\"@type\":\"ReadAction\",\"target\":[\"https:\\\/\\\/www.sociaalteamhouten.nl\\\/\"]}]},{\"@type\":\"BreadcrumbList\",\"@id\":\"https:\\\/\\\/www.sociaalteamhouten.nl\\\/#breadcrumb\",\"itemListElement\":[{\"@type\":\"ListItem\",\"position\":1,\"name\":\"Home\",\"item\":\"https:\\\/\\\/www.sociaalteamhouten.nl\\\/\"},{\"@type\":\"ListItem\",\"position\":2,\"name\":\"Home\"}]},{\"@type\":\"WebSite\",\"@id\":\"https:\\\/\\\/www.sociaalteamhouten.nl\\\/#website\",\"url\":\"https:\\\/\\\/www.sociaalteamhouten.nl\\\/\",\"name\":\"Sociaal Team Houten\",\"description\":\"Samen verder\",\"publisher\":{\"@id\":\"https:\\\/\\\/www.sociaalteamhouten.nl\\\/#organization\"},\"potentialAction\":[{\"@type\":\"SearchAction\",\"target\":{\"@type\":\"EntryPoint\",\"urlTemplate\":\"https:\\\/\\\/www.sociaalteamhouten.nl\\\/?s={search_term_string}\"},\"query-input\":{\"@type\":\"PropertyValueSpecification\",\"valueRequired\":true,\"valueName\":\"search_term_string\"}}],\"inLanguage\":\"fr-FR\"},{\"@type\":\"Organization\",\"@id\":\"https:\\\/\\\/www.sociaalteamhouten.nl\\\/#organization\",\"name\":\"Sociaal Team Houten\",\"url\":\"https:\\\/\\\/www.sociaalteamhouten.nl\\\/\",\"logo\":{\"@type\":\"ImageObject\",\"inLanguage\":\"fr-FR\",\"@id\":\"https:\\\/\\\/www.sociaalteamhouten.nl\\\/#\\\/schema\\\/logo\\\/image\\\/\",\"url\":\"https:\\\/\\\/www.sociaalteamhouten.nl\\\/wp-content\\\/uploads\\\/2025\\\/04\\\/logo.svg\",\"contentUrl\":\"https:\\\/\\\/www.sociaalteamhouten.nl\\\/wp-content\\\/uploads\\\/2025\\\/04\\\/logo.svg\",\"caption\":\"Sociaal Team Houten\"},\"image\":{\"@id\":\"https:\\\/\\\/www.sociaalteamhouten.nl\\\/#\\\/schema\\\/logo\\\/image\\\/\"}}]}<\/script>\n<!-- \/ Yoast SEO plugin. -->","yoast_head_json":{"title":"Accueil - Social Team Houten","description":"Chez Sociaal Team Houten, nous ne consid\u00e9rons pas le changement comme un probl\u00e8me, mais comme un d\u00e9fi que nous relevons. Ensemble, nous examinons ce qui peut \u00eatre fait. - Accueil","robots":{"index":"index","follow":"follow","max-snippet":"max-snippet:-1","max-image-preview":"max-image-preview:large","max-video-preview":"max-video-preview:-1"},"canonical":"https:\/\/www.sociaalteamhouten.nl\/fr\/","og_locale":"fr_FR","og_type":"article","og_title":"Home - Sociaal Team Houten","og_description":"Bij het Sociaal Team Houten zien we verandering niet als een probleem, maar een uitdaging die we aangaan. Samen kijken we naar wat w\u00e9l kan. - Home","og_url":"https:\/\/www.sociaalteamhouten.nl\/fr\/","og_site_name":"Sociaal Team Houten","article_modified_time":"2026-03-10T13:41:24+00:00","twitter_card":"summary_large_image","twitter_misc":{"Dur\u00e9e de lecture estim\u00e9e":"1 minute"},"schema":{"@context":"https:\/\/schema.org","@graph":[{"@type":"WebPage","@id":"https:\/\/www.sociaalteamhouten.nl\/","url":"https:\/\/www.sociaalteamhouten.nl\/","name":"Accueil - Social Team Houten","isPartOf":{"@id":"https:\/\/www.sociaalteamhouten.nl\/#website"},"datePublished":"2025-04-17T09:57:03+00:00","dateModified":"2026-03-10T13:41:24+00:00","description":"Chez Sociaal Team Houten, nous ne consid\u00e9rons pas le changement comme un probl\u00e8me, mais comme un d\u00e9fi que nous relevons. Ensemble, nous examinons ce qui peut \u00eatre fait. - Accueil","breadcrumb":{"@id":"https:\/\/www.sociaalteamhouten.nl\/#breadcrumb"},"inLanguage":"fr-FR","potentialAction":[{"@type":"ReadAction","target":["https:\/\/www.sociaalteamhouten.nl\/"]}]},{"@type":"BreadcrumbList","@id":"https:\/\/www.sociaalteamhouten.nl\/#breadcrumb","itemListElement":[{"@type":"ListItem","position":1,"name":"Home","item":"https:\/\/www.sociaalteamhouten.nl\/"},{"@type":"ListItem","position":2,"name":"Home"}]},{"@type":"WebSite","@id":"https:\/\/www.sociaalteamhouten.nl\/#website","url":"https:\/\/www.sociaalteamhouten.nl\/","name":"\u00c9quipe sociale de Houten","description":"Ensemble, nous poursuivons","publisher":{"@id":"https:\/\/www.sociaalteamhouten.nl\/#organization"},"potentialAction":[{"@type":"SearchAction","target":{"@type":"EntryPoint","urlTemplate":"https:\/\/www.sociaalteamhouten.nl\/?s={search_term_string}"},"query-input":{"@type":"PropertyValueSpecification","valueRequired":true,"valueName":"search_term_string"}}],"inLanguage":"fr-FR"},{"@type":"Organization","@id":"https:\/\/www.sociaalteamhouten.nl\/#organization","name":"\u00c9quipe sociale de Houten","url":"https:\/\/www.sociaalteamhouten.nl\/","logo":{"@type":"ImageObject","inLanguage":"fr-FR","@id":"https:\/\/www.sociaalteamhouten.nl\/#\/schema\/logo\/image\/","url":"https:\/\/www.sociaalteamhouten.nl\/wp-content\/uploads\/2025\/04\/logo.svg","contentUrl":"https:\/\/www.sociaalteamhouten.nl\/wp-content\/uploads\/2025\/04\/logo.svg","caption":"Sociaal Team Houten"},"image":{"@id":"https:\/\/www.sociaalteamhouten.nl\/#\/schema\/logo\/image\/"}}]}},"_links":{"self":[{"href":"https:\/\/www.sociaalteamhouten.nl\/fr\/wp-json\/wp\/v2\/pages\/13","targetHints":{"allow":["GET"]}}],"collection":[{"href":"https:\/\/www.sociaalteamhouten.nl\/fr\/wp-json\/wp\/v2\/pages"}],"about":[{"href":"https:\/\/www.sociaalteamhouten.nl\/fr\/wp-json\/wp\/v2\/types\/page"}],"author":[{"embeddable":true,"href":"https:\/\/www.sociaalteamhouten.nl\/fr\/wp-json\/wp\/v2\/users\/1"}],"replies":[{"embeddable":true,"href":"https:\/\/www.sociaalteamhouten.nl\/fr\/wp-json\/wp\/v2\/comments?post=13"}],"version-history":[{"count":40,"href":"https:\/\/www.sociaalteamhouten.nl\/fr\/wp-json\/wp\/v2\/pages\/13\/revisions"}],"predecessor-version":[{"id":1511,"href":"https:\/\/www.sociaalteamhouten.nl\/fr\/wp-json\/wp\/v2\/pages\/13\/revisions\/1511"}],"wp:attachment":[{"href":"https:\/\/www.sociaalteamhouten.nl\/fr\/wp-json\/wp\/v2\/media?parent=13"}],"curies":[{"name":"wp","href":"https:\/\/api.w.org\/{rel}","templated":true}]}}