{"id":23,"date":"2025-04-17T12:20:09","date_gmt":"2025-04-17T11:20:09","guid":{"rendered":"https:\/\/www.sociaalteamhouten.nl\/?page_id=23"},"modified":"2026-01-28T11:20:48","modified_gmt":"2026-01-28T10:20:48","slug":"werken-bij","status":"publish","type":"page","link":"https:\/\/www.sociaalteamhouten.nl\/fr\/werken-bij\/","title":{"rendered":"Travailler \u00e0"},"content":{"rendered":"<section class=\"block page-header block--page-header block--no-spacing-bottom\" data-strip-color=\"secondary-light\">\n    <canvas id=\"headerCanvas\"><\/canvas>\n    <div class=\"block--page-header__content\">\n      <div class=\"container\">\n                <div class=\"row\">\n                      <div class=\"col-lg-3 d-flex justify-content-lg-end flex-column\">\n              <figure\n        class=\"image block--page-header__image-left d-none d-lg-block\"\n        \n    >\n        <img decoding=\"async\"\n            class=\"image__img image-position--center\"\n            src=\"https:\/\/www.sociaalteamhouten.nl\/wp-content\/uploads\/2025\/07\/251A4536.webp\"\n            alt=\"\"\n            loading=\"lazy\"\n        \/>\n        \n    <\/figure>\n            <\/div>\n          \n          <div\n            class=\"col-lg-6 my-auto\"\n          >\n            <h1 class=\"block--page-header__title mb-0 h1 d-none d-lg-block\" >Travailler \u00e0 Social Team Houten<\/h1>\n    <h1 class=\"block--page-header__title mb-0 h1 d-block d-lg-none\" >Travailler \u00e0 Social Team Houten<\/h1>\n                          <h2 class=\"h4 block--page-header__subtitle mt-6\">\n                Nous croyons au pouvoir des personnes. <br>\u00c9galement dans le v\u00f4tre.\n              <\/h2>\n            \n            \n            <div class=\"text-wrapper block--page-header__text mt-8\">\n              <p>Ici, vous vous sentez libre de travailler \u00e0 partir de vos propres forces sur ce qui est vraiment important.<strong>:<\/strong> que chacun m\u00e9rite de mener une vie ordinaire de la mani\u00e8re la plus ind\u00e9pendante possible. Parfois, cela n\u00e9cessite un filet de s\u00e9curit\u00e9, parfois simplement un tremplin pour aller de l'avant. C'est l\u00e0 que vous intervenez. Notre force qui travaille avec passion dans un r\u00f4le d'investigation, de soutien ou de conseil. Vous renforcez ce qui existe d\u00e9j\u00e0, vous compl\u00e9tez si n\u00e9cessaire et vous vous retirez d\u00e8s que vous le pouvez. Vous vous sentez responsable des personnes afin qu'elles (re)d\u00e9couvrent leurs propres forces et trouvent leurs propres r\u00e9ponses. Comment ? En posant les bonnes questions. Parce que le vrai changement se produit lorsque les gens prennent le contr\u00f4le. Et pendant qu'ils grandissent, vous vous d\u00e9veloppez tout aussi rapidement au sein d'une \u00e9quipe soud\u00e9e. Ici, vous contribuez \u00e0 un environnement vivant dans lequel chacun suit son propre chemin.<\/p>\n            <\/div>\n                                          <div class=\"row g-2 justify-content-center mt-4\">\n                                      <div class=\"col-auto\">\n                      <a\n            href=\"https:\/\/www.sociaalteamhouten.nl\/fr\/werken-bij\/vacatures\/\"\n            tabindex=\"0\"\n        class=\"btn btn--primary wp-block-page-header\"\n          >\n    Postes vacants\n    \n  <\/a>\n\n                      <\/div>\n                                  <\/div>\n                          \n            \n            \n            \n                      <\/div>\n                      <div class=\"col-xl-2 offset-xl-1 col-lg-3\">\n              <figure\n        class=\"image block--page-header__image-right mt-10 mt-lg-0 mx-auto\"\n        \n    >\n        <img decoding=\"async\"\n            class=\"image__img image-position--center\"\n            src=\"https:\/\/www.sociaalteamhouten.nl\/wp-content\/uploads\/2025\/07\/251A4085.webp\"\n            alt=\"\"\n            loading=\"lazy\"\n        \/>\n        \n    <\/figure>\n            <\/div>\n                  <\/div>\n      <\/div>\n    <\/div>\n  <\/section>\n\n\n<section class=\"block text block--text block--no-spacing-top block--double-spacing background-secondary-light\">\n    <div class=\"container\">\n      <div class=\"row\">\n        <div class=\"col-lg-4 offset-lg-1\">\n          <h2 class=\"wp-block-text h2 d-none d-lg-block\" >Travailler avec impact, dans une \u00e9quipe qui se sent comme chez elle<\/h2>\n    <h2 class=\"wp-block-text h2 d-block d-lg-none\" >Travailler avec impact, dans une \u00e9quipe qui se sent comme chez elle<\/h2>\n        <\/div>\n        <div class=\"col-lg-5 offset-lg-1 mt-lg-4\">\n          <div class=\"text-wrapper\"><p>C'est en se sentant \u00e0 l'aise que l'on fournit le meilleur travail. Nous sommes une \u00e9quipe qui travaille ensemble, qui s'inspire mutuellement et qui est l\u00e0 pour les autres. Ici, vous pouvez \u00eatre vous-m\u00eame, \u00e9voluer dans votre r\u00f4le et faire la diff\u00e9rence pour les habitants de Houten chaque jour.<\/p>\n<h5>Atmosph\u00e8re informelle, avec des normes professionnelles<\/h5>\n<p>Nous aimons les lignes de communication courtes, les conversations ouvertes et les disputes entre coll\u00e8gues. Une bonne id\u00e9e et une bonne initiative ? Avec plaisir ! Travailler pour nous, c'est faire preuve de flexibilit\u00e9, obtenir et assumer des responsabilit\u00e9s, se sentir en confiance et b\u00e9n\u00e9ficier d'un bon \u00e9quilibre entre vie professionnelle et vie priv\u00e9e.<\/p>\n<h5>Plus qu'un simple travail<\/h5>\n<p>Il s'agit bien s\u00fbr d'avoir un impact, mais aussi de s'amuser. Entre les conversations s\u00e9rieuses, il y a toujours de la place pour des plaisanteries, un moment caf\u00e9 et la c\u00e9l\u00e9bration de d\u00e9veloppements positifs. Car si nous prenons soin les uns des autres, nous pouvons faire encore mieux pour les autres.<\/p>\n<\/div>\n          <div class=\"block--text__buttons\">\n                                  <\/div>\n\n                  <\/div>\n      <\/div>\n    <\/div>\n  <\/section>\n\n\n<section class=\"block quotes block--quotes block--double-spacing background-black\">\n        <div class=\"container\">\n            <h2 class=\"wp-block-quotes h2 d-none d-lg-block\" >Notre \u00e9quipe fait la diff\u00e9rence<\/h2>\n    <h2 class=\"wp-block-quotes h2 d-block d-lg-none\" >Notre \u00e9quipe fait la diff\u00e9rence<\/h2>\n            <div class=\"row mt-9\">\n                                    <div class=\"col-xl-6 mb-xl-0 mb-5\">\n                        <div class=\"block--quotes__quote__wrapper\">\n                            <div class=\"block--quotes__quote\">\n                                <div class=\"block--quotes__quote__icon\">\n                                    <span class=\"\">&#8220;<\/i>\n                                <\/div>\n                                <div class=\"block--quotes__quote__text h5\">\n                                    <div class=\"text-wrapper\"><p>\"J'ai la chance de pouvoir apporter quelque chose aux gens. C'est ce qui rend mon travail non seulement utile, mais aussi extr\u00eamement gratifiant\".<\/p>\n<\/div>\n                                <\/div>\n                                <div class=\"mt-auto\">\n                                    <div class=\"block--quotes__quote__author\">\n                                        Leonie\n                                    <\/div>\n                                    <div class=\"block--quotes__quote__function\">\n                                        Scientifique du comportement\n                                    <\/div>\n                                                                    <\/div>\n                            <\/div>\n                            <div class=\"block--quotes__quote__image\">\n                                                                    <div class=\"clip-wrapper\">\n                                        <figure\n        class=\"image wp-block-quotes\"\n        \n    >\n        <img decoding=\"async\"\n            class=\"image__img image-position--center\"\n            src=\"https:\/\/www.sociaalteamhouten.nl\/wp-content\/uploads\/2025\/05\/97255_an_ultra-photorealistic_close-up_shot_captured_w_c0847a26-19eb-4635-b6b9-c765a03a7018.webp\"\n            alt=\"\"\n            loading=\"lazy\"\n        \/>\n        \n    <\/figure>\n                                    <\/div>\n                                                            <\/div>\n                        <\/div>\n                    <\/div>\n                                    <div class=\"col-xl-6 mb-xl-0 mb-5\">\n                        <div class=\"block--quotes__quote__wrapper\">\n                            <div class=\"block--quotes__quote\">\n                                <div class=\"block--quotes__quote__icon\">\n                                    <span class=\"\">&#8220;<\/i>\n                                <\/div>\n                                <div class=\"block--quotes__quote__text h5\">\n                                    <div class=\"text-wrapper\"><p>\"Chaque jour est diff\u00e9rent, les demandes d'aide sont tr\u00e8s diverses. L\u00e0 o\u00f9 nous pouvons apporter quelque chose, comme dans le renforcement des vies ordinaires, notre travail est int\u00e9ressant et stimulant !<\/p>\n<\/div>\n                                <\/div>\n                                <div class=\"mt-auto\">\n                                    <div class=\"block--quotes__quote__author\">\n                                        Femke\n                                    <\/div>\n                                    <div class=\"block--quotes__quote__function\">\n                                        Professionnel de l'OMM\n                                    <\/div>\n                                                                    <\/div>\n                            <\/div>\n                            <div class=\"block--quotes__quote__image\">\n                                                                    <div class=\"clip-wrapper\">\n                                        <figure\n        class=\"image wp-block-quotes\"\n        \n    >\n        <img decoding=\"async\"\n            class=\"image__img image-position--center\"\n            src=\"https:\/\/www.sociaalteamhouten.nl\/wp-content\/uploads\/2025\/07\/251A4085.webp\"\n            alt=\"\"\n            loading=\"lazy\"\n        \/>\n        \n    <\/figure>\n                                    <\/div>\n                                                            <\/div>\n                        <\/div>\n                    <\/div>\n                            <\/div>\n        <\/div>\n        <svg width=\"0\" height=\"0\" style=\"position:absolute\">\n            <defs>\n                <clippath id=\"clip-desktop\" clippathunits=\"objectBoundingBox\">\n                    <path d=\"M1,1H0C0.167,0.442,0.411,0.13,0.78,0H1V1Z\"\/>\n                  <\/clippath>\n                  <clippath id=\"clip-mobile\" clippathunits=\"objectBoundingBox\">\n                    <path d=\"M0.74,0c0.094,0,0.18,0.015,0.26,0.046v0.954H0v-0.383C0.173,0.183,0.41,0,0.74,0Z\"\/>\n                  <\/clippath>\n            <\/defs>\n          <\/svg>\n    <\/section>\n\n\n<section class=\"block text block--text block--no-spacing-top block--double-spacing background-black\">\n    <div class=\"container\">\n      <div class=\"row\">\n        <div class=\"col-lg-4 offset-lg-1\">\n          <h2 class=\"wp-block-text h2 d-none d-lg-block\" >Grandir ensemble, avoir un impact ensemble<\/h2>\n    <h2 class=\"wp-block-text h2 d-block d-lg-none\" >Grandir ensemble, avoir un impact ensemble<\/h2>\n        <\/div>\n        <div class=\"col-lg-5 offset-lg-1 mt-lg-4\">\n          <div class=\"text-wrapper\"><p>Chacun a son propre chemin et chacun le parcourt d'une mani\u00e8re diff\u00e9rente. Il en va de m\u00eame pour votre d\u00e9veloppement. Travailler avec nous signifie non seulement avoir un impact sur la communaut\u00e9, mais aussi sur votre propre carri\u00e8re. Gr\u00e2ce \u00e0 un budget individuel pour la formation, l'intervision p\u00e9riodique et les conf\u00e9rences de cas, vous restez toujours \u00e0 la pointe du progr\u00e8s. En outre, vous apprendrez chaque jour aupr\u00e8s de coll\u00e8gues issus de diff\u00e9rents domaines d'expertise. Ainsi, vous vous \u00e9panouissez non seulement en tant que professionnel, mais aussi en tant qu'\u00eatre humain au sein d'une \u00e9quipe qui accorde autant d'importance \u00e0 votre d\u00e9veloppement qu'au v\u00f4tre.<\/p>\n<h5>L'innovation est notre norme et vous en faites partie.<\/h5>\n<p>Chez Social Team Houten, nous ne nous contentons pas de regarder comment les choses se passent, mais nous cherchons surtout \u00e0 les am\u00e9liorer. Nous aimons aller dans le sens des besoins des r\u00e9sidents et encourager les nouvelles perspectives. Voyez-vous des possibilit\u00e9s de renforcer le domaine social ? Oui, bien s\u00fbr. Avez-vous des id\u00e9es qui font vraiment la diff\u00e9rence ? C'est encore mieux. Qu'il s'agisse de m\u00e9thodes de travail intelligentes, de nouvelles collaborations ou de processus am\u00e9lior\u00e9s, votre contribution compte.<\/p>\n<\/div>\n          <div class=\"block--text__buttons\">\n                                  <\/div>\n\n                  <\/div>\n      <\/div>\n    <\/div>\n  <\/section>\n\n\n<section class=\"block image-text block--image-text block--double-spacing background-secondary-light\">\n      <div class=\"container\">\n        <div class=\"row\">\n          <div class=\"col-lg-7 mb-4 mb-lg-0\">\n            <div class=\"block--image-text__content\">\n              <h2 class=\"block--image-text__title\">Avez-vous le pouvoir de rendre la vie ordinaire plus forte ?<\/h2>\n              <div class=\"block--image-text__text text-wrapper\">\n                <p>Quels que soient les d\u00e9fis \u00e0 relever, chaque r\u00e9sident m\u00e9rite d'\u00eatre ma\u00eetre de sa vie. Vous pouvez contribuer \u00e0 renforcer les r\u00e9sidents de Houten en examinant avec eux les possibilit\u00e9s de leur environnement de vie et en les aidant \u00e0 apporter des changements, petits ou grands. Vous r\u00e9fl\u00e9chissez avec eux, mais vous leur donnez aussi la possibilit\u00e9 de s'orienter eux-m\u00eames. Ferez-vous la diff\u00e9rence et contribuerez-vous \u00e0 un environnement de vie o\u00f9 chacun est responsabilis\u00e9 ?<\/p>\n\n              <\/div>\n                              <div class=\"mt-7 mt-lg-7\">\n                  <a\n            href=\"https:\/\/www.sociaalteamhouten.nl\/fr\/werken-bij\/vacatures\/\"\n            tabindex=\"0\"\n        class=\"btn btn wp-block-image-text\"\n          >\n    Voir nos offres d'emploi\n    \n  <\/a>\n\n                  <\/div>\n                          <\/div>\n          <\/div>\n        <\/div>\n      <\/div>\n\n      \n      <div class=\"block--image-text__image\">\n        <div class=\"clip-wrapper\">\n          <figure\n        class=\"image wp-block-image-text\"\n        \n    >\n        <img decoding=\"async\"\n            class=\"image__img image-position--top\"\n            src=\"https:\/\/www.sociaalteamhouten.nl\/wp-content\/uploads\/2025\/07\/251A4514.webp\"\n            alt=\"\"\n            loading=\"lazy\"\n        \/>\n        \n    <\/figure>\n        <\/div>\n      <\/div>\n\n      <svg width=\"0\" height=\"0\" style=\"position:absolute\">\n        <defs>\n          <clippath id=\"clip-image-text\" clippathunits=\"objectBoundingBox\">\n            <path d=\"M0.764,0c0.087,0,0.165,0.011,0.235,0.036v0.964H0C0.122,0.274,0.337,0,0.764,0Z\"\/>\n          <\/clippath>\n          <clippath id=\"clip-mobile\" clippathunits=\"objectBoundingBox\">\n            <path d=\"M0.74,0c0.094,0,0.18,0.015,0.26,0.046v0.954H0v-0.383C0.173,0.183,0.41,0,0.74,0Z\"\/>\n          <\/clippath>\n        <\/defs>\n      <\/svg>\n    <\/section>\n\n\n<section class=\"block banner block--banner\">\n        <div class=\"container-fluid g-0\">\n            <div class=\"row\">\n                <div class=\"col-lg-5 mt-auto\">\n                    <figure\n        class=\"image block--banner__image\"\n        \n    >\n        <img decoding=\"async\"\n            class=\"image__img image-position--top\"\n            src=\"https:\/\/www.sociaalteamhouten.nl\/wp-content\/uploads\/2025\/07\/251A3923-e1751982140819.webp\"\n            alt=\"\"\n            loading=\"lazy\"\n        \/>\n        \n    <\/figure>\n                <\/div>\n                <svg width=\"0\" height=\"0\" viewbox=\"0 0 596 429\" xmlns=\"http:\/\/www.w3.org\/2000\/svg\" style=\"position: absolute;\">\n                    <clippath id=\"customClip\" clippathunits=\"objectBoundingBox\">\n                        <path d=\"M0.4854 0C0.6873 0 0.8243 0.162 0.9191 0.553L0.9192 0.553C0.9192 0.553 0.9191 0.553 0.9191 0.553V0.553C0.9497 0.6783 0.9796 0.8265 1 1H0V0.811C0.0957 0.232 0.244 0 0.4854 0Z\" \/>\n                    <\/clippath>\n                <\/svg>\n                <div class=\"col-lg-6 g-5 g-lg-0 offset-lg-1 align-content-lg-center order-first order-lg-last\">\n                    <div class=\"py-0 py-lg-10\">\n                        <h2 class=\"block--banner__title h2 d-none d-lg-block\" >Je veux travailler avec <br>discuter avec quelqu'un<\/h2>\n    <h2 class=\"block--banner__title h2 d-block d-lg-none\" >Je veux travailler avec <br>discuter avec quelqu'un<\/h2>\n                        <h4 class=\"mt-0 mt-lg-4\">Contactez nous<\/h4>\n                        <div class=\"block--banner__buttons mt-6 mt-lg-10\">\n                                                            <div>\n                                    <a tabindex=\"0\" class=\"btn\" href=\"tel:0306392250\">\n                                        <i class=\"icon icon-phone me-3\"><\/i>030 639 2250                                    <\/a>\n                                <\/div>\n                                <div>\n                                    <a tabindex=\"0\" class=\"btn\" href=\"mailto:info@sociaalteamhouten.nl\">\n                                        <i class=\"icon icon-email me-3\"><\/i>info@sociaalteamhouten.nl                                    <\/a>\n                                <\/div>\n                                                    <\/div>\n                    <\/div>\n                <\/div>\n            <\/div>\n        <\/div>\n    <\/section>","protected":false},"excerpt":{"rendered":"","protected":false},"author":1,"featured_media":0,"parent":0,"menu_order":18,"comment_status":"closed","ping_status":"closed","template":"","meta":{"_acf_changed":false,"footnotes":""},"class_list":["post-23","page","type-page","status-publish","hentry"],"acf":[],"yoast_head":"<!-- This site is optimized with the Yoast SEO plugin v27.3 - https:\/\/yoast.com\/product\/yoast-seo-wordpress\/ -->\n<title>Werken bij - Sociaal Team Houten<\/title>\n<meta name=\"description\" content=\"Bij het Sociaal Team Houten zien we verandering niet als een probleem, maar een uitdaging die we aangaan. Samen kijken we naar wat w\u00e9l kan. - Werken bij\" \/>\n<meta name=\"robots\" content=\"index, follow, max-snippet:-1, max-image-preview:large, max-video-preview:-1\" \/>\n<link rel=\"canonical\" href=\"https:\/\/www.sociaalteamhouten.nl\/fr\/werken-bij\/\" \/>\n<meta property=\"og:locale\" content=\"fr_FR\" \/>\n<meta property=\"og:type\" content=\"article\" \/>\n<meta property=\"og:title\" content=\"Werken bij - Sociaal Team Houten\" \/>\n<meta property=\"og:description\" content=\"Bij het Sociaal Team Houten zien we verandering niet als een probleem, maar een uitdaging die we aangaan. Samen kijken we naar wat w\u00e9l kan. - Werken bij\" \/>\n<meta property=\"og:url\" content=\"https:\/\/www.sociaalteamhouten.nl\/fr\/werken-bij\/\" \/>\n<meta property=\"og:site_name\" content=\"Sociaal Team Houten\" \/>\n<meta property=\"article:modified_time\" content=\"2026-01-28T10:20:48+00:00\" \/>\n<meta name=\"twitter:card\" content=\"summary_large_image\" \/>\n<meta name=\"twitter:label1\" content=\"Dur\u00e9e de lecture estim\u00e9e\" \/>\n\t<meta name=\"twitter:data1\" content=\"5 minutes\" \/>\n<script type=\"application\/ld+json\" class=\"yoast-schema-graph\">{\"@context\":\"https:\\\/\\\/schema.org\",\"@graph\":[{\"@type\":\"WebPage\",\"@id\":\"https:\\\/\\\/www.sociaalteamhouten.nl\\\/werken-bij\\\/\",\"url\":\"https:\\\/\\\/www.sociaalteamhouten.nl\\\/werken-bij\\\/\",\"name\":\"Werken bij - Sociaal Team Houten\",\"isPartOf\":{\"@id\":\"https:\\\/\\\/www.sociaalteamhouten.nl\\\/#website\"},\"datePublished\":\"2025-04-17T11:20:09+00:00\",\"dateModified\":\"2026-01-28T10:20:48+00:00\",\"description\":\"Bij het Sociaal Team Houten zien we verandering niet als een probleem, maar een uitdaging die we aangaan. Samen kijken we naar wat w\u00e9l kan. - Werken bij\",\"breadcrumb\":{\"@id\":\"https:\\\/\\\/www.sociaalteamhouten.nl\\\/werken-bij\\\/#breadcrumb\"},\"inLanguage\":\"fr-FR\",\"potentialAction\":[{\"@type\":\"ReadAction\",\"target\":[\"https:\\\/\\\/www.sociaalteamhouten.nl\\\/werken-bij\\\/\"]}]},{\"@type\":\"BreadcrumbList\",\"@id\":\"https:\\\/\\\/www.sociaalteamhouten.nl\\\/werken-bij\\\/#breadcrumb\",\"itemListElement\":[{\"@type\":\"ListItem\",\"position\":1,\"name\":\"Home\",\"item\":\"https:\\\/\\\/www.sociaalteamhouten.nl\\\/\"},{\"@type\":\"ListItem\",\"position\":2,\"name\":\"Werken bij\"}]},{\"@type\":\"WebSite\",\"@id\":\"https:\\\/\\\/www.sociaalteamhouten.nl\\\/#website\",\"url\":\"https:\\\/\\\/www.sociaalteamhouten.nl\\\/\",\"name\":\"Sociaal Team Houten\",\"description\":\"Samen verder\",\"publisher\":{\"@id\":\"https:\\\/\\\/www.sociaalteamhouten.nl\\\/#organization\"},\"potentialAction\":[{\"@type\":\"SearchAction\",\"target\":{\"@type\":\"EntryPoint\",\"urlTemplate\":\"https:\\\/\\\/www.sociaalteamhouten.nl\\\/?s={search_term_string}\"},\"query-input\":{\"@type\":\"PropertyValueSpecification\",\"valueRequired\":true,\"valueName\":\"search_term_string\"}}],\"inLanguage\":\"fr-FR\"},{\"@type\":\"Organization\",\"@id\":\"https:\\\/\\\/www.sociaalteamhouten.nl\\\/#organization\",\"name\":\"Sociaal Team Houten\",\"url\":\"https:\\\/\\\/www.sociaalteamhouten.nl\\\/\",\"logo\":{\"@type\":\"ImageObject\",\"inLanguage\":\"fr-FR\",\"@id\":\"https:\\\/\\\/www.sociaalteamhouten.nl\\\/#\\\/schema\\\/logo\\\/image\\\/\",\"url\":\"https:\\\/\\\/www.sociaalteamhouten.nl\\\/wp-content\\\/uploads\\\/2025\\\/04\\\/logo.svg\",\"contentUrl\":\"https:\\\/\\\/www.sociaalteamhouten.nl\\\/wp-content\\\/uploads\\\/2025\\\/04\\\/logo.svg\",\"caption\":\"Sociaal Team Houten\"},\"image\":{\"@id\":\"https:\\\/\\\/www.sociaalteamhouten.nl\\\/#\\\/schema\\\/logo\\\/image\\\/\"}}]}<\/script>\n<!-- \/ Yoast SEO plugin. -->","yoast_head_json":{"title":"Travailler \u00e0 - Social Team Houten","description":"Chez Sociaal Team Houten, nous ne consid\u00e9rons pas le changement comme un probl\u00e8me, mais comme un d\u00e9fi que nous relevons. Ensemble, nous examinons ce qui peut \u00eatre fait. - Travailler \u00e0","robots":{"index":"index","follow":"follow","max-snippet":"max-snippet:-1","max-image-preview":"max-image-preview:large","max-video-preview":"max-video-preview:-1"},"canonical":"https:\/\/www.sociaalteamhouten.nl\/fr\/werken-bij\/","og_locale":"fr_FR","og_type":"article","og_title":"Werken bij - Sociaal Team Houten","og_description":"Bij het Sociaal Team Houten zien we verandering niet als een probleem, maar een uitdaging die we aangaan. Samen kijken we naar wat w\u00e9l kan. - Werken bij","og_url":"https:\/\/www.sociaalteamhouten.nl\/fr\/werken-bij\/","og_site_name":"Sociaal Team Houten","article_modified_time":"2026-01-28T10:20:48+00:00","twitter_card":"summary_large_image","twitter_misc":{"Dur\u00e9e de lecture estim\u00e9e":"5 minutes"},"schema":{"@context":"https:\/\/schema.org","@graph":[{"@type":"WebPage","@id":"https:\/\/www.sociaalteamhouten.nl\/werken-bij\/","url":"https:\/\/www.sociaalteamhouten.nl\/werken-bij\/","name":"Travailler \u00e0 - Social Team Houten","isPartOf":{"@id":"https:\/\/www.sociaalteamhouten.nl\/#website"},"datePublished":"2025-04-17T11:20:09+00:00","dateModified":"2026-01-28T10:20:48+00:00","description":"Chez Sociaal Team Houten, nous ne consid\u00e9rons pas le changement comme un probl\u00e8me, mais comme un d\u00e9fi que nous relevons. Ensemble, nous examinons ce qui peut \u00eatre fait. - Travailler \u00e0","breadcrumb":{"@id":"https:\/\/www.sociaalteamhouten.nl\/werken-bij\/#breadcrumb"},"inLanguage":"fr-FR","potentialAction":[{"@type":"ReadAction","target":["https:\/\/www.sociaalteamhouten.nl\/werken-bij\/"]}]},{"@type":"BreadcrumbList","@id":"https:\/\/www.sociaalteamhouten.nl\/werken-bij\/#breadcrumb","itemListElement":[{"@type":"ListItem","position":1,"name":"Home","item":"https:\/\/www.sociaalteamhouten.nl\/"},{"@type":"ListItem","position":2,"name":"Werken bij"}]},{"@type":"WebSite","@id":"https:\/\/www.sociaalteamhouten.nl\/#website","url":"https:\/\/www.sociaalteamhouten.nl\/","name":"\u00c9quipe sociale de Houten","description":"Ensemble, nous poursuivons","publisher":{"@id":"https:\/\/www.sociaalteamhouten.nl\/#organization"},"potentialAction":[{"@type":"SearchAction","target":{"@type":"EntryPoint","urlTemplate":"https:\/\/www.sociaalteamhouten.nl\/?s={search_term_string}"},"query-input":{"@type":"PropertyValueSpecification","valueRequired":true,"valueName":"search_term_string"}}],"inLanguage":"fr-FR"},{"@type":"Organization","@id":"https:\/\/www.sociaalteamhouten.nl\/#organization","name":"\u00c9quipe sociale de Houten","url":"https:\/\/www.sociaalteamhouten.nl\/","logo":{"@type":"ImageObject","inLanguage":"fr-FR","@id":"https:\/\/www.sociaalteamhouten.nl\/#\/schema\/logo\/image\/","url":"https:\/\/www.sociaalteamhouten.nl\/wp-content\/uploads\/2025\/04\/logo.svg","contentUrl":"https:\/\/www.sociaalteamhouten.nl\/wp-content\/uploads\/2025\/04\/logo.svg","caption":"Sociaal Team Houten"},"image":{"@id":"https:\/\/www.sociaalteamhouten.nl\/#\/schema\/logo\/image\/"}}]}},"_links":{"self":[{"href":"https:\/\/www.sociaalteamhouten.nl\/fr\/wp-json\/wp\/v2\/pages\/23","targetHints":{"allow":["GET"]}}],"collection":[{"href":"https:\/\/www.sociaalteamhouten.nl\/fr\/wp-json\/wp\/v2\/pages"}],"about":[{"href":"https:\/\/www.sociaalteamhouten.nl\/fr\/wp-json\/wp\/v2\/types\/page"}],"author":[{"embeddable":true,"href":"https:\/\/www.sociaalteamhouten.nl\/fr\/wp-json\/wp\/v2\/users\/1"}],"replies":[{"embeddable":true,"href":"https:\/\/www.sociaalteamhouten.nl\/fr\/wp-json\/wp\/v2\/comments?post=23"}],"version-history":[{"count":46,"href":"https:\/\/www.sociaalteamhouten.nl\/fr\/wp-json\/wp\/v2\/pages\/23\/revisions"}],"predecessor-version":[{"id":1475,"href":"https:\/\/www.sociaalteamhouten.nl\/fr\/wp-json\/wp\/v2\/pages\/23\/revisions\/1475"}],"wp:attachment":[{"href":"https:\/\/www.sociaalteamhouten.nl\/fr\/wp-json\/wp\/v2\/media?parent=23"}],"curies":[{"name":"wp","href":"https:\/\/api.w.org\/{rel}","templated":true}]}}