{"id":25,"date":"2025-04-17T12:20:17","date_gmt":"2025-04-17T11:20:17","guid":{"rendered":"https:\/\/www.sociaalteamhouten.nl\/?page_id=25"},"modified":"2026-01-13T13:20:04","modified_gmt":"2026-01-13T12:20:04","slug":"jouw-weg-naar-de-juiste-hulp","status":"publish","type":"page","link":"https:\/\/www.sociaalteamhouten.nl\/fr\/jouw-weg-naar-de-juiste-hulp\/","title":{"rendered":"Votre chemin vers la bonne aide"},"content":{"rendered":"<section class=\"block page-header block--page-header\" data-strip-color=\"primary-light\">\n    <canvas id=\"headerCanvas\"><\/canvas>\n    <div class=\"block--page-header__content\">\n      <div class=\"container\">\n                <div class=\"row\">\n                      <div class=\"col-lg-3 d-flex justify-content-lg-end flex-column\">\n              <figure\n        class=\"image block--page-header__image-left d-none d-lg-block\"\n        \n    >\n        <img decoding=\"async\"\n            class=\"image__img image-position--center\"\n            src=\"https:\/\/www.sociaalteamhouten.nl\/wp-content\/uploads\/2025\/07\/251A3588-e1752055474208.webp\"\n            alt=\"\"\n            loading=\"lazy\"\n        \/>\n        \n    <\/figure>\n            <\/div>\n          \n          <div\n            class=\"col-lg-6 my-auto\"\n          >\n            <h1 class=\"block--page-header__title mb-0 h1 d-none d-lg-block\" >Votre chemin vers la bonne aide<\/h1>\n    <h1 class=\"block--page-header__title mb-0 h1 d-block d-lg-none\" >Votre chemin vers la bonne aide<\/h1>\n            \n            \n            <div class=\"text-wrapper block--page-header__text mt-8\">\n              <p>Parfois, on ne sait pas par o\u00f9 commencer, pour soi ou pour quelqu'un d'autre. Chez Social Team Houten, nous pensons que chacun m\u00e9rite d'\u00eatre ma\u00eetre de sa vie. C'est pourquoi votre chemin vers une solution commence par ce que vous voulez et pouvez faire vous-m\u00eame. Voyez d'abord ce que vous pouvez faire vous-m\u00eame, \u00e9ventuellement avec votre entourage. Ce n'est pas possible ? Dans ce cas, nous sommes l\u00e0 pour vous. Nous vous \u00e9coutons, nous r\u00e9fl\u00e9chissons avec vous et nous cherchons ensemble des solutions qui vous conviennent vraiment. Alors, mettez-vous au travail et avancez ensemble !<\/p>\n            <\/div>\n            \n            \n            \n            \n                      <\/div>\n                      <div class=\"col-xl-2 offset-xl-1 col-lg-3\">\n              <figure\n        class=\"image block--page-header__image-right mt-10 mt-lg-0 mx-auto\"\n        \n    >\n        <img decoding=\"async\"\n            class=\"image__img image-position--center\"\n            src=\"https:\/\/www.sociaalteamhouten.nl\/wp-content\/uploads\/2025\/07\/251A3779.webp\"\n            alt=\"\"\n            loading=\"lazy\"\n        \/>\n        \n    <\/figure>\n            <\/div>\n                  <\/div>\n      <\/div>\n    <\/div>\n  <\/section>\n\n\n<section class=\"block steps-swiper block--steps-swiper block--no-spacing-top block--double-spacing background-primary-light\">\n        <div class=\"container\">\n            <div class=\"row\">\n                <div class=\"col-lg-12\">\n                    <h2 class=\"mb-4 h2 d-none d-lg-block\" >L'itin\u00e9raire<\/h2>\n    <h2 class=\"mb-4 h2 d-block d-lg-none\" >L'itin\u00e9raire<\/h2>\n                <\/div>\n            <\/div>\n            <div class=\"block--steps-swiper__swiper swiper-box\">\n                <div class=\"swiper-wrapper\">\n                                            <div class=\"swiper-slide block--steps-swiper__card d-flex flex-column h-100\">\n                            <div class=\"block--steps-swiper__card-header h4\">\n                                                                    <img decoding=\"async\" src=\"https:\/\/www.sociaalteamhouten.nl\/wp-content\/uploads\/2025\/06\/treden.svg\" alt=\"\" class=\"block--steps-swiper__icon\" \/>\n                                                                                                    <div class=\"block--steps-swiper__title\">\u00c9tape 1 : Faire le premier pas<\/div>\n                                                            <\/div>\n                                                            <div class=\"block--steps-swiper__description text-wrapper\"><p>Voyez ce que vous pouvez faire vous-m\u00eame, pour vous-m\u00eame ou pour un proche. Une bonne conversation avec un ami ou un voisin vous aidera peut-\u00eatre. Vous trouverez \u00e9galement sur nos pages th\u00e9matiques des outils et des id\u00e9es qui vous aideront \u00e0 aller plus loin. Les petits pas font souvent une grande diff\u00e9rence. Vous avez le contr\u00f4le.<\/p>\n<\/div>\n                                                                                                            <\/div>\n                                            <div class=\"swiper-slide block--steps-swiper__card d-flex flex-column h-100\">\n                            <div class=\"block--steps-swiper__card-header h4\">\n                                                                    <img decoding=\"async\" src=\"https:\/\/www.sociaalteamhouten.nl\/wp-content\/uploads\/2025\/06\/samen.svg\" alt=\"\" class=\"block--steps-swiper__icon\" \/>\n                                                                                                    <div class=\"block--steps-swiper__title\">\u00c9tape 2 : Aller de l'avant ensemble<\/div>\n                                                            <\/div>\n                                                            <div class=\"block--steps-swiper__description text-wrapper\"><p>Vous n'y arrivez pas vous-m\u00eame ? Dans ce cas, nous serons heureux d'y r\u00e9fl\u00e9chir avec vous. Nous \u00e9coutons votre histoire, r\u00e9fl\u00e9chissons \u00e0 ce dont vous avez besoin et impliquons votre r\u00e9seau dans la mesure du possible. Ensemble, nous examinons quel soutien convient le mieux \u00e0 votre situation.<\/p>\n<p>Wil je bij het gesprek met het Sociaal Team Houten ondersteuning van een onafhankelijk persoon, dan is dit mogelijk via een cli\u00ebntondersteuner. Deze ondersteuning is gratis. Zie voor meer informatie onderstaande knop.<\/p>\n<\/div>\n                                                                                        <div class=\"block--steps-swiper__buttons mt-4 mb-5\">\n                                                                            <a\n            href=\"https:\/\/www.houten.nl\/zorg-onderwijs-en-inkomen\/zorg-en-gezondheid\/clientondersteuning\"\n                aria-label=\"Ouvrir dans un nouvel onglet\"\n        tabindex=\"0\"\n            target=\"_blank\"\n        class=\"btn btn me-2 mb-3\"\n          >\n    Cli\u00ebntondersteuning\n    \n  <\/a>\n\n                                                                      <\/div>\n                                                                                <\/div>\n                                            <div class=\"swiper-slide block--steps-swiper__card d-flex flex-column h-100\">\n                            <div class=\"block--steps-swiper__card-header h4\">\n                                                                    <img decoding=\"async\" src=\"https:\/\/www.sociaalteamhouten.nl\/wp-content\/uploads\/2025\/06\/raket2.svg\" alt=\"\" class=\"block--steps-swiper__icon\" \/>\n                                                                                                    <div class=\"block--steps-swiper__title\">\u00c9tape 3 : D\u00e9marrage<\/div>\n                                                            <\/div>\n                                                            <div class=\"block--steps-swiper__description text-wrapper\"><p>Nous \u00e9laborons ensemble un plan et nous nous mettons au travail de mani\u00e8re concr\u00e8te. Avec un soutien sur mesure. Aussi court que possible, plus long si n\u00e9cessaire. Nous restons en contact et prenons du recul d\u00e8s que vous pouvez continuer seul. Ainsi, vous gardez le contr\u00f4le de votre vie.<\/p>\n<\/div>\n                                                                                                            <\/div>\n                                    <\/div>\n                <div class=\"mt-4\">\n                    <div class=\"d-flex align-items-center\">\n            <div class=\"swiper-scrollbar block--steps-swiper__swiper__nav-swiper-scrollbar me-5 flex-grow-1\">\n            <div class=\"swiper-progress-bar\"><\/div>\n        <\/div>\n        <div class=\"swiper-controls d-flex wp-block-steps-swiper\">\n        <div tabindex=\"-1\" class=\"me-1 swiper-button swiper-button--prev block--steps-swiper__swiper__nav block--steps-swiper__swiper__nav-swiper-button--prev\" aria-label=\"Diapositive pr\u00e9c\u00e9dente\">\n            <i class=\"icon icon-arrow\"><\/i>\n        <\/div>\n        <div tabindex=\"-1\" class=\"swiper-button swiper-button--next block--steps-swiper__swiper__nav block--steps-swiper__swiper__nav-swiper-button--next\" aria-label=\"Diapositive suivante\">\n            <i class=\"icon icon-arrow\"><\/i>\n        <\/div>\n    <\/div>\n<\/div>\n                <\/div>\n            <\/div>\n        <\/div>\n    <\/section>\n\n\n<section class=\"block image block--image\">\n            <figure\n        class=\"image wp-block-image\"\n        \n    >\n        <img decoding=\"async\"\n            class=\"image__img image-position--center\"\n            src=\"https:\/\/www.sociaalteamhouten.nl\/wp-content\/uploads\/2025\/07\/251A3360-e1752062755815.webp\"\n            alt=\"\"\n            loading=\"lazy\"\n        \/>\n        \n    <\/figure>\n        <\/section>\n    \n\n<section class=\"block banner block--banner\">\n        <div class=\"container-fluid g-0\">\n            <div class=\"row\">\n                <div class=\"col-lg-5 mt-auto\">\n                    <figure\n        class=\"image block--banner__image\"\n        \n    >\n        <img decoding=\"async\"\n            class=\"image__img image-position--top\"\n            src=\"https:\/\/www.sociaalteamhouten.nl\/wp-content\/uploads\/2025\/07\/251A3923-e1751982140819.webp\"\n            alt=\"\"\n            loading=\"lazy\"\n        \/>\n        \n    <\/figure>\n                <\/div>\n                <svg width=\"0\" height=\"0\" viewbox=\"0 0 596 429\" xmlns=\"http:\/\/www.w3.org\/2000\/svg\" style=\"position: absolute;\">\n                    <clippath id=\"customClip\" clippathunits=\"objectBoundingBox\">\n                        <path d=\"M0.4854 0C0.6873 0 0.8243 0.162 0.9191 0.553L0.9192 0.553C0.9192 0.553 0.9191 0.553 0.9191 0.553V0.553C0.9497 0.6783 0.9796 0.8265 1 1H0V0.811C0.0957 0.232 0.244 0 0.4854 0Z\" \/>\n                    <\/clippath>\n                <\/svg>\n                <div class=\"col-lg-6 g-5 g-lg-0 offset-lg-1 align-content-lg-center order-first order-lg-last\">\n                    <div class=\"py-0 py-lg-10\">\n                        <h2 class=\"block--banner__title h2 d-none d-lg-block\" >Je veux travailler avec <br>discuter avec quelqu'un<\/h2>\n    <h2 class=\"block--banner__title h2 d-block d-lg-none\" >Je veux travailler avec <br>discuter avec quelqu'un<\/h2>\n                        <h4 class=\"mt-0 mt-lg-4\">Contactez nous<\/h4>\n                        <div class=\"block--banner__buttons mt-6 mt-lg-10\">\n                                                            <div>\n                                    <a tabindex=\"0\" class=\"btn\" href=\"tel:0306392250\">\n                                        <i class=\"icon icon-phone me-3\"><\/i>030 639 2250                                    <\/a>\n                                <\/div>\n                                <div>\n                                    <a tabindex=\"0\" class=\"btn\" href=\"mailto:info@sociaalteamhouten.nl\">\n                                        <i class=\"icon icon-email me-3\"><\/i>info@sociaalteamhouten.nl                                    <\/a>\n                                <\/div>\n                                                    <\/div>\n                    <\/div>\n                <\/div>\n            <\/div>\n        <\/div>\n    <\/section>","protected":false},"excerpt":{"rendered":"","protected":false},"author":1,"featured_media":0,"parent":0,"menu_order":12,"comment_status":"closed","ping_status":"closed","template":"","meta":{"_acf_changed":false,"footnotes":""},"class_list":["post-25","page","type-page","status-publish","hentry"],"acf":[],"yoast_head":"<!-- This site is optimized with the Yoast SEO plugin v27.3 - https:\/\/yoast.com\/product\/yoast-seo-wordpress\/ -->\n<title>Jouw weg naar de juiste hulp - Sociaal Team Houten<\/title>\n<meta name=\"description\" content=\"Bij het Sociaal Team Houten zien we verandering niet als een probleem, maar een uitdaging die we aangaan. Samen kijken we naar wat w\u00e9l kan. - Jouw weg naar de juiste hulp\" \/>\n<meta name=\"robots\" content=\"index, follow, max-snippet:-1, max-image-preview:large, max-video-preview:-1\" \/>\n<link rel=\"canonical\" href=\"https:\/\/www.sociaalteamhouten.nl\/fr\/jouw-weg-naar-de-juiste-hulp\/\" \/>\n<meta property=\"og:locale\" content=\"fr_FR\" \/>\n<meta property=\"og:type\" content=\"article\" \/>\n<meta property=\"og:title\" content=\"Jouw weg naar de juiste hulp - Sociaal Team Houten\" \/>\n<meta property=\"og:description\" content=\"Bij het Sociaal Team Houten zien we verandering niet als een probleem, maar een uitdaging die we aangaan. Samen kijken we naar wat w\u00e9l kan. - Jouw weg naar de juiste hulp\" \/>\n<meta property=\"og:url\" content=\"https:\/\/www.sociaalteamhouten.nl\/fr\/jouw-weg-naar-de-juiste-hulp\/\" \/>\n<meta property=\"og:site_name\" content=\"Sociaal Team Houten\" \/>\n<meta property=\"article:modified_time\" content=\"2026-01-13T12:20:04+00:00\" \/>\n<meta name=\"twitter:card\" content=\"summary_large_image\" \/>\n<meta name=\"twitter:label1\" content=\"Dur\u00e9e de lecture estim\u00e9e\" \/>\n\t<meta name=\"twitter:data1\" content=\"3 minutes\" \/>\n<script type=\"application\/ld+json\" class=\"yoast-schema-graph\">{\"@context\":\"https:\\\/\\\/schema.org\",\"@graph\":[{\"@type\":\"WebPage\",\"@id\":\"https:\\\/\\\/www.sociaalteamhouten.nl\\\/jouw-weg-naar-de-juiste-hulp\\\/\",\"url\":\"https:\\\/\\\/www.sociaalteamhouten.nl\\\/jouw-weg-naar-de-juiste-hulp\\\/\",\"name\":\"Jouw weg naar de juiste hulp - Sociaal Team Houten\",\"isPartOf\":{\"@id\":\"https:\\\/\\\/www.sociaalteamhouten.nl\\\/#website\"},\"datePublished\":\"2025-04-17T11:20:17+00:00\",\"dateModified\":\"2026-01-13T12:20:04+00:00\",\"description\":\"Bij het Sociaal Team Houten zien we verandering niet als een probleem, maar een uitdaging die we aangaan. Samen kijken we naar wat w\u00e9l kan. - Jouw weg naar de juiste hulp\",\"breadcrumb\":{\"@id\":\"https:\\\/\\\/www.sociaalteamhouten.nl\\\/jouw-weg-naar-de-juiste-hulp\\\/#breadcrumb\"},\"inLanguage\":\"fr-FR\",\"potentialAction\":[{\"@type\":\"ReadAction\",\"target\":[\"https:\\\/\\\/www.sociaalteamhouten.nl\\\/jouw-weg-naar-de-juiste-hulp\\\/\"]}]},{\"@type\":\"BreadcrumbList\",\"@id\":\"https:\\\/\\\/www.sociaalteamhouten.nl\\\/jouw-weg-naar-de-juiste-hulp\\\/#breadcrumb\",\"itemListElement\":[{\"@type\":\"ListItem\",\"position\":1,\"name\":\"Home\",\"item\":\"https:\\\/\\\/www.sociaalteamhouten.nl\\\/\"},{\"@type\":\"ListItem\",\"position\":2,\"name\":\"Jouw weg naar de juiste hulp\"}]},{\"@type\":\"WebSite\",\"@id\":\"https:\\\/\\\/www.sociaalteamhouten.nl\\\/#website\",\"url\":\"https:\\\/\\\/www.sociaalteamhouten.nl\\\/\",\"name\":\"Sociaal Team Houten\",\"description\":\"Samen verder\",\"publisher\":{\"@id\":\"https:\\\/\\\/www.sociaalteamhouten.nl\\\/#organization\"},\"potentialAction\":[{\"@type\":\"SearchAction\",\"target\":{\"@type\":\"EntryPoint\",\"urlTemplate\":\"https:\\\/\\\/www.sociaalteamhouten.nl\\\/?s={search_term_string}\"},\"query-input\":{\"@type\":\"PropertyValueSpecification\",\"valueRequired\":true,\"valueName\":\"search_term_string\"}}],\"inLanguage\":\"fr-FR\"},{\"@type\":\"Organization\",\"@id\":\"https:\\\/\\\/www.sociaalteamhouten.nl\\\/#organization\",\"name\":\"Sociaal Team Houten\",\"url\":\"https:\\\/\\\/www.sociaalteamhouten.nl\\\/\",\"logo\":{\"@type\":\"ImageObject\",\"inLanguage\":\"fr-FR\",\"@id\":\"https:\\\/\\\/www.sociaalteamhouten.nl\\\/#\\\/schema\\\/logo\\\/image\\\/\",\"url\":\"https:\\\/\\\/www.sociaalteamhouten.nl\\\/wp-content\\\/uploads\\\/2025\\\/04\\\/logo.svg\",\"contentUrl\":\"https:\\\/\\\/www.sociaalteamhouten.nl\\\/wp-content\\\/uploads\\\/2025\\\/04\\\/logo.svg\",\"caption\":\"Sociaal Team Houten\"},\"image\":{\"@id\":\"https:\\\/\\\/www.sociaalteamhouten.nl\\\/#\\\/schema\\\/logo\\\/image\\\/\"}}]}<\/script>\n<!-- \/ Yoast SEO plugin. -->","yoast_head_json":{"title":"Votre chemin vers la bonne aide - Social Team Houten","description":"Chez Sociaal Team Houten, nous ne consid\u00e9rons pas le changement comme un probl\u00e8me, mais comme un d\u00e9fi que nous relevons. Ensemble, nous examinons ce qui peut \u00eatre fait. - Votre chemin vers la bonne aide","robots":{"index":"index","follow":"follow","max-snippet":"max-snippet:-1","max-image-preview":"max-image-preview:large","max-video-preview":"max-video-preview:-1"},"canonical":"https:\/\/www.sociaalteamhouten.nl\/fr\/jouw-weg-naar-de-juiste-hulp\/","og_locale":"fr_FR","og_type":"article","og_title":"Jouw weg naar de juiste hulp - Sociaal Team Houten","og_description":"Bij het Sociaal Team Houten zien we verandering niet als een probleem, maar een uitdaging die we aangaan. Samen kijken we naar wat w\u00e9l kan. - Jouw weg naar de juiste hulp","og_url":"https:\/\/www.sociaalteamhouten.nl\/fr\/jouw-weg-naar-de-juiste-hulp\/","og_site_name":"Sociaal Team Houten","article_modified_time":"2026-01-13T12:20:04+00:00","twitter_card":"summary_large_image","twitter_misc":{"Dur\u00e9e de lecture estim\u00e9e":"3 minutes"},"schema":{"@context":"https:\/\/schema.org","@graph":[{"@type":"WebPage","@id":"https:\/\/www.sociaalteamhouten.nl\/jouw-weg-naar-de-juiste-hulp\/","url":"https:\/\/www.sociaalteamhouten.nl\/jouw-weg-naar-de-juiste-hulp\/","name":"Votre chemin vers la bonne aide - Social Team Houten","isPartOf":{"@id":"https:\/\/www.sociaalteamhouten.nl\/#website"},"datePublished":"2025-04-17T11:20:17+00:00","dateModified":"2026-01-13T12:20:04+00:00","description":"Chez Sociaal Team Houten, nous ne consid\u00e9rons pas le changement comme un probl\u00e8me, mais comme un d\u00e9fi que nous relevons. Ensemble, nous examinons ce qui peut \u00eatre fait. - Votre chemin vers la bonne aide","breadcrumb":{"@id":"https:\/\/www.sociaalteamhouten.nl\/jouw-weg-naar-de-juiste-hulp\/#breadcrumb"},"inLanguage":"fr-FR","potentialAction":[{"@type":"ReadAction","target":["https:\/\/www.sociaalteamhouten.nl\/jouw-weg-naar-de-juiste-hulp\/"]}]},{"@type":"BreadcrumbList","@id":"https:\/\/www.sociaalteamhouten.nl\/jouw-weg-naar-de-juiste-hulp\/#breadcrumb","itemListElement":[{"@type":"ListItem","position":1,"name":"Home","item":"https:\/\/www.sociaalteamhouten.nl\/"},{"@type":"ListItem","position":2,"name":"Jouw weg naar de juiste hulp"}]},{"@type":"WebSite","@id":"https:\/\/www.sociaalteamhouten.nl\/#website","url":"https:\/\/www.sociaalteamhouten.nl\/","name":"\u00c9quipe sociale de Houten","description":"Ensemble, nous poursuivons","publisher":{"@id":"https:\/\/www.sociaalteamhouten.nl\/#organization"},"potentialAction":[{"@type":"SearchAction","target":{"@type":"EntryPoint","urlTemplate":"https:\/\/www.sociaalteamhouten.nl\/?s={search_term_string}"},"query-input":{"@type":"PropertyValueSpecification","valueRequired":true,"valueName":"search_term_string"}}],"inLanguage":"fr-FR"},{"@type":"Organization","@id":"https:\/\/www.sociaalteamhouten.nl\/#organization","name":"\u00c9quipe sociale de Houten","url":"https:\/\/www.sociaalteamhouten.nl\/","logo":{"@type":"ImageObject","inLanguage":"fr-FR","@id":"https:\/\/www.sociaalteamhouten.nl\/#\/schema\/logo\/image\/","url":"https:\/\/www.sociaalteamhouten.nl\/wp-content\/uploads\/2025\/04\/logo.svg","contentUrl":"https:\/\/www.sociaalteamhouten.nl\/wp-content\/uploads\/2025\/04\/logo.svg","caption":"Sociaal Team Houten"},"image":{"@id":"https:\/\/www.sociaalteamhouten.nl\/#\/schema\/logo\/image\/"}}]}},"_links":{"self":[{"href":"https:\/\/www.sociaalteamhouten.nl\/fr\/wp-json\/wp\/v2\/pages\/25","targetHints":{"allow":["GET"]}}],"collection":[{"href":"https:\/\/www.sociaalteamhouten.nl\/fr\/wp-json\/wp\/v2\/pages"}],"about":[{"href":"https:\/\/www.sociaalteamhouten.nl\/fr\/wp-json\/wp\/v2\/types\/page"}],"author":[{"embeddable":true,"href":"https:\/\/www.sociaalteamhouten.nl\/fr\/wp-json\/wp\/v2\/users\/1"}],"replies":[{"embeddable":true,"href":"https:\/\/www.sociaalteamhouten.nl\/fr\/wp-json\/wp\/v2\/comments?post=25"}],"version-history":[{"count":15,"href":"https:\/\/www.sociaalteamhouten.nl\/fr\/wp-json\/wp\/v2\/pages\/25\/revisions"}],"predecessor-version":[{"id":1468,"href":"https:\/\/www.sociaalteamhouten.nl\/fr\/wp-json\/wp\/v2\/pages\/25\/revisions\/1468"}],"wp:attachment":[{"href":"https:\/\/www.sociaalteamhouten.nl\/fr\/wp-json\/wp\/v2\/media?parent=25"}],"curies":[{"name":"wp","href":"https:\/\/api.w.org\/{rel}","templated":true}]}}