{"id":326,"date":"2025-06-23T08:09:43","date_gmt":"2025-06-23T07:09:43","guid":{"rendered":"https:\/\/www.sociaalteamhouten.nl\/?page_id=326"},"modified":"2025-12-01T13:59:37","modified_gmt":"2025-12-01T12:59:37","slug":"klachtenbehandeling","status":"publish","type":"page","link":"https:\/\/www.sociaalteamhouten.nl\/fr\/klachtenbehandeling\/","title":{"rendered":"Traitement des plaintes"},"content":{"rendered":"<section class=\"block page-header block--page-header\" data-strip-color=\"primary-light\">\n    <canvas id=\"headerCanvas\"><\/canvas>\n    <div class=\"block--page-header__content\">\n      <div class=\"container\">\n                <div class=\"row\">\n                      <div class=\"col-lg-3 d-flex justify-content-lg-end flex-column\">\n              <figure\n        class=\"image block--page-header__image-left d-none d-lg-block\"\n        \n    >\n        <img decoding=\"async\"\n            class=\"image__img image-position--center\"\n            src=\"https:\/\/www.sociaalteamhouten.nl\/wp-content\/uploads\/2025\/07\/251A3874.webp\"\n            alt=\"\"\n            loading=\"lazy\"\n        \/>\n        \n    <\/figure>\n            <\/div>\n          \n          <div\n            class=\"col-lg-6 my-auto\"\n          >\n            <h1 class=\"block--page-header__title mb-0 h1 d-none d-lg-block\" >Faire entendre sa voix, \u00e9tape par \u00e9tape<\/h1>\n    <h1 class=\"block--page-header__title mb-0 h1 d-block d-lg-none\" >Faire entendre sa voix, \u00e9tape par \u00e9tape<\/h1>\n            \n            \n            <div class=\"text-wrapper block--page-header__text mt-8\">\n              <p>Il est important pour nous que vous soyez satisfait de notre soutien. Vous avez une id\u00e9e pour am\u00e9liorer nos services ? Ou vous rencontrez un probl\u00e8me ? N'h\u00e9sitez pas \u00e0 nous en faire part ! Nous chercherons ensemble une solution ou une am\u00e9lioration. Nous sommes \u00e0 l'\u00e9coute de votre exp\u00e9rience et prenons tous les commentaires au s\u00e9rieux, car nous voulons que notre assistance r\u00e9ponde \u00e0 vos besoins. Suivez les \u00e9tapes ci-dessous pour soumettre votre commentaire ou votre plainte.<\/p>\n            <\/div>\n            \n            \n            \n            \n                      <\/div>\n                      <div class=\"col-xl-2 offset-xl-1 col-lg-3\">\n              <figure\n        class=\"image block--page-header__image-right mt-10 mt-lg-0 mx-auto\"\n        \n    >\n        <img decoding=\"async\"\n            class=\"image__img image-position--center\"\n            src=\"https:\/\/www.sociaalteamhouten.nl\/wp-content\/uploads\/2025\/07\/251A4085.webp\"\n            alt=\"\"\n            loading=\"lazy\"\n        \/>\n        \n    <\/figure>\n            <\/div>\n                  <\/div>\n      <\/div>\n    <\/div>\n  <\/section>\n\n\n<section class=\"block steps-swiper block--steps-swiper block--no-spacing-top block--double-spacing background-primary-light\">\n        <div class=\"container\">\n            <div class=\"row\">\n                <div class=\"col-lg-12\">\n                    <h2 class=\"mb-4 h2 d-none d-lg-block\" >Feuille de route pour le traitement des plaintes<\/h2>\n    <h2 class=\"mb-4 h2 d-block d-lg-none\" >Feuille de route pour le traitement des plaintes<\/h2>\n                <\/div>\n            <\/div>\n            <div class=\"block--steps-swiper__swiper swiper-box\">\n                <div class=\"swiper-wrapper\">\n                                            <div class=\"swiper-slide block--steps-swiper__card d-flex flex-column h-100\">\n                            <div class=\"block--steps-swiper__card-header h4\">\n                                                                    <img decoding=\"async\" src=\"https:\/\/www.sociaalteamhouten.nl\/wp-content\/uploads\/2025\/06\/lamp.svg\" alt=\"\" class=\"block--steps-swiper__icon\" \/>\n                                                                                                    <div class=\"block--steps-swiper__title\">\u00c9tape 1 : Id\u00e9e ou suggestion ?<\/div>\n                                                            <\/div>\n                                                            <div class=\"block--steps-swiper__description text-wrapper\"><p>Vous avez une id\u00e9e pour am\u00e9liorer nos services ?<br \/>\nFaites-nous part de vos r\u00e9flexions.<\/p>\n<\/div>\n                                                                                        <div class=\"block--steps-swiper__buttons mt-4 mb-5\">\n                                                                            <a\n            href=\"mailto:secretariaat@sociaalteamhouten.nl?subject=Klacht\"\n            tabindex=\"0\"\n        class=\"btn btn me-2 mb-3\"\n          >\n    Donnez votre avis\n    \n  <\/a>\n\n                                                                      <\/div>\n                                                                                        <div class=\"block--steps-swiper__under\">\n                                    <p>Est-ce plus qu'une suggestion et cela tend-il vers une plainte ? Passez \u00e0 l'\u00e9tape 2.<\/p>\n\n                                <\/div>\n                                                    <\/div>\n                                            <div class=\"swiper-slide block--steps-swiper__card d-flex flex-column h-100\">\n                            <div class=\"block--steps-swiper__card-header h4\">\n                                                                    <img decoding=\"async\" src=\"https:\/\/www.sociaalteamhouten.nl\/wp-content\/uploads\/2025\/06\/spraak.svg\" alt=\"\" class=\"block--steps-swiper__icon\" \/>\n                                                                                                    <div class=\"block--steps-swiper__title\">\u00c9tape 2 : Discutez-en avec votre professionnel de la sant\u00e9<\/div>\n                                                            <\/div>\n                                                            <div class=\"block--steps-swiper__description text-wrapper\"><p>Contactez votre professionnel de la sant\u00e9.<br \/>\nEnsemble, nous examinons ce qui se passe et trouvons une solution.<\/p>\n<\/div>\n                                                                                                                    <div class=\"block--steps-swiper__under\">\n                                    <p>Vous pr\u00e9f\u00e9rez un entretien ind\u00e9pendant ? Passez \u00e0 l'\u00e9tape 3.<\/p>\n\n                                <\/div>\n                                                    <\/div>\n                                            <div class=\"swiper-slide block--steps-swiper__card d-flex flex-column h-100\">\n                            <div class=\"block--steps-swiper__card-header h4\">\n                                                                    <img decoding=\"async\" src=\"https:\/\/www.sociaalteamhouten.nl\/wp-content\/uploads\/2025\/06\/weeg.svg\" alt=\"\" class=\"block--steps-swiper__icon\" \/>\n                                                                                                    <div class=\"block--steps-swiper__title\">\u00c9tape 3 : Soutien ind\u00e9pendant<\/div>\n                                                            <\/div>\n                                                            <div class=\"block--steps-swiper__description text-wrapper\"><p>De ombudsfunctionaris helpt je verder en maakt onderdeel uit van de gemeente.<\/p>\n<\/div>\n                                                                                                                    <div class=\"block--steps-swiper__under\">\n                                    <p>Insuffisamment r\u00e9solu ? Passez \u00e0 l'\u00e9tape 4.<\/p>\n\n                                <\/div>\n                                                    <\/div>\n                                            <div class=\"swiper-slide block--steps-swiper__card d-flex flex-column h-100\">\n                            <div class=\"block--steps-swiper__card-header h4\">\n                                                                                                    <div class=\"block--steps-swiper__title\">\u00c9tape 4 : D\u00e9p\u00f4t d'une plainte formelle<\/div>\n                                                            <\/div>\n                                                            <div class=\"block--steps-swiper__description text-wrapper\"><p>Les plaintes peuvent \u00eatre soumises via les options ci-dessous ou par lettre \u00e0 Stichting Sociaal Team Houten, PO Box 30, 3990 DA Houten.<\/p>\n<\/div>\n                                                                                        <div class=\"block--steps-swiper__buttons mt-4 mb-5\">\n                                                                            <a\n            href=\"mailto:secretariaat@sociaalteamhouten.nl?subject=Klacht\"\n            tabindex=\"0\"\n        class=\"btn btn me-2 mb-3\"\n          >\n    Mail naar secretariaat@sociaalteamhouten.nl\n    \n  <\/a>\n\n                                                                      <\/div>\n                                                                                        <div class=\"block--steps-swiper__under\">\n                                    <p>Vous avez des difficult\u00e9s \u00e0 effectuer cette proc\u00e9dure seul ? Passez alors \u00e0 l'\u00e9tape 5.<\/p>\n\n                                <\/div>\n                                                    <\/div>\n                                            <div class=\"swiper-slide block--steps-swiper__card d-flex flex-column h-100\">\n                            <div class=\"block--steps-swiper__card-header h4\">\n                                                                                                    <div class=\"block--steps-swiper__title\">\u00c9tape 5 : Besoin d'aide ?<\/div>\n                                                            <\/div>\n                                                            <div class=\"block--steps-swiper__description text-wrapper\"><p>Un confident ou un client supporter sera heureux de vous aider !<br \/>\nCliquez sur <a href=\"https:\/\/www.houten.nl\/zorg-onderwijs-en-inkomen\/zorg-en-gezondheid\/clientondersteuning\">ici<\/a>.<\/p>\n<p>&nbsp;<\/p>\n<\/div>\n                                                                                                                    <div class=\"block--steps-swiper__under\">\n                                    <p>Jongere? Via <a href=\"https:\/\/jeugdstem.nl\/\" target=\"_blank\" rel=\"noopener\">JeugdStem<\/a> staat er ondersteuning voor je klaar. Bel <a href=\"tel:088-5551000\">088-5551000<\/a><\/p>\n\n                                <\/div>\n                                                    <\/div>\n                                            <div class=\"swiper-slide block--steps-swiper__card d-flex flex-column h-100\">\n                            <div class=\"block--steps-swiper__card-header h4\">\n                                                                                                    <div class=\"block--steps-swiper__title\">\u00c9tape 6 : Formuler une objection<\/div>\n                                                            <\/div>\n                                                            <div class=\"block--steps-swiper__description text-wrapper\"><p>Vous n'\u00eates pas d'accord avec une d\u00e9cision officielle ? Introduisez une objection aupr\u00e8s de la commune de Houten dans un d\u00e9lai de 6 semaines.<\/p>\n<\/div>\n                                                                                                                    <div class=\"block--steps-swiper__under\">\n                                    <p>De klachtencommissie behandelt je bezwaar en deelt haar bevinden met jou en het Sociaal Team Houten.<\/p>\n\n                                <\/div>\n                                                    <\/div>\n                                    <\/div>\n                <div class=\"mt-4\">\n                    <div class=\"d-flex align-items-center\">\n            <div class=\"swiper-scrollbar block--steps-swiper__swiper__nav-swiper-scrollbar me-5 flex-grow-1\">\n            <div class=\"swiper-progress-bar\"><\/div>\n        <\/div>\n        <div class=\"swiper-controls d-flex wp-block-steps-swiper\">\n        <div tabindex=\"-1\" class=\"me-1 swiper-button swiper-button--prev block--steps-swiper__swiper__nav block--steps-swiper__swiper__nav-swiper-button--prev\" aria-label=\"Diapositive pr\u00e9c\u00e9dente\">\n            <i class=\"icon icon-arrow\"><\/i>\n        <\/div>\n        <div tabindex=\"-1\" class=\"swiper-button swiper-button--next block--steps-swiper__swiper__nav block--steps-swiper__swiper__nav-swiper-button--next\" aria-label=\"Diapositive suivante\">\n            <i class=\"icon icon-arrow\"><\/i>\n        <\/div>\n    <\/div>\n<\/div>\n                <\/div>\n            <\/div>\n        <\/div>\n    <\/section>\n\n\n<section class=\"block image block--image\">\n            <figure\n        class=\"image wp-block-image\"\n        \n    >\n        <img decoding=\"async\"\n            class=\"image__img image-position--center\"\n            src=\"https:\/\/www.sociaalteamhouten.nl\/wp-content\/uploads\/2025\/07\/251A3418-e1752051075100.webp\"\n            alt=\"\"\n            loading=\"lazy\"\n        \/>\n        \n    <\/figure>\n        <\/section>\n    \n\n<section class=\"block banner block--banner\">\n        <div class=\"container-fluid g-0\">\n            <div class=\"row\">\n                <div class=\"col-lg-5 mt-auto\">\n                    <figure\n        class=\"image block--banner__image\"\n        \n    >\n        <img decoding=\"async\"\n            class=\"image__img image-position--top\"\n            src=\"https:\/\/www.sociaalteamhouten.nl\/wp-content\/uploads\/2025\/07\/251A3923-e1751982140819.webp\"\n            alt=\"\"\n            loading=\"lazy\"\n        \/>\n        \n    <\/figure>\n                <\/div>\n                <svg width=\"0\" height=\"0\" viewbox=\"0 0 596 429\" xmlns=\"http:\/\/www.w3.org\/2000\/svg\" style=\"position: absolute;\">\n                    <clippath id=\"customClip\" clippathunits=\"objectBoundingBox\">\n                        <path d=\"M0.4854 0C0.6873 0 0.8243 0.162 0.9191 0.553L0.9192 0.553C0.9192 0.553 0.9191 0.553 0.9191 0.553V0.553C0.9497 0.6783 0.9796 0.8265 1 1H0V0.811C0.0957 0.232 0.244 0 0.4854 0Z\" \/>\n                    <\/clippath>\n                <\/svg>\n                <div class=\"col-lg-6 g-5 g-lg-0 offset-lg-1 align-content-lg-center order-first order-lg-last\">\n                    <div class=\"py-0 py-lg-10\">\n                        <h2 class=\"block--banner__title h2 d-none d-lg-block\" >Je veux travailler avec <br>discuter avec quelqu'un<\/h2>\n    <h2 class=\"block--banner__title h2 d-block d-lg-none\" >Je veux travailler avec <br>discuter avec quelqu'un<\/h2>\n                        <h4 class=\"mt-0 mt-lg-4\">Contactez nous<\/h4>\n                        <div class=\"block--banner__buttons mt-6 mt-lg-10\">\n                                                            <div>\n                                    <a tabindex=\"0\" class=\"btn\" href=\"tel:0306392250\">\n                                        <i class=\"icon icon-phone me-3\"><\/i>030 639 2250                                    <\/a>\n                                <\/div>\n                                <div>\n                                    <a tabindex=\"0\" class=\"btn\" href=\"mailto:info@sociaalteamhouten.nl\">\n                                        <i class=\"icon icon-email me-3\"><\/i>info@sociaalteamhouten.nl                                    <\/a>\n                                <\/div>\n                                                    <\/div>\n                    <\/div>\n                <\/div>\n            <\/div>\n        <\/div>\n    <\/section>","protected":false},"excerpt":{"rendered":"","protected":false},"author":1,"featured_media":0,"parent":0,"menu_order":13,"comment_status":"closed","ping_status":"closed","template":"","meta":{"_acf_changed":false,"footnotes":""},"class_list":["post-326","page","type-page","status-publish","hentry"],"acf":[],"yoast_head":"<!-- This site is optimized with the Yoast SEO plugin v27.3 - https:\/\/yoast.com\/product\/yoast-seo-wordpress\/ -->\n<title>Klachtenbehandeling - Sociaal Team Houten<\/title>\n<meta name=\"description\" content=\"Bij het Sociaal Team Houten zien we verandering niet als een probleem, maar een uitdaging die we aangaan. Samen kijken we naar wat w\u00e9l kan. - Klachtenbehandeling\" \/>\n<meta name=\"robots\" content=\"index, follow, max-snippet:-1, max-image-preview:large, max-video-preview:-1\" \/>\n<link rel=\"canonical\" href=\"https:\/\/www.sociaalteamhouten.nl\/fr\/klachtenbehandeling\/\" \/>\n<meta property=\"og:locale\" content=\"fr_FR\" \/>\n<meta property=\"og:type\" content=\"article\" \/>\n<meta property=\"og:title\" content=\"Klachtenbehandeling - Sociaal Team Houten\" \/>\n<meta property=\"og:description\" content=\"Bij het Sociaal Team Houten zien we verandering niet als een probleem, maar een uitdaging die we aangaan. Samen kijken we naar wat w\u00e9l kan. - Klachtenbehandeling\" \/>\n<meta property=\"og:url\" content=\"https:\/\/www.sociaalteamhouten.nl\/fr\/klachtenbehandeling\/\" \/>\n<meta property=\"og:site_name\" content=\"Sociaal Team Houten\" \/>\n<meta property=\"article:modified_time\" content=\"2025-12-01T12:59:37+00:00\" \/>\n<meta name=\"twitter:card\" content=\"summary_large_image\" \/>\n<meta name=\"twitter:label1\" content=\"Dur\u00e9e de lecture estim\u00e9e\" \/>\n\t<meta name=\"twitter:data1\" content=\"3 minutes\" \/>\n<script type=\"application\/ld+json\" class=\"yoast-schema-graph\">{\"@context\":\"https:\\\/\\\/schema.org\",\"@graph\":[{\"@type\":\"WebPage\",\"@id\":\"https:\\\/\\\/www.sociaalteamhouten.nl\\\/klachtenbehandeling\\\/\",\"url\":\"https:\\\/\\\/www.sociaalteamhouten.nl\\\/klachtenbehandeling\\\/\",\"name\":\"Klachtenbehandeling - Sociaal Team Houten\",\"isPartOf\":{\"@id\":\"https:\\\/\\\/www.sociaalteamhouten.nl\\\/#website\"},\"datePublished\":\"2025-06-23T07:09:43+00:00\",\"dateModified\":\"2025-12-01T12:59:37+00:00\",\"description\":\"Bij het Sociaal Team Houten zien we verandering niet als een probleem, maar een uitdaging die we aangaan. Samen kijken we naar wat w\u00e9l kan. - Klachtenbehandeling\",\"breadcrumb\":{\"@id\":\"https:\\\/\\\/www.sociaalteamhouten.nl\\\/klachtenbehandeling\\\/#breadcrumb\"},\"inLanguage\":\"fr-FR\",\"potentialAction\":[{\"@type\":\"ReadAction\",\"target\":[\"https:\\\/\\\/www.sociaalteamhouten.nl\\\/klachtenbehandeling\\\/\"]}]},{\"@type\":\"BreadcrumbList\",\"@id\":\"https:\\\/\\\/www.sociaalteamhouten.nl\\\/klachtenbehandeling\\\/#breadcrumb\",\"itemListElement\":[{\"@type\":\"ListItem\",\"position\":1,\"name\":\"Home\",\"item\":\"https:\\\/\\\/www.sociaalteamhouten.nl\\\/\"},{\"@type\":\"ListItem\",\"position\":2,\"name\":\"Klachtenbehandeling\"}]},{\"@type\":\"WebSite\",\"@id\":\"https:\\\/\\\/www.sociaalteamhouten.nl\\\/#website\",\"url\":\"https:\\\/\\\/www.sociaalteamhouten.nl\\\/\",\"name\":\"Sociaal Team Houten\",\"description\":\"Samen verder\",\"publisher\":{\"@id\":\"https:\\\/\\\/www.sociaalteamhouten.nl\\\/#organization\"},\"potentialAction\":[{\"@type\":\"SearchAction\",\"target\":{\"@type\":\"EntryPoint\",\"urlTemplate\":\"https:\\\/\\\/www.sociaalteamhouten.nl\\\/?s={search_term_string}\"},\"query-input\":{\"@type\":\"PropertyValueSpecification\",\"valueRequired\":true,\"valueName\":\"search_term_string\"}}],\"inLanguage\":\"fr-FR\"},{\"@type\":\"Organization\",\"@id\":\"https:\\\/\\\/www.sociaalteamhouten.nl\\\/#organization\",\"name\":\"Sociaal Team Houten\",\"url\":\"https:\\\/\\\/www.sociaalteamhouten.nl\\\/\",\"logo\":{\"@type\":\"ImageObject\",\"inLanguage\":\"fr-FR\",\"@id\":\"https:\\\/\\\/www.sociaalteamhouten.nl\\\/#\\\/schema\\\/logo\\\/image\\\/\",\"url\":\"https:\\\/\\\/www.sociaalteamhouten.nl\\\/wp-content\\\/uploads\\\/2025\\\/04\\\/logo.svg\",\"contentUrl\":\"https:\\\/\\\/www.sociaalteamhouten.nl\\\/wp-content\\\/uploads\\\/2025\\\/04\\\/logo.svg\",\"caption\":\"Sociaal Team Houten\"},\"image\":{\"@id\":\"https:\\\/\\\/www.sociaalteamhouten.nl\\\/#\\\/schema\\\/logo\\\/image\\\/\"}}]}<\/script>\n<!-- \/ Yoast SEO plugin. -->","yoast_head_json":{"title":"Traitement des plaintes - Social Team Houten","description":"Chez Sociaal Team Houten, nous ne consid\u00e9rons pas le changement comme un probl\u00e8me, mais comme un d\u00e9fi que nous relevons. Ensemble, nous examinons ce qui peut \u00eatre fait. - Traitement des plaintes","robots":{"index":"index","follow":"follow","max-snippet":"max-snippet:-1","max-image-preview":"max-image-preview:large","max-video-preview":"max-video-preview:-1"},"canonical":"https:\/\/www.sociaalteamhouten.nl\/fr\/klachtenbehandeling\/","og_locale":"fr_FR","og_type":"article","og_title":"Klachtenbehandeling - Sociaal Team Houten","og_description":"Bij het Sociaal Team Houten zien we verandering niet als een probleem, maar een uitdaging die we aangaan. Samen kijken we naar wat w\u00e9l kan. - Klachtenbehandeling","og_url":"https:\/\/www.sociaalteamhouten.nl\/fr\/klachtenbehandeling\/","og_site_name":"Sociaal Team Houten","article_modified_time":"2025-12-01T12:59:37+00:00","twitter_card":"summary_large_image","twitter_misc":{"Dur\u00e9e de lecture estim\u00e9e":"3 minutes"},"schema":{"@context":"https:\/\/schema.org","@graph":[{"@type":"WebPage","@id":"https:\/\/www.sociaalteamhouten.nl\/klachtenbehandeling\/","url":"https:\/\/www.sociaalteamhouten.nl\/klachtenbehandeling\/","name":"Traitement des plaintes - Social Team Houten","isPartOf":{"@id":"https:\/\/www.sociaalteamhouten.nl\/#website"},"datePublished":"2025-06-23T07:09:43+00:00","dateModified":"2025-12-01T12:59:37+00:00","description":"Chez Sociaal Team Houten, nous ne consid\u00e9rons pas le changement comme un probl\u00e8me, mais comme un d\u00e9fi que nous relevons. Ensemble, nous examinons ce qui peut \u00eatre fait. - Traitement des plaintes","breadcrumb":{"@id":"https:\/\/www.sociaalteamhouten.nl\/klachtenbehandeling\/#breadcrumb"},"inLanguage":"fr-FR","potentialAction":[{"@type":"ReadAction","target":["https:\/\/www.sociaalteamhouten.nl\/klachtenbehandeling\/"]}]},{"@type":"BreadcrumbList","@id":"https:\/\/www.sociaalteamhouten.nl\/klachtenbehandeling\/#breadcrumb","itemListElement":[{"@type":"ListItem","position":1,"name":"Home","item":"https:\/\/www.sociaalteamhouten.nl\/"},{"@type":"ListItem","position":2,"name":"Klachtenbehandeling"}]},{"@type":"WebSite","@id":"https:\/\/www.sociaalteamhouten.nl\/#website","url":"https:\/\/www.sociaalteamhouten.nl\/","name":"\u00c9quipe sociale de Houten","description":"Ensemble, nous poursuivons","publisher":{"@id":"https:\/\/www.sociaalteamhouten.nl\/#organization"},"potentialAction":[{"@type":"SearchAction","target":{"@type":"EntryPoint","urlTemplate":"https:\/\/www.sociaalteamhouten.nl\/?s={search_term_string}"},"query-input":{"@type":"PropertyValueSpecification","valueRequired":true,"valueName":"search_term_string"}}],"inLanguage":"fr-FR"},{"@type":"Organization","@id":"https:\/\/www.sociaalteamhouten.nl\/#organization","name":"\u00c9quipe sociale de Houten","url":"https:\/\/www.sociaalteamhouten.nl\/","logo":{"@type":"ImageObject","inLanguage":"fr-FR","@id":"https:\/\/www.sociaalteamhouten.nl\/#\/schema\/logo\/image\/","url":"https:\/\/www.sociaalteamhouten.nl\/wp-content\/uploads\/2025\/04\/logo.svg","contentUrl":"https:\/\/www.sociaalteamhouten.nl\/wp-content\/uploads\/2025\/04\/logo.svg","caption":"Sociaal Team Houten"},"image":{"@id":"https:\/\/www.sociaalteamhouten.nl\/#\/schema\/logo\/image\/"}}]}},"_links":{"self":[{"href":"https:\/\/www.sociaalteamhouten.nl\/fr\/wp-json\/wp\/v2\/pages\/326","targetHints":{"allow":["GET"]}}],"collection":[{"href":"https:\/\/www.sociaalteamhouten.nl\/fr\/wp-json\/wp\/v2\/pages"}],"about":[{"href":"https:\/\/www.sociaalteamhouten.nl\/fr\/wp-json\/wp\/v2\/types\/page"}],"author":[{"embeddable":true,"href":"https:\/\/www.sociaalteamhouten.nl\/fr\/wp-json\/wp\/v2\/users\/1"}],"replies":[{"embeddable":true,"href":"https:\/\/www.sociaalteamhouten.nl\/fr\/wp-json\/wp\/v2\/comments?post=326"}],"version-history":[{"count":30,"href":"https:\/\/www.sociaalteamhouten.nl\/fr\/wp-json\/wp\/v2\/pages\/326\/revisions"}],"predecessor-version":[{"id":1390,"href":"https:\/\/www.sociaalteamhouten.nl\/fr\/wp-json\/wp\/v2\/pages\/326\/revisions\/1390"}],"wp:attachment":[{"href":"https:\/\/www.sociaalteamhouten.nl\/fr\/wp-json\/wp\/v2\/media?parent=326"}],"curies":[{"name":"wp","href":"https:\/\/api.w.org\/{rel}","templated":true}]}}