{"id":375,"date":"2025-06-24T09:53:53","date_gmt":"2025-06-24T08:53:53","guid":{"rendered":"https:\/\/www.sociaalteamhouten.nl\/?page_id=375"},"modified":"2025-07-24T10:30:30","modified_gmt":"2025-07-24T09:30:30","slug":"een-vraag-voor-iemand-anders","status":"publish","type":"page","link":"https:\/\/www.sociaalteamhouten.nl\/fr\/een-vraag-voor-iemand-anders\/","title":{"rendered":"Une question pour quelqu'un d'autre ?"},"content":{"rendered":"<section class=\"block page-header block--page-header\" data-strip-color=\"primary-light\">\n    <canvas id=\"headerCanvas\"><\/canvas>\n    <div class=\"block--page-header__content\">\n      <div class=\"container\">\n                <div class=\"row\">\n                      <div class=\"col-lg-3 d-flex justify-content-lg-end flex-column\">\n              <figure\n        class=\"image block--page-header__image-left d-none d-lg-block\"\n        \n    >\n        <img decoding=\"async\"\n            class=\"image__img image-position--center\"\n            src=\"https:\/\/www.sociaalteamhouten.nl\/wp-content\/uploads\/2025\/07\/251A4356.webp\"\n            alt=\"\"\n            loading=\"lazy\"\n        \/>\n        \n    <\/figure>\n            <\/div>\n          \n          <div\n            class=\"col-lg-6 my-auto\"\n          >\n            <h1 class=\"block--page-header__title mb-0 h1 d-none d-lg-block\" >Une question pour quelqu'un d'autre ?<\/h1>\n    <h1 class=\"block--page-header__title mb-0 h1 d-block d-lg-none\" >Une question pour quelqu'un d'autre ?<\/h1>\n                          <h2 class=\"h4 block--page-header__subtitle mt-6\">\n                Reconna\u00eetre les signaux, prendre des mesures\n              <\/h2>\n            \n            \n            <div class=\"text-wrapper block--page-header__text mt-8\">\n              <p>\u00cates-vous pr\u00e9occup\u00e9 par le sort d'une personne de votre entourage qui est confront\u00e9e \u00e0 des difficult\u00e9s physiques, \u00e9motionnelles ou sociales ? Que vous soyez un professionnel de la sant\u00e9, un membre de la famille, un voisin ou un soignant, votre participation est pr\u00e9cieuse. Nous voulons que les gens soient ma\u00eetres de leur situation. C'est pourquoi nous vous recommandons d'examiner d'abord les \u00e9tapes ci-dessous pour voir si elles peuvent r\u00e9pondre \u00e0 votre question. Si ce n'est pas le cas, contactez-nous.<\/p>\n            <\/div>\n            \n            \n            \n            \n                      <\/div>\n                      <div class=\"col-xl-2 offset-xl-1 col-lg-3\">\n              <figure\n        class=\"image block--page-header__image-right mt-10 mt-lg-0 mx-auto\"\n        \n    >\n        <img decoding=\"async\"\n            class=\"image__img image-position--center\"\n            src=\"https:\/\/www.sociaalteamhouten.nl\/wp-content\/uploads\/2025\/05\/97255_a_close-up_of_a_hand_slowly_pulling_aside_a_cu_6bd8ac3a-cf0f-4c79-a1be-f2d020370098_2.webp\"\n            alt=\"\"\n            loading=\"lazy\"\n        \/>\n        \n    <\/figure>\n            <\/div>\n                  <\/div>\n      <\/div>\n    <\/div>\n  <\/section>\n\n\n<section\n    class=\"block section-scroller block--section-scroller\"\n    x-data=\"{      scrollTo(id) {        const el = document.getElementById(id)        if (el) {          const elRect = el.getBoundingClientRect()          const scrollY = window.scrollY || window.pageYOffset          const elCenter = elRect.top + scrollY + elRect.height \/ 2          const viewportCenter = window.innerHeight \/ 2          const targetScroll = elCenter - viewportCenter          window.scrollTo({ top: targetScroll, behavior: 'smooth' })        }      },    }\"\n  >\n          \n      <div class=\"floating-nav-wrapper d-none d-lg-block\">\n        <div class=\"floating-nav\">\n          <svg width=\"0\" height=\"0\" style=\"position: absolute\">\n            <defs>\n              <clippath\n                id=\"clip-floating-nav\"\n                clippathunits=\"objectBoundingBox\"\n              >\n                <path\n                  d=\"M0.764,0c0.087,0,0.165,0.011,0.235,0.036v0.964H0C0.122,0.274,0.337,0,0.764,0Z\"\n                \/>\n              <\/clippath>\n            <\/defs>\n          <\/svg>\n          <div class=\"container\">\n            <div class=\"row\">\n              <div class=\"col\">\n                <nav>\n                  <ul>\n                                          \n                      <li class=\"h4\">\n                        <a\n                          tabindex=\"0\"\n                          href=\"#professional-uit-de-zorg\"\n                          @click.prevent=\"scrollTo('professional-uit-de-zorg')\"\n                          data-section-id=\"professional-uit-de-zorg\"\n                          data-section-scroller-nav=\"true\"\n                        >\n                          Professionnel de la sant\u00e9\n                        <\/a>\n                      <\/li>\n                                          \n                      <li class=\"h4\">\n                        <a\n                          tabindex=\"0\"\n                          href=\"#familie-en-naasten\"\n                          @click.prevent=\"scrollTo('familie-en-naasten')\"\n                          data-section-id=\"familie-en-naasten\"\n                          data-section-scroller-nav=\"true\"\n                        >\n                          Famille et proches\n                        <\/a>\n                      <\/li>\n                                          \n                      <li class=\"h4\">\n                        <a\n                          tabindex=\"0\"\n                          href=\"#zorgen-of-echte-twijfel\"\n                          @click.prevent=\"scrollTo('zorgen-of-echte-twijfel')\"\n                          data-section-id=\"zorgen-of-echte-twijfel\"\n                          data-section-scroller-nav=\"true\"\n                        >\n                          Inqui\u00e9tude ou vrai doute ?\n                        <\/a>\n                      <\/li>\n                                          \n                      <li class=\"h4\">\n                        <a\n                          tabindex=\"0\"\n                          href=\"#wat-doen-wij\"\n                          @click.prevent=\"scrollTo('wat-doen-wij')\"\n                          data-section-id=\"wat-doen-wij\"\n                          data-section-scroller-nav=\"true\"\n                        >\n                          Que faisons-nous ?\n                        <\/a>\n                      <\/li>\n                                      <\/ul>\n                <\/nav>\n                <div class=\"float-right block--section-scroller__contact\">\n                                  <\/div>\n              <\/div>\n            <\/div>\n          <\/div>\n        <\/div>\n      <\/div>\n    \n    <div class=\"container\">\n      <div class=\"row\">\n                  <div class=\"block--section-scroller__shape d-block d-lg-none\">\n            <svg\n              width=\"360\"\n              height=\"440\"\n              viewbox=\"0 0 360 440\"\n              fill=\"none\"\n              xmlns=\"http:\/\/www.w3.org\/2000\/svg\"\n            >\n              <path\n                d=\"M361 440H-15.0967C62.1493 143.397 178.384 14.1074 361 0.258789V440Z\"\n                fill=\"#D9D9D9\"\n              \/>\n            <\/svg>\n          <\/div>\n                      \n            <div class=\"col-lg-12\">\n              <div class=\"row\">\n                <div\n                  class=\"col-lg-6 d-flex block--section-scroller__col\"\n                  id=\"professional-uit-de-zorg\"\n                  data-section-id=\"professional-uit-de-zorg\"\n                >\n                  <div class=\"block--section-scroller__section mt-auto\">\n                                          <h2 class=\"block--section-scroller__section__title\">\n                        Professionnel de la sant\u00e9\n                      <\/h2>\n                    \n                                          <div\n                        class=\"block--section-scroller__section__content text-wrapper\"\n                      >\n                        <p>Une bonne conversation est la base d'une bonne prise en charge. Prenez le temps d'\u00e9couter vraiment votre client. Comment va-t-il ? De quoi a-t-elle besoin pour se sentir bien ? Explorez ensemble ce qui est possible dans l'environnement imm\u00e9diat : y a-t-il de la famille ou quelqu'un \u00e0 proximit\u00e9 qui peut aider ? Y a-t-il d'autres amis ou d'autres personnes impliqu\u00e9es qui peuvent aider ? Les activit\u00e9s propos\u00e9es dans le voisinage r\u00e9pondent-elles aux souhaits ou aux besoins de la personne ? Consultez \u00e9galement nos pages th\u00e9matiques sous la rubrique \"Qu'est-ce qui vous occupe ?\" pour obtenir des informations utiles et un soutien suppl\u00e9mentaire.<\/p>\n<p>Indiquez notre site web \u00e0 vos clients pour qu'ils puissent y trouver des informations ou nous contacter eux-m\u00eames. Vous pouvez \u00e9galement nous aider en tant que professionnel de la sant\u00e9, avec votre autorisation bien s\u00fbr.<\/p>\n<p>Pour vous, en tant que professionnel de la sant\u00e9 : sur notre site web, vous trouverez des pages th\u00e9matiques avec des outils pratiques pour vous aider dans votre r\u00f4le.<\/p>\n<p>Ensemble, nous ferons en sorte que votre client ait une vie plus forte et qu'il en garde le contr\u00f4le.<\/p>\n<p>&nbsp;<\/p>\n\n                      <\/div>\n                    \n                                      <\/div>\n                <\/div>\n              <\/div>\n            <\/div>\n                      \n            <div class=\"col-lg-12\">\n              <div class=\"row\">\n                <div\n                  class=\"col-lg-6 d-flex block--section-scroller__col\"\n                  id=\"familie-en-naasten\"\n                  data-section-id=\"familie-en-naasten\"\n                >\n                  <div class=\"block--section-scroller__section mt-auto\">\n                                          <h2 class=\"block--section-scroller__section__title\">\n                        Famille et proches\n                      <\/h2>\n                    \n                                          <div\n                        class=\"block--section-scroller__section__content text-wrapper\"\n                      >\n                        <p>Vous vous inqui\u00e9tez pour un proche ? Discutez avec lui et demandez-lui comment les choses se passent r\u00e9ellement. Ensemble, vous pourrez voir quel soutien est possible dans l'environnement imm\u00e9diat. Des membres de la famille, des amis ou des voisins peuvent peut-\u00eatre vous aider.<\/p>\n<p>Avez-vous besoin d'outils concrets ? Sur nos pages th\u00e9matiques, vous trouverez des informations pr\u00e9cieuses sur les signes et les difficult\u00e9s d'ordre physique, social et \u00e9motionnel. Vous apprendrez comment les reconna\u00eetre et ce que vous pouvez faire pour les aider.<\/p>\n<p>Ensemble, nous assurerons une vie plus forte dans laquelle votre proche restera ma\u00eetre de la situation.<\/p>\n\n                      <\/div>\n                    \n                                      <\/div>\n                <\/div>\n              <\/div>\n            <\/div>\n                      \n            <div class=\"col-lg-12\">\n              <div class=\"row\">\n                <div\n                  class=\"col-lg-6 d-flex block--section-scroller__col\"\n                  id=\"zorgen-of-echte-twijfel\"\n                  data-section-id=\"zorgen-of-echte-twijfel\"\n                >\n                  <div class=\"block--section-scroller__section mt-auto\">\n                                          <h2 class=\"block--section-scroller__section__title\">\n                        Inqui\u00e9tude ou vrai doute ?\n                      <\/h2>\n                    \n                                          <div\n                        class=\"block--section-scroller__section__content text-wrapper\"\n                      >\n                        <ul>\n<li>Si la vie est en danger, appelez imm\u00e9diatement le 112.<\/li>\n<li>En cas d'urgence, contacter <a href=\"https:\/\/veiligthuis.nl\/\" target=\"_blank\" rel=\"noopener\">Un foyer s\u00fbr<\/a>.<\/li>\n<li>Dans le cas d'un comportement confus, vous pouvez utiliser la fonction <a href=\"https:\/\/ggdru.nl\/thema\/professionals-ggd\/zorg-en-overlast\/\" target=\"_blank\" rel=\"noopener\">Ligne d'assistance t\u00e9l\u00e9phonique pour les conseils et les pr\u00e9occupations<\/a> de l'appel GGD.<\/li>\n<\/ul>\n\n                      <\/div>\n                    \n                                      <\/div>\n                <\/div>\n              <\/div>\n            <\/div>\n                      \n            <div class=\"col-lg-12\">\n              <div class=\"row\">\n                <div\n                  class=\"col-lg-6 d-flex block--section-scroller__col\"\n                  id=\"wat-doen-wij\"\n                  data-section-id=\"wat-doen-wij\"\n                >\n                  <div class=\"block--section-scroller__section mt-auto\">\n                                          <h2 class=\"block--section-scroller__section__title\">\n                        Que faisons-nous ?\n                      <\/h2>\n                    \n                                          <div\n                        class=\"block--section-scroller__section__content text-wrapper\"\n                      >\n                        <p>Nous sommes l\u00e0 pour vous aider \u00e0 r\u00e9pondre \u00e0 vos questions ou \u00e0 vos doutes. Avez-vous d\u00e9j\u00e0 consult\u00e9 nos pages th\u00e9matiques sous la rubrique \"Qu'est-ce qui vous occupe ?  Vous y trouverez de nombreuses informations pr\u00e9cieuses.<\/p>\n<p>Cela ne suffit pas ? Dans ce cas, nous vous offrons une oreille attentive. Nous sommes heureux de r\u00e9fl\u00e9chir avec vous aux prochaines \u00e9tapes. Il est important de savoir que nous travaillons sur une base volontaire et que nous n'apportons notre aide qu'avec le consentement du r\u00e9sident. Une fois l'autorisation obtenue, nous examinons ensemble la situation et cherchons une solution sur mesure. Nous examinons globalement tous les aspects qui influencent la situation d'une personne, afin d'apporter la bonne aide au bon moment.<\/p>\n<p>&nbsp;<\/p>\n\n                      <\/div>\n                    \n                                      <\/div>\n                <\/div>\n              <\/div>\n            <\/div>\n                        <\/div>\n    <\/div>\n  <\/section>","protected":false},"excerpt":{"rendered":"","protected":false},"author":1,"featured_media":0,"parent":0,"menu_order":10,"comment_status":"closed","ping_status":"closed","template":"","meta":{"_acf_changed":false,"footnotes":""},"class_list":["post-375","page","type-page","status-publish","hentry"],"acf":[],"yoast_head":"<!-- This site is optimized with the Yoast SEO plugin v27.3 - https:\/\/yoast.com\/product\/yoast-seo-wordpress\/ -->\n<title>Een vraag voor iemand anders? - Sociaal Team Houten<\/title>\n<meta name=\"description\" content=\"Bij het Sociaal Team Houten zien we verandering niet als een probleem, maar een uitdaging die we aangaan. Samen kijken we naar wat w\u00e9l kan. - Een vraag voor iemand anders?\" \/>\n<meta name=\"robots\" content=\"index, follow, max-snippet:-1, max-image-preview:large, max-video-preview:-1\" \/>\n<link rel=\"canonical\" href=\"https:\/\/www.sociaalteamhouten.nl\/fr\/een-vraag-voor-iemand-anders\/\" \/>\n<meta property=\"og:locale\" content=\"fr_FR\" \/>\n<meta property=\"og:type\" content=\"article\" \/>\n<meta property=\"og:title\" content=\"Een vraag voor iemand anders? - Sociaal Team Houten\" \/>\n<meta property=\"og:description\" content=\"Bij het Sociaal Team Houten zien we verandering niet als een probleem, maar een uitdaging die we aangaan. Samen kijken we naar wat w\u00e9l kan. - Een vraag voor iemand anders?\" \/>\n<meta property=\"og:url\" content=\"https:\/\/www.sociaalteamhouten.nl\/fr\/een-vraag-voor-iemand-anders\/\" \/>\n<meta property=\"og:site_name\" content=\"Sociaal Team Houten\" \/>\n<meta property=\"article:modified_time\" content=\"2025-07-24T09:30:30+00:00\" \/>\n<meta name=\"twitter:card\" content=\"summary_large_image\" \/>\n<meta name=\"twitter:label1\" content=\"Dur\u00e9e de lecture estim\u00e9e\" \/>\n\t<meta name=\"twitter:data1\" content=\"3 minutes\" \/>\n<script type=\"application\/ld+json\" class=\"yoast-schema-graph\">{\"@context\":\"https:\\\/\\\/schema.org\",\"@graph\":[{\"@type\":\"WebPage\",\"@id\":\"https:\\\/\\\/www.sociaalteamhouten.nl\\\/een-vraag-voor-iemand-anders\\\/\",\"url\":\"https:\\\/\\\/www.sociaalteamhouten.nl\\\/een-vraag-voor-iemand-anders\\\/\",\"name\":\"Een vraag voor iemand anders? - Sociaal Team Houten\",\"isPartOf\":{\"@id\":\"https:\\\/\\\/www.sociaalteamhouten.nl\\\/#website\"},\"datePublished\":\"2025-06-24T08:53:53+00:00\",\"dateModified\":\"2025-07-24T09:30:30+00:00\",\"description\":\"Bij het Sociaal Team Houten zien we verandering niet als een probleem, maar een uitdaging die we aangaan. Samen kijken we naar wat w\u00e9l kan. - Een vraag voor iemand anders?\",\"breadcrumb\":{\"@id\":\"https:\\\/\\\/www.sociaalteamhouten.nl\\\/een-vraag-voor-iemand-anders\\\/#breadcrumb\"},\"inLanguage\":\"fr-FR\",\"potentialAction\":[{\"@type\":\"ReadAction\",\"target\":[\"https:\\\/\\\/www.sociaalteamhouten.nl\\\/een-vraag-voor-iemand-anders\\\/\"]}]},{\"@type\":\"BreadcrumbList\",\"@id\":\"https:\\\/\\\/www.sociaalteamhouten.nl\\\/een-vraag-voor-iemand-anders\\\/#breadcrumb\",\"itemListElement\":[{\"@type\":\"ListItem\",\"position\":1,\"name\":\"Home\",\"item\":\"https:\\\/\\\/www.sociaalteamhouten.nl\\\/\"},{\"@type\":\"ListItem\",\"position\":2,\"name\":\"Een vraag voor iemand anders?\"}]},{\"@type\":\"WebSite\",\"@id\":\"https:\\\/\\\/www.sociaalteamhouten.nl\\\/#website\",\"url\":\"https:\\\/\\\/www.sociaalteamhouten.nl\\\/\",\"name\":\"Sociaal Team Houten\",\"description\":\"Samen verder\",\"publisher\":{\"@id\":\"https:\\\/\\\/www.sociaalteamhouten.nl\\\/#organization\"},\"potentialAction\":[{\"@type\":\"SearchAction\",\"target\":{\"@type\":\"EntryPoint\",\"urlTemplate\":\"https:\\\/\\\/www.sociaalteamhouten.nl\\\/?s={search_term_string}\"},\"query-input\":{\"@type\":\"PropertyValueSpecification\",\"valueRequired\":true,\"valueName\":\"search_term_string\"}}],\"inLanguage\":\"fr-FR\"},{\"@type\":\"Organization\",\"@id\":\"https:\\\/\\\/www.sociaalteamhouten.nl\\\/#organization\",\"name\":\"Sociaal Team Houten\",\"url\":\"https:\\\/\\\/www.sociaalteamhouten.nl\\\/\",\"logo\":{\"@type\":\"ImageObject\",\"inLanguage\":\"fr-FR\",\"@id\":\"https:\\\/\\\/www.sociaalteamhouten.nl\\\/#\\\/schema\\\/logo\\\/image\\\/\",\"url\":\"https:\\\/\\\/www.sociaalteamhouten.nl\\\/wp-content\\\/uploads\\\/2025\\\/04\\\/logo.svg\",\"contentUrl\":\"https:\\\/\\\/www.sociaalteamhouten.nl\\\/wp-content\\\/uploads\\\/2025\\\/04\\\/logo.svg\",\"caption\":\"Sociaal Team Houten\"},\"image\":{\"@id\":\"https:\\\/\\\/www.sociaalteamhouten.nl\\\/#\\\/schema\\\/logo\\\/image\\\/\"}}]}<\/script>\n<!-- \/ Yoast SEO plugin. -->","yoast_head_json":{"title":"Une question pour quelqu'un d'autre ? - L'\u00e9quipe sociale de Houten","description":"Chez Sociaal Team Houten, nous ne consid\u00e9rons pas le changement comme un probl\u00e8me, mais comme un d\u00e9fi que nous relevons. Ensemble, nous examinons ce qui peut \u00eatre fait. - Une question pour quelqu'un d'autre ?","robots":{"index":"index","follow":"follow","max-snippet":"max-snippet:-1","max-image-preview":"max-image-preview:large","max-video-preview":"max-video-preview:-1"},"canonical":"https:\/\/www.sociaalteamhouten.nl\/fr\/een-vraag-voor-iemand-anders\/","og_locale":"fr_FR","og_type":"article","og_title":"Een vraag voor iemand anders? - Sociaal Team Houten","og_description":"Bij het Sociaal Team Houten zien we verandering niet als een probleem, maar een uitdaging die we aangaan. Samen kijken we naar wat w\u00e9l kan. - Een vraag voor iemand anders?","og_url":"https:\/\/www.sociaalteamhouten.nl\/fr\/een-vraag-voor-iemand-anders\/","og_site_name":"Sociaal Team Houten","article_modified_time":"2025-07-24T09:30:30+00:00","twitter_card":"summary_large_image","twitter_misc":{"Dur\u00e9e de lecture estim\u00e9e":"3 minutes"},"schema":{"@context":"https:\/\/schema.org","@graph":[{"@type":"WebPage","@id":"https:\/\/www.sociaalteamhouten.nl\/een-vraag-voor-iemand-anders\/","url":"https:\/\/www.sociaalteamhouten.nl\/een-vraag-voor-iemand-anders\/","name":"Une question pour quelqu'un d'autre ? - L'\u00e9quipe sociale de Houten","isPartOf":{"@id":"https:\/\/www.sociaalteamhouten.nl\/#website"},"datePublished":"2025-06-24T08:53:53+00:00","dateModified":"2025-07-24T09:30:30+00:00","description":"Chez Sociaal Team Houten, nous ne consid\u00e9rons pas le changement comme un probl\u00e8me, mais comme un d\u00e9fi que nous relevons. Ensemble, nous examinons ce qui peut \u00eatre fait. - Une question pour quelqu'un d'autre ?","breadcrumb":{"@id":"https:\/\/www.sociaalteamhouten.nl\/een-vraag-voor-iemand-anders\/#breadcrumb"},"inLanguage":"fr-FR","potentialAction":[{"@type":"ReadAction","target":["https:\/\/www.sociaalteamhouten.nl\/een-vraag-voor-iemand-anders\/"]}]},{"@type":"BreadcrumbList","@id":"https:\/\/www.sociaalteamhouten.nl\/een-vraag-voor-iemand-anders\/#breadcrumb","itemListElement":[{"@type":"ListItem","position":1,"name":"Home","item":"https:\/\/www.sociaalteamhouten.nl\/"},{"@type":"ListItem","position":2,"name":"Een vraag voor iemand anders?"}]},{"@type":"WebSite","@id":"https:\/\/www.sociaalteamhouten.nl\/#website","url":"https:\/\/www.sociaalteamhouten.nl\/","name":"\u00c9quipe sociale de Houten","description":"Ensemble, nous poursuivons","publisher":{"@id":"https:\/\/www.sociaalteamhouten.nl\/#organization"},"potentialAction":[{"@type":"SearchAction","target":{"@type":"EntryPoint","urlTemplate":"https:\/\/www.sociaalteamhouten.nl\/?s={search_term_string}"},"query-input":{"@type":"PropertyValueSpecification","valueRequired":true,"valueName":"search_term_string"}}],"inLanguage":"fr-FR"},{"@type":"Organization","@id":"https:\/\/www.sociaalteamhouten.nl\/#organization","name":"\u00c9quipe sociale de Houten","url":"https:\/\/www.sociaalteamhouten.nl\/","logo":{"@type":"ImageObject","inLanguage":"fr-FR","@id":"https:\/\/www.sociaalteamhouten.nl\/#\/schema\/logo\/image\/","url":"https:\/\/www.sociaalteamhouten.nl\/wp-content\/uploads\/2025\/04\/logo.svg","contentUrl":"https:\/\/www.sociaalteamhouten.nl\/wp-content\/uploads\/2025\/04\/logo.svg","caption":"Sociaal Team Houten"},"image":{"@id":"https:\/\/www.sociaalteamhouten.nl\/#\/schema\/logo\/image\/"}}]}},"_links":{"self":[{"href":"https:\/\/www.sociaalteamhouten.nl\/fr\/wp-json\/wp\/v2\/pages\/375","targetHints":{"allow":["GET"]}}],"collection":[{"href":"https:\/\/www.sociaalteamhouten.nl\/fr\/wp-json\/wp\/v2\/pages"}],"about":[{"href":"https:\/\/www.sociaalteamhouten.nl\/fr\/wp-json\/wp\/v2\/types\/page"}],"author":[{"embeddable":true,"href":"https:\/\/www.sociaalteamhouten.nl\/fr\/wp-json\/wp\/v2\/users\/1"}],"replies":[{"embeddable":true,"href":"https:\/\/www.sociaalteamhouten.nl\/fr\/wp-json\/wp\/v2\/comments?post=375"}],"version-history":[{"count":12,"href":"https:\/\/www.sociaalteamhouten.nl\/fr\/wp-json\/wp\/v2\/pages\/375\/revisions"}],"predecessor-version":[{"id":1021,"href":"https:\/\/www.sociaalteamhouten.nl\/fr\/wp-json\/wp\/v2\/pages\/375\/revisions\/1021"}],"wp:attachment":[{"href":"https:\/\/www.sociaalteamhouten.nl\/fr\/wp-json\/wp\/v2\/media?parent=375"}],"curies":[{"name":"wp","href":"https:\/\/api.w.org\/{rel}","templated":true}]}}