{"id":985,"date":"2025-07-14T07:33:03","date_gmt":"2025-07-14T06:33:03","guid":{"rendered":"https:\/\/www.sociaalteamhouten.nl\/?page_id=985"},"modified":"2025-07-14T07:40:43","modified_gmt":"2025-07-14T06:40:43","slug":"privacy","status":"publish","type":"page","link":"https:\/\/www.sociaalteamhouten.nl\/fr\/privacy\/","title":{"rendered":"Vie priv\u00e9e"},"content":{"rendered":"<section class=\"block page-header block--page-header block--no-spacing-bottom\" data-strip-color=\"primary-light\">\n    <canvas id=\"headerCanvas\"><\/canvas>\n    <div class=\"block--page-header__content\">\n      <div class=\"container\">\n                <div class=\"row\">\n          \n          <div\n            class=\"col-lg-12 col-xl-10 mx-auto\"\n          >\n            <h1 class=\"block--page-header__title mb-0 h1 d-none d-lg-block\" >D\u00e9claration de confidentialit\u00e9<\/h1>\n    <h1 class=\"block--page-header__title mb-0 h1 d-block d-lg-none\" >D\u00e9claration de confidentialit\u00e9<\/h1>\n            \n            \n            <div class=\"text-wrapper block--page-header__text mt-8\">\n                          <\/div>\n            \n            \n            \n            \n                      <\/div>\n                  <\/div>\n      <\/div>\n    <\/div>\n  <\/section>\n\n\n<section class=\"block text block--text block--no-spacing-top background-primary-light\">\n    <div class=\"container\">\n      <div class=\"row\">\n        <div class=\"col-lg-4 offset-lg-1\">\n          <h1 class=\"wp-block-text h2 d-none d-lg-block\" >Vie priv\u00e9e<\/h1>\n    <h1 class=\"wp-block-text h2 d-block d-lg-none\" >Vie priv\u00e9e<\/h1>\n        <\/div>\n        <div class=\"col-lg-5 offset-lg-1 mt-lg-4\">\n          <div class=\"text-wrapper\"><ol>\n<li><strong> INTRODUCTION<\/strong><\/li>\n<\/ol>\n<p>Dans cette d\u00e9claration de confidentialit\u00e9, vous pouvez lire comment nous traitons vos donn\u00e9es (personnelles). Vous avez des questions sur les informations contenues dans cette d\u00e9claration ? N'h\u00e9sitez pas \u00e0 nous contacter.<\/p>\n<ol start=\"2\">\n<li><strong> CANDIDATURE<br \/>\n<\/strong>Cette d\u00e9claration de confidentialit\u00e9 s'applique \u00e0 toutes les visites, transactions et accords avec Stichting Sociaal Team Houten.<\/li>\n<\/ol>\n<p><strong>Donn\u00e9es de l'entreprise<\/strong>:<br \/>\n<u>Nom<\/u>Fondation Social Team Houten<br \/>\n<u>Adresse<\/u>: Onderdoor 25, 3995DW Houten<br \/>\n<u>Num\u00e9ro de t\u00e9l\u00e9phone<\/u>: 030 639 2250<br \/>\n<u>KVK<\/u>: 71030069<br \/>\n<u>Site web<\/u>: www.sociaalteamhouten.nl<\/p>\n<p>Le site web de Stichting Sociaal Team Houten (www.sociaalteamhouten.nl) traite des donn\u00e9es sensibles \u00e0 la vie priv\u00e9e, ou donn\u00e9es personnelles. Stichting Sociaal Team Houten est responsable du traitement de ces donn\u00e9es et consid\u00e8re qu'il est tr\u00e8s important de traiter les donn\u00e9es personnelles avec soin.<\/p>\n<p>Dans le cadre de notre traitement, nous respectons les exigences du r\u00e8glement g\u00e9n\u00e9ral sur la protection des donn\u00e9es (RGPD). Dans cette d\u00e9claration de confidentialit\u00e9, nous expliquons quelles donn\u00e9es personnelles nous collectons. En outre, nous expliquons dans quel but nous utilisons ces donn\u00e9es.<\/p>\n<ol start=\"3\">\n<li><strong> DONN\u00c9ES PERSONNELLES<br \/>\n<\/strong>Qu'est-ce qu'une donn\u00e9e \u00e0 caract\u00e8re personnel ? Les donn\u00e9es \u00e0 caract\u00e8re personnel sont des donn\u00e9es qui concernent directement une personne ou des informations qui permettent de remonter \u00e0 une personne. Exemples de donn\u00e9es \u00e0 caract\u00e8re personnel : nom, adresse, lieu de r\u00e9sidence, num\u00e9ro de t\u00e9l\u00e9phone, code postal, num\u00e9ro de maison, race, religion, sant\u00e9, etc.<\/li>\n<\/ol>\n<p>Dans le cadre de votre visite du site web ou de votre collaboration avec Stichting Sociaal Team Houten, ces donn\u00e9es ne sont pas toutes pertinentes. Nous vous demandons de ne fournir que les donn\u00e9es personnelles que vous jugez n\u00e9cessaires \u00e0 notre collaboration.<\/p>\n<ol start=\"4\">\n<li><strong> OBJECTIFS<br \/>\n<\/strong>La Fondation Social Team Houten collecte des donn\u00e9es personnelles via www.sociaalteamhouten.nl de diff\u00e9rentes mani\u00e8res :<\/li>\n<\/ol>\n<ol>\n<li>Par le biais de formulaires sur le site web<\/li>\n<li>Via Google Analytics<\/li>\n<\/ol>\n<p><strong>FORMULAIRES SUR LE SITE WEB<\/strong><br \/>\nLe site web de Stichting Sociaal Team Houten comporte un certain nombre de formulaires. Dans ces formulaires, nous vous demandons diverses donn\u00e9es personnelles. Les formulaires vous permettent de vous renseigner sur les services de la Fondation Sociaal Team Houten : 'formulaire de candidature', 'formulaire de contact', etc.<\/p>\n<p>Dans les formulaires, nous vous demandons de<\/p>\n<ul>\n<li>Votre nom<\/li>\n<li>Votre num\u00e9ro de t\u00e9l\u00e9phone<\/li>\n<li>Votre adresse \u00e9lectronique<\/li>\n<li>Votre entreprise<\/li>\n<li>Votre lieu de r\u00e9sidence<\/li>\n<li>Votre CV<\/li>\n<\/ul>\n<p>Ces formulaires vous permettent de nous poser une question, de vous abonner au bulletin d'information ou de demander l'un de nos services. Nous utilisons les donn\u00e9es collect\u00e9es \u00e0 l'aide des formulaires pour r\u00e9pondre \u00e0 votre question ou \u00e0 votre demande. Nous le faisons par e-mail ou par t\u00e9l\u00e9phone.<\/p>\n<p>Les donn\u00e9es que vous saisissez dans les formulaires sont conserv\u00e9es par nous pendant une dur\u00e9e limit\u00e9e. En cas de questions de suivi, nous pouvons facilement acc\u00e9der \u00e0 ces donn\u00e9es pendant qu'elles sont encore dans notre syst\u00e8me. Nous pouvons \u00e9galement utiliser les questions et les r\u00e9ponses pour former notre personnel \u00e0 mieux traiter les demandes. Nous conservons les donn\u00e9es compl\u00e9t\u00e9es pendant un maximum de six mois apr\u00e8s leur saisie.<\/p>\n<p><strong>GOOGLE ANALYTICS<br \/>\n<\/strong>Le site web de Stichting Sociaal Team Houten utilise Google Analytics. Nous utilisons cet outil pour collecter des donn\u00e9es anonymes et analytiques sur les visiteurs de notre site web. Nous utilisons ces statistiques de site web pour apprendre des visiteurs de notre site web et adapter nos produits et services en cons\u00e9quence. Les donn\u00e9es que nous collectons sont anonymes ; nous ne pouvons pas identifier les personnes derri\u00e8re les donn\u00e9es \u00e0 partir de l'information.<\/p>\n<p>Les informations collect\u00e9es sont stock\u00e9es dans les centres de donn\u00e9es de Google. Emplacement des centres de donn\u00e9es :\u00a0<a href=\"https:\/\/www.google.com\/about\/datacenters\/inside\/locations\/index.html\">https:\/\/www.google.com\/about\/datacenters\/inside\/locations\/index.html<\/a>. Nous avons convenu du traitement de ces donn\u00e9es avec Google dans le cadre d'un accord de sous-traitance. Google n'est pas autoris\u00e9 \u00e0 utiliser ces donn\u00e9es pour d'autres applications. Pour en savoir plus sur la politique de confidentialit\u00e9 de Google, cliquez ici.\u00a0<a href=\"https:\/\/policies.google.com\/privacy?hl=nl\">https:\/\/policies.google.com\/privacy?hl=nl<\/a><\/p>\n<ol start=\"5\">\n<li><strong> DIVULGATION AUX TIERS<br \/>\n<\/strong>Nous ne transmettons vos donn\u00e9es personnelles \u00e0 des tiers (entreprises ou institutions) que si la loi l'exige. Par exemple, lorsque la police l'exige en cas de suspicion de crime.<\/li>\n<\/ol>\n<p>La Fondation Social Team Houten travaille avec des sous-traitants, par exemple l'administrateur de notre site web. Les partenaires avec lesquels nous travaillons peuvent traiter vos donn\u00e9es personnelles ou celles de vos clients. La collaboration avec ces sous-traitants est essentielle pour la Fondation Social Team Houten dans le cadre de sa prestation de services. Afin de garantir que ces sous-traitants traitent correctement ces donn\u00e9es, la Fondation Social Team Houten a conclu des accords de sous-traitance avec ses fournisseurs.<\/p>\n<p>En outre, notre site web contient des liens vers des pages de m\u00e9dias sociaux. Si vous cliquez sur ces liens, ces fournisseurs de m\u00e9dias sociaux peuvent collecter des donn\u00e9es personnelles. Cette d\u00e9claration ne s'applique qu'\u00e0 www.sociaalteamhouten.nl. Nous ne pouvons pas garantir que d'autres parties traiteront vos donn\u00e9es personnelles avec exactitude.<\/p>\n<ol start=\"6\">\n<li><strong> L'INSPECTION, LA MODIFICATION OU LA SUPPRESSION DES DONN\u00c9ES \u00c0 CARACT\u00c8RE PERSONNEL<br \/>\n<\/strong>Vous voulez en savoir plus sur les donn\u00e9es personnelles que nous avons recueillies aupr\u00e8s de vous ? Dans ce cas, contactez-nous. Vous trouverez nos coordonn\u00e9es au point 2 de la pr\u00e9sente d\u00e9claration de confidentialit\u00e9. En ce qui concerne vos donn\u00e9es personnelles, vous pouvez toujours nous poser la question :<\/li>\n<\/ol>\n<ul>\n<li>Un aper\u00e7u des donn\u00e9es personnelles exactes que nous d\u00e9tenons \u00e0 votre sujet.<\/li>\n<li>Expliquer les donn\u00e9es personnelles que nous d\u00e9tenons \u00e0 votre sujet et ce que nous en faisons.<\/li>\n<li>Modifier vos donn\u00e9es personnelles si elles sont incorrectes.<\/li>\n<li>Supprimer vos donn\u00e9es personnelles si elles sont, par exemple, incorrectes ou obsol\u00e8tes.<\/li>\n<\/ul>\n<p>En outre, vous pouvez \u00e0 tout moment retirer votre consentement \u00e0 la conservation et au traitement de vos donn\u00e9es \u00e0 caract\u00e8re personnel ou vous opposer \u00e0 la mani\u00e8re dont nous utilisons vos donn\u00e9es \u00e0 caract\u00e8re personnel.<\/p>\n<ol start=\"7\">\n<li><strong> STOCKAGE DES DONN\u00c9ES<br \/>\n<\/strong>Stichting Sociaal Team Houten ne conserve pas vos donn\u00e9es personnelles plus longtemps que n\u00e9cessaire pour nos services. Lorsque ces donn\u00e9es ne sont plus n\u00e9cessaires, nous les supprimons.<\/li>\n<li><strong> S\u00c9CURIT\u00c9<br \/>\n<\/strong>La Fondation Social Team Houten prend des mesures pour prot\u00e9ger les donn\u00e9es personnelles.<\/li>\n<\/ol>\n<ul>\n<li>L'acc\u00e8s aux donn\u00e9es personnelles est toujours prot\u00e9g\u00e9 par un nom d'utilisateur et un mot de passe.<\/li>\n<li>Une fois re\u00e7ues, les donn\u00e9es personnelles seront stock\u00e9es dans un syst\u00e8me prot\u00e9g\u00e9 accessible uniquement au personnel de la Stichting Sociaal Team Houten.<\/li>\n<li>Le personnel de la Fondation Social Team Houten traite les donn\u00e9es personnelles de mani\u00e8re confidentielle.<\/li>\n<li>Stichting Sociaal Team Houten utilise un certificat SSL (secure socket layer).<\/li>\n<\/ul>\n<ol start=\"9\">\n<li><strong> R\u00c9CLAMATIONS<br \/>\n<\/strong>Avez-vous une plainte \u00e0 formuler concernant la mani\u00e8re dont Stichting Sociaal Team Houten traite votre vie priv\u00e9e ? Dans ce cas, contactez-nous d'abord. Nous prendrons connaissance de votre plainte et y r\u00e9pondrons. Si, par la suite, vous estimez que nous ne parvenons pas \u00e0 trouver une solution ensemble, vous pouvez toujours envoyer un conseil \u00e0 l'Autorit\u00e9 n\u00e9erlandaise de protection des donn\u00e9es (<a href=\"https:\/\/autoriteitpersoonsgegevens.nl\/nl\/contact-met-de-autoriteit-persoonsgegevens\/tip-ons\">https:\/\/autoriteitpersoonsgegevens.nl\/nl\/contact-met-de-autoriteit-persoonsgegevens\/tip-ons<\/a>) ou de saisir la justice.<\/li>\n<\/ol>\n<p>Des questions sur cette politique de confidentialit\u00e9 ? Veuillez nous contacter.<\/p>\n<\/div>\n          <div class=\"block--text__buttons\">\n                                  <\/div>\n\n                  <\/div>\n      <\/div>\n    <\/div>\n  <\/section>","protected":false},"excerpt":{"rendered":"","protected":false},"author":1,"featured_media":0,"parent":0,"menu_order":5,"comment_status":"closed","ping_status":"closed","template":"","meta":{"_acf_changed":false,"footnotes":""},"class_list":["post-985","page","type-page","status-publish","hentry"],"acf":[],"yoast_head":"<!-- This site is optimized with the Yoast SEO plugin v27.3 - https:\/\/yoast.com\/product\/yoast-seo-wordpress\/ -->\n<title>Privacy - Sociaal Team Houten<\/title>\n<meta name=\"description\" content=\"Bij het Sociaal Team Houten zien we verandering niet als een probleem, maar een uitdaging die we aangaan. Samen kijken we naar wat w\u00e9l kan. - Privacy\" \/>\n<meta name=\"robots\" content=\"index, follow, max-snippet:-1, max-image-preview:large, max-video-preview:-1\" \/>\n<link rel=\"canonical\" href=\"https:\/\/www.sociaalteamhouten.nl\/fr\/privacy\/\" \/>\n<meta property=\"og:locale\" content=\"fr_FR\" \/>\n<meta property=\"og:type\" content=\"article\" \/>\n<meta property=\"og:title\" content=\"Privacy - Sociaal Team Houten\" \/>\n<meta property=\"og:description\" content=\"Bij het Sociaal Team Houten zien we verandering niet als een probleem, maar een uitdaging die we aangaan. Samen kijken we naar wat w\u00e9l kan. - Privacy\" \/>\n<meta property=\"og:url\" content=\"https:\/\/www.sociaalteamhouten.nl\/fr\/privacy\/\" \/>\n<meta property=\"og:site_name\" content=\"Sociaal Team Houten\" \/>\n<meta property=\"article:modified_time\" content=\"2025-07-14T06:40:43+00:00\" \/>\n<meta name=\"twitter:card\" content=\"summary_large_image\" \/>\n<script type=\"application\/ld+json\" class=\"yoast-schema-graph\">{\"@context\":\"https:\\\/\\\/schema.org\",\"@graph\":[{\"@type\":\"WebPage\",\"@id\":\"https:\\\/\\\/www.sociaalteamhouten.nl\\\/privacy\\\/\",\"url\":\"https:\\\/\\\/www.sociaalteamhouten.nl\\\/privacy\\\/\",\"name\":\"Privacy - Sociaal Team Houten\",\"isPartOf\":{\"@id\":\"https:\\\/\\\/www.sociaalteamhouten.nl\\\/#website\"},\"datePublished\":\"2025-07-14T06:33:03+00:00\",\"dateModified\":\"2025-07-14T06:40:43+00:00\",\"description\":\"Bij het Sociaal Team Houten zien we verandering niet als een probleem, maar een uitdaging die we aangaan. Samen kijken we naar wat w\u00e9l kan. - Privacy\",\"breadcrumb\":{\"@id\":\"https:\\\/\\\/www.sociaalteamhouten.nl\\\/privacy\\\/#breadcrumb\"},\"inLanguage\":\"fr-FR\",\"potentialAction\":[{\"@type\":\"ReadAction\",\"target\":[\"https:\\\/\\\/www.sociaalteamhouten.nl\\\/privacy\\\/\"]}]},{\"@type\":\"BreadcrumbList\",\"@id\":\"https:\\\/\\\/www.sociaalteamhouten.nl\\\/privacy\\\/#breadcrumb\",\"itemListElement\":[{\"@type\":\"ListItem\",\"position\":1,\"name\":\"Home\",\"item\":\"https:\\\/\\\/www.sociaalteamhouten.nl\\\/\"},{\"@type\":\"ListItem\",\"position\":2,\"name\":\"Privacy\"}]},{\"@type\":\"WebSite\",\"@id\":\"https:\\\/\\\/www.sociaalteamhouten.nl\\\/#website\",\"url\":\"https:\\\/\\\/www.sociaalteamhouten.nl\\\/\",\"name\":\"Sociaal Team Houten\",\"description\":\"Samen verder\",\"publisher\":{\"@id\":\"https:\\\/\\\/www.sociaalteamhouten.nl\\\/#organization\"},\"potentialAction\":[{\"@type\":\"SearchAction\",\"target\":{\"@type\":\"EntryPoint\",\"urlTemplate\":\"https:\\\/\\\/www.sociaalteamhouten.nl\\\/?s={search_term_string}\"},\"query-input\":{\"@type\":\"PropertyValueSpecification\",\"valueRequired\":true,\"valueName\":\"search_term_string\"}}],\"inLanguage\":\"fr-FR\"},{\"@type\":\"Organization\",\"@id\":\"https:\\\/\\\/www.sociaalteamhouten.nl\\\/#organization\",\"name\":\"Sociaal Team Houten\",\"url\":\"https:\\\/\\\/www.sociaalteamhouten.nl\\\/\",\"logo\":{\"@type\":\"ImageObject\",\"inLanguage\":\"fr-FR\",\"@id\":\"https:\\\/\\\/www.sociaalteamhouten.nl\\\/#\\\/schema\\\/logo\\\/image\\\/\",\"url\":\"https:\\\/\\\/www.sociaalteamhouten.nl\\\/wp-content\\\/uploads\\\/2025\\\/04\\\/logo.svg\",\"contentUrl\":\"https:\\\/\\\/www.sociaalteamhouten.nl\\\/wp-content\\\/uploads\\\/2025\\\/04\\\/logo.svg\",\"caption\":\"Sociaal Team Houten\"},\"image\":{\"@id\":\"https:\\\/\\\/www.sociaalteamhouten.nl\\\/#\\\/schema\\\/logo\\\/image\\\/\"}}]}<\/script>\n<!-- \/ Yoast SEO plugin. -->","yoast_head_json":{"title":"Vie priv\u00e9e - Social Team Houten","description":"Chez Sociaal Team Houten, nous ne consid\u00e9rons pas le changement comme un probl\u00e8me, mais comme un d\u00e9fi que nous relevons. Ensemble, nous examinons ce qui peut \u00eatre fait. - Vie priv\u00e9e","robots":{"index":"index","follow":"follow","max-snippet":"max-snippet:-1","max-image-preview":"max-image-preview:large","max-video-preview":"max-video-preview:-1"},"canonical":"https:\/\/www.sociaalteamhouten.nl\/fr\/privacy\/","og_locale":"fr_FR","og_type":"article","og_title":"Privacy - Sociaal Team Houten","og_description":"Bij het Sociaal Team Houten zien we verandering niet als een probleem, maar een uitdaging die we aangaan. Samen kijken we naar wat w\u00e9l kan. - Privacy","og_url":"https:\/\/www.sociaalteamhouten.nl\/fr\/privacy\/","og_site_name":"Sociaal Team Houten","article_modified_time":"2025-07-14T06:40:43+00:00","twitter_card":"summary_large_image","schema":{"@context":"https:\/\/schema.org","@graph":[{"@type":"WebPage","@id":"https:\/\/www.sociaalteamhouten.nl\/privacy\/","url":"https:\/\/www.sociaalteamhouten.nl\/privacy\/","name":"Vie priv\u00e9e - Social Team Houten","isPartOf":{"@id":"https:\/\/www.sociaalteamhouten.nl\/#website"},"datePublished":"2025-07-14T06:33:03+00:00","dateModified":"2025-07-14T06:40:43+00:00","description":"Chez Sociaal Team Houten, nous ne consid\u00e9rons pas le changement comme un probl\u00e8me, mais comme un d\u00e9fi que nous relevons. Ensemble, nous examinons ce qui peut \u00eatre fait. - Vie priv\u00e9e","breadcrumb":{"@id":"https:\/\/www.sociaalteamhouten.nl\/privacy\/#breadcrumb"},"inLanguage":"fr-FR","potentialAction":[{"@type":"ReadAction","target":["https:\/\/www.sociaalteamhouten.nl\/privacy\/"]}]},{"@type":"BreadcrumbList","@id":"https:\/\/www.sociaalteamhouten.nl\/privacy\/#breadcrumb","itemListElement":[{"@type":"ListItem","position":1,"name":"Home","item":"https:\/\/www.sociaalteamhouten.nl\/"},{"@type":"ListItem","position":2,"name":"Privacy"}]},{"@type":"WebSite","@id":"https:\/\/www.sociaalteamhouten.nl\/#website","url":"https:\/\/www.sociaalteamhouten.nl\/","name":"\u00c9quipe sociale de Houten","description":"Ensemble, nous poursuivons","publisher":{"@id":"https:\/\/www.sociaalteamhouten.nl\/#organization"},"potentialAction":[{"@type":"SearchAction","target":{"@type":"EntryPoint","urlTemplate":"https:\/\/www.sociaalteamhouten.nl\/?s={search_term_string}"},"query-input":{"@type":"PropertyValueSpecification","valueRequired":true,"valueName":"search_term_string"}}],"inLanguage":"fr-FR"},{"@type":"Organization","@id":"https:\/\/www.sociaalteamhouten.nl\/#organization","name":"\u00c9quipe sociale de Houten","url":"https:\/\/www.sociaalteamhouten.nl\/","logo":{"@type":"ImageObject","inLanguage":"fr-FR","@id":"https:\/\/www.sociaalteamhouten.nl\/#\/schema\/logo\/image\/","url":"https:\/\/www.sociaalteamhouten.nl\/wp-content\/uploads\/2025\/04\/logo.svg","contentUrl":"https:\/\/www.sociaalteamhouten.nl\/wp-content\/uploads\/2025\/04\/logo.svg","caption":"Sociaal Team Houten"},"image":{"@id":"https:\/\/www.sociaalteamhouten.nl\/#\/schema\/logo\/image\/"}}]}},"_links":{"self":[{"href":"https:\/\/www.sociaalteamhouten.nl\/fr\/wp-json\/wp\/v2\/pages\/985","targetHints":{"allow":["GET"]}}],"collection":[{"href":"https:\/\/www.sociaalteamhouten.nl\/fr\/wp-json\/wp\/v2\/pages"}],"about":[{"href":"https:\/\/www.sociaalteamhouten.nl\/fr\/wp-json\/wp\/v2\/types\/page"}],"author":[{"embeddable":true,"href":"https:\/\/www.sociaalteamhouten.nl\/fr\/wp-json\/wp\/v2\/users\/1"}],"replies":[{"embeddable":true,"href":"https:\/\/www.sociaalteamhouten.nl\/fr\/wp-json\/wp\/v2\/comments?post=985"}],"version-history":[{"count":4,"href":"https:\/\/www.sociaalteamhouten.nl\/fr\/wp-json\/wp\/v2\/pages\/985\/revisions"}],"predecessor-version":[{"id":994,"href":"https:\/\/www.sociaalteamhouten.nl\/fr\/wp-json\/wp\/v2\/pages\/985\/revisions\/994"}],"wp:attachment":[{"href":"https:\/\/www.sociaalteamhouten.nl\/fr\/wp-json\/wp\/v2\/media?parent=985"}],"curies":[{"name":"wp","href":"https:\/\/api.w.org\/{rel}","templated":true}]}}