{"id":13,"date":"2025-04-17T10:57:03","date_gmt":"2025-04-17T09:57:03","guid":{"rendered":"https:\/\/www.sociaalteamhouten.nl\/?page_id=13"},"modified":"2026-03-10T14:41:24","modified_gmt":"2026-03-10T13:41:24","slug":"home","status":"publish","type":"page","link":"https:\/\/www.sociaalteamhouten.nl\/tr\/","title":{"rendered":"Ev"},"content":{"rendered":"<section class=\"block home-page-header block--home-page-header block--no-spacing-bottom\" data-strip-color=\"primary-light\">\n        <div class=\"block--home-page-header__canvas-wrapper\">\n            <canvas id=\"homeHeaderCanvas\"><\/canvas>\n        <\/div>\n        \n        <div class=\"block--home-page-header__content\">\n            <div class=\"container\">\n                <div class=\"row position-relative\">\n                    <div class=\"col-xl-4 col-lg-5 offset-lg-1 col-md-6 d-flex flex-column justify-content-between\">\n                        <div>\n                            <h1 class=\"h1--large mb-0 h1 d-none d-lg-block\" data-aos=\"fade-up\" data-aos-delay=\"100\">Birlikte ilerliyoruz.<\/h1>\n    <h1 class=\"h1--large mb-0 h1 d-block d-lg-none\" data-aos=\"fade-up\" data-aos-delay=\"100\">Birlikte ilerliyoruz.<\/h1>\n                            <div class=\"block--home-page-header__text mt-3 mb-5 mt-md-7 mb-md-9\" data-aos=\"fade-up\" data-aos-delay=\"200\">\n                                <div class=\"text-wrapper\"><p>Amac\u0131m\u0131z, kendi hayat\u0131n\u0131z\u0131n kontrol\u00fcn\u00fc elinizde tutman\u0131zd\u0131r. Bu nedenle sizin yan\u0131n\u0131zda duruyor, sizinle birlikte d\u00fc\u015f\u00fcn\u00fcyor ve yeni olas\u0131l\u0131klar\u0131 birlikte ke\u015ffediyoruz. Sizi ve \u00e7evrenizi g\u00f6z \u00f6n\u00fcnde bulundurarak, size ger\u00e7ekten uyan s\u00fcrd\u00fcr\u00fclebilir \u00e7\u00f6z\u00fcmler ar\u0131yoruz. Bu \u015fekilde herkes desteklendi\u011fini hissetme, anlaml\u0131 olma ve kendi g\u00fcc\u00fcyle b\u00fcy\u00fcme \u015fans\u0131na sahip oluyor. Her g\u00fcn.<\/p>\n<\/div>\n                            <\/div>\n                        <\/div>\n                                                    <figure\n        class=\"image block--home-page-header__image-left mb-7 mb-md-0 mt-2 mt-md-0 d-none d-md-block\"\n        \n    >\n        <img decoding=\"async\"\n            class=\"image__img image-position--center\"\n            src=\"https:\/\/www.sociaalteamhouten.nl\/wp-content\/uploads\/2025\/07\/251A4085.webp\"\n            alt=\"\"\n            loading=\"lazy\"\n        \/>\n        \n    <\/figure>\n                                            <\/div>\n                    <div class=\"col-xxl-4 offset-xxl-2 col-lg-5 offset-lg-1 col-md-5 offset-md-1 mt-md-4 mt-xl-7\">\n                                                    <ul class=\"block--home-page-header__themes mb-6 mb-md-0\">\n                                                                    <li>\n                                        <a tabindex=\"0\" class=\"link-arrow-visible\" href=\"https:\/\/www.sociaalteamhouten.nl\/tr\/onderwerp\/gedachten-gevoelens-en-gezondheid\">\n                                            <i class=\"icon icon-arrow\"><\/i>\n                                            <span class=\"h4\">D\u00fc\u015f\u00fcnceler, duygular ve sa\u011fl\u0131k<\/span>\n                                        <\/a>\n                                    <\/li>\n                                                                    <li>\n                                        <a tabindex=\"0\" class=\"link-arrow-visible\" href=\"https:\/\/www.sociaalteamhouten.nl\/tr\/onderwerp\/ruzie-en-geweld\">\n                                            <i class=\"icon icon-arrow\"><\/i>\n                                            <span class=\"h4\">Tart\u0131\u015fma ve \u015fiddet<\/span>\n                                        <\/a>\n                                    <\/li>\n                                                                    <li>\n                                        <a tabindex=\"0\" class=\"link-arrow-visible\" href=\"https:\/\/www.sociaalteamhouten.nl\/tr\/onderwerp\/werk-geld-en-administratie\">\n                                            <i class=\"icon icon-arrow\"><\/i>\n                                            <span class=\"h4\">\u0130\u015f, para ve y\u00f6netim<\/span>\n                                        <\/a>\n                                    <\/li>\n                                                                    <li>\n                                        <a tabindex=\"0\" class=\"link-arrow-visible\" href=\"https:\/\/www.sociaalteamhouten.nl\/tr\/onderwerp\/opvoeden\">\n                                            <i class=\"icon icon-arrow\"><\/i>\n                                            <span class=\"h4\">Y\u00fckseltme<\/span>\n                                        <\/a>\n                                    <\/li>\n                                                                    <li>\n                                        <a tabindex=\"0\" class=\"link-arrow-visible\" href=\"https:\/\/www.sociaalteamhouten.nl\/tr\/onderwerp\/relaties\">\n                                            <i class=\"icon icon-arrow\"><\/i>\n                                            <span class=\"h4\">\u0130li\u015fkiler<\/span>\n                                        <\/a>\n                                    <\/li>\n                                                                    <li>\n                                        <a tabindex=\"0\" class=\"link-arrow-visible\" href=\"https:\/\/www.sociaalteamhouten.nl\/tr\/onderwerp\/vrije-tijd-en-sociale-contacten\">\n                                            <i class=\"icon icon-arrow\"><\/i>\n                                            <span class=\"h4\">Bo\u015f zaman ve sosyal temaslar<\/span>\n                                        <\/a>\n                                    <\/li>\n                                                                    <li>\n                                        <a tabindex=\"0\" class=\"link-arrow-visible\" href=\"https:\/\/www.sociaalteamhouten.nl\/tr\/onderwerp\/wonen-vervoer-en-ondersteuning\">\n                                            <i class=\"icon icon-arrow\"><\/i>\n                                            <span class=\"h4\">Bar\u0131nma, ula\u015f\u0131m ve destek<\/span>\n                                        <\/a>\n                                    <\/li>\n                                                                    <li>\n                                        <a tabindex=\"0\" class=\"link-arrow-visible\" href=\"https:\/\/www.sociaalteamhouten.nl\/tr\/onderwerp\/online\">\n                                            <i class=\"icon icon-arrow\"><\/i>\n                                            <span class=\"h4\">\u00c7evrimi\u00e7i kat\u0131l\u0131n<\/span>\n                                        <\/a>\n                                    <\/li>\n                                                            <\/ul>\n                                                                                                            <div class=\"block--home-page-header__buttons\">\n                                    <div class=\"row g-2 mt-3\" data-aos=\"fade-up\">\n                                                                                    <div class=\"col-12 col-xl-auto\">\n                                                <a\n            href=\"https:\/\/www.sociaalteamhouten.nl\/tr\/contact\/\"\n            tabindex=\"0\"\n        class=\"btn btn wp-block-home-page-header\"\n          >\n    Biriyle konu\u015fmak istiyorum.\n    \n  <\/a>\n\n                                              <\/div>\n                                                                                    <div class=\"col-12 col-xl-auto\">\n                                                <a\n            href=\"https:\/\/www.sociaalteamhouten.nl\/tr\/jouw-weg-naar-de-juiste-hulp\/\"\n            tabindex=\"0\"\n        class=\"btn btn wp-block-home-page-header\"\n          >\n    Nas\u0131l yard\u0131m alabilirim?\n    \n  <\/a>\n\n                                              <\/div>\n                                                                                    <div class=\"col-12 col-xl-auto\">\n                                                <a\n            href=\"https:\/\/www.sociaalteamhouten.nl\/tr\/een-vraag-voor-iemand-anders\/\"\n            tabindex=\"0\"\n        class=\"btn btn wp-block-home-page-header\"\n          >\n    Ba\u015fkas\u0131 i\u00e7in bir soru mu?\n    \n  <\/a>\n\n                                              <\/div>\n                                                                            <\/div>\n                                <\/div>\n                                                                        <\/div>\n                <\/div>\n\n                <div class=\"row block--home-page-header__strip\">\n                    <div class=\"col-xl-5 offset-xl-6 col-lg-4 offset-lg-7 col-md-5 offset-md-7\">\n                                                    <figure\n        class=\"image block--home-page-header__image-right mx-auto\"\n        \n    >\n        <img decoding=\"async\"\n            class=\"image__img image-position--center\"\n            src=\"https:\/\/www.sociaalteamhouten.nl\/wp-content\/uploads\/2025\/07\/251A5159.webp\"\n            alt=\"\"\n            loading=\"lazy\"\n        \/>\n        \n    <\/figure>\n                                            <\/div>\n                <\/div>\n            <\/div>\n        <\/div>\n    <\/section>\n    <div id=\"content\"><\/div>\n\n\n\n\n<section class=\"block banner block--banner\">\n        <div class=\"container-fluid g-0\">\n            <div class=\"row\">\n                <div class=\"col-lg-5 mt-auto\">\n                    <figure\n        class=\"image block--banner__image\"\n        \n    >\n        <img decoding=\"async\"\n            class=\"image__img image-position--top\"\n            src=\"https:\/\/www.sociaalteamhouten.nl\/wp-content\/uploads\/2025\/07\/251A3923-e1751982140819.webp\"\n            alt=\"\"\n            loading=\"lazy\"\n        \/>\n        \n    <\/figure>\n                <\/div>\n                <svg width=\"0\" height=\"0\" viewbox=\"0 0 596 429\" xmlns=\"http:\/\/www.w3.org\/2000\/svg\" style=\"position: absolute;\">\n                    <clippath id=\"customClip\" clippathunits=\"objectBoundingBox\">\n                        <path d=\"M0.4854 0C0.6873 0 0.8243 0.162 0.9191 0.553L0.9192 0.553C0.9192 0.553 0.9191 0.553 0.9191 0.553V0.553C0.9497 0.6783 0.9796 0.8265 1 1H0V0.811C0.0957 0.232 0.244 0 0.4854 0Z\" \/>\n                    <\/clippath>\n                <\/svg>\n                <div class=\"col-lg-6 g-5 g-lg-0 offset-lg-1 align-content-lg-center order-first order-lg-last\">\n                    <div class=\"py-0 py-lg-10\">\n                        <h2 class=\"block--banner__title h2 d-none d-lg-block\" >Birlikte \u00e7al\u0131\u015fmak istiyorum <br>biriyle sohbet etmek<\/h2>\n    <h2 class=\"block--banner__title h2 d-block d-lg-none\" >Birlikte \u00e7al\u0131\u015fmak istiyorum <br>biriyle sohbet etmek<\/h2>\n                        <h4 class=\"mt-0 mt-lg-4\">Bize ula\u015f\u0131n<\/h4>\n                        <div class=\"block--banner__buttons mt-6 mt-lg-10\">\n                                                            <div>\n                                    <a tabindex=\"0\" class=\"btn\" href=\"tel:0306392250\">\n                                        <i class=\"icon icon-phone me-3\"><\/i>030 639 2250                                    <\/a>\n                                <\/div>\n                                <div>\n                                    <a tabindex=\"0\" class=\"btn\" href=\"mailto:info@sociaalteamhouten.nl\">\n                                        <i class=\"icon icon-email me-3\"><\/i>info@sociaalteamhouten.nl                                    <\/a>\n                                <\/div>\n                                                    <\/div>\n                    <\/div>\n                <\/div>\n            <\/div>\n        <\/div>\n    <\/section>","protected":false},"excerpt":{"rendered":"","protected":false},"author":1,"featured_media":0,"parent":0,"menu_order":11,"comment_status":"closed","ping_status":"closed","template":"","meta":{"_acf_changed":false,"footnotes":""},"class_list":["post-13","page","type-page","status-publish","hentry"],"acf":[],"yoast_head":"<!-- This site is optimized with the Yoast SEO plugin v27.3 - https:\/\/yoast.com\/product\/yoast-seo-wordpress\/ -->\n<title>Home - Sociaal Team Houten<\/title>\n<meta name=\"description\" content=\"Bij het Sociaal Team Houten zien we verandering niet als een probleem, maar een uitdaging die we aangaan. Samen kijken we naar wat w\u00e9l kan. - Home\" \/>\n<meta name=\"robots\" content=\"index, follow, max-snippet:-1, max-image-preview:large, max-video-preview:-1\" \/>\n<link rel=\"canonical\" href=\"https:\/\/www.sociaalteamhouten.nl\/tr\/\" \/>\n<meta property=\"og:locale\" content=\"tr_TR\" \/>\n<meta property=\"og:type\" content=\"article\" \/>\n<meta property=\"og:title\" content=\"Home - Sociaal Team Houten\" \/>\n<meta property=\"og:description\" content=\"Bij het Sociaal Team Houten zien we verandering niet als een probleem, maar een uitdaging die we aangaan. Samen kijken we naar wat w\u00e9l kan. - Home\" \/>\n<meta property=\"og:url\" content=\"https:\/\/www.sociaalteamhouten.nl\/tr\/\" \/>\n<meta property=\"og:site_name\" content=\"Sociaal Team Houten\" \/>\n<meta property=\"article:modified_time\" content=\"2026-03-10T13:41:24+00:00\" \/>\n<meta name=\"twitter:card\" content=\"summary_large_image\" \/>\n<meta name=\"twitter:label1\" content=\"Tahmini okuma s\u00fcresi\" \/>\n\t<meta name=\"twitter:data1\" content=\"1 dakika\" \/>\n<script type=\"application\/ld+json\" class=\"yoast-schema-graph\">{\"@context\":\"https:\\\/\\\/schema.org\",\"@graph\":[{\"@type\":\"WebPage\",\"@id\":\"https:\\\/\\\/www.sociaalteamhouten.nl\\\/\",\"url\":\"https:\\\/\\\/www.sociaalteamhouten.nl\\\/\",\"name\":\"Home - Sociaal Team Houten\",\"isPartOf\":{\"@id\":\"https:\\\/\\\/www.sociaalteamhouten.nl\\\/#website\"},\"datePublished\":\"2025-04-17T09:57:03+00:00\",\"dateModified\":\"2026-03-10T13:41:24+00:00\",\"description\":\"Bij het Sociaal Team Houten zien we verandering niet als een probleem, maar een uitdaging die we aangaan. Samen kijken we naar wat w\u00e9l kan. - Home\",\"breadcrumb\":{\"@id\":\"https:\\\/\\\/www.sociaalteamhouten.nl\\\/#breadcrumb\"},\"inLanguage\":\"tr\",\"potentialAction\":[{\"@type\":\"ReadAction\",\"target\":[\"https:\\\/\\\/www.sociaalteamhouten.nl\\\/\"]}]},{\"@type\":\"BreadcrumbList\",\"@id\":\"https:\\\/\\\/www.sociaalteamhouten.nl\\\/#breadcrumb\",\"itemListElement\":[{\"@type\":\"ListItem\",\"position\":1,\"name\":\"Home\",\"item\":\"https:\\\/\\\/www.sociaalteamhouten.nl\\\/\"},{\"@type\":\"ListItem\",\"position\":2,\"name\":\"Home\"}]},{\"@type\":\"WebSite\",\"@id\":\"https:\\\/\\\/www.sociaalteamhouten.nl\\\/#website\",\"url\":\"https:\\\/\\\/www.sociaalteamhouten.nl\\\/\",\"name\":\"Sociaal Team Houten\",\"description\":\"Samen verder\",\"publisher\":{\"@id\":\"https:\\\/\\\/www.sociaalteamhouten.nl\\\/#organization\"},\"potentialAction\":[{\"@type\":\"SearchAction\",\"target\":{\"@type\":\"EntryPoint\",\"urlTemplate\":\"https:\\\/\\\/www.sociaalteamhouten.nl\\\/?s={search_term_string}\"},\"query-input\":{\"@type\":\"PropertyValueSpecification\",\"valueRequired\":true,\"valueName\":\"search_term_string\"}}],\"inLanguage\":\"tr\"},{\"@type\":\"Organization\",\"@id\":\"https:\\\/\\\/www.sociaalteamhouten.nl\\\/#organization\",\"name\":\"Sociaal Team Houten\",\"url\":\"https:\\\/\\\/www.sociaalteamhouten.nl\\\/\",\"logo\":{\"@type\":\"ImageObject\",\"inLanguage\":\"tr\",\"@id\":\"https:\\\/\\\/www.sociaalteamhouten.nl\\\/#\\\/schema\\\/logo\\\/image\\\/\",\"url\":\"https:\\\/\\\/www.sociaalteamhouten.nl\\\/wp-content\\\/uploads\\\/2025\\\/04\\\/logo.svg\",\"contentUrl\":\"https:\\\/\\\/www.sociaalteamhouten.nl\\\/wp-content\\\/uploads\\\/2025\\\/04\\\/logo.svg\",\"caption\":\"Sociaal Team Houten\"},\"image\":{\"@id\":\"https:\\\/\\\/www.sociaalteamhouten.nl\\\/#\\\/schema\\\/logo\\\/image\\\/\"}}]}<\/script>\n<!-- \/ Yoast SEO plugin. -->","yoast_head_json":{"title":"Ana Sayfa - Social Team Houten","description":"Sociaal Team Houten'de de\u011fi\u015fimi bir sorun olarak de\u011fil, \u00fcstesinden gelmemiz gereken bir meydan okuma olarak g\u00f6r\u00fcyoruz. Birlikte neler yap\u0131labilece\u011fine bak\u0131yoruz. - Ana Sayfa","robots":{"index":"index","follow":"follow","max-snippet":"max-snippet:-1","max-image-preview":"max-image-preview:large","max-video-preview":"max-video-preview:-1"},"canonical":"https:\/\/www.sociaalteamhouten.nl\/tr\/","og_locale":"tr_TR","og_type":"article","og_title":"Home - Sociaal Team Houten","og_description":"Bij het Sociaal Team Houten zien we verandering niet als een probleem, maar een uitdaging die we aangaan. Samen kijken we naar wat w\u00e9l kan. - Home","og_url":"https:\/\/www.sociaalteamhouten.nl\/tr\/","og_site_name":"Sociaal Team Houten","article_modified_time":"2026-03-10T13:41:24+00:00","twitter_card":"summary_large_image","twitter_misc":{"Tahmini okuma s\u00fcresi":"1 dakika"},"schema":{"@context":"https:\/\/schema.org","@graph":[{"@type":"WebPage","@id":"https:\/\/www.sociaalteamhouten.nl\/","url":"https:\/\/www.sociaalteamhouten.nl\/","name":"Ana Sayfa - Social Team Houten","isPartOf":{"@id":"https:\/\/www.sociaalteamhouten.nl\/#website"},"datePublished":"2025-04-17T09:57:03+00:00","dateModified":"2026-03-10T13:41:24+00:00","description":"Sociaal Team Houten'de de\u011fi\u015fimi bir sorun olarak de\u011fil, \u00fcstesinden gelmemiz gereken bir meydan okuma olarak g\u00f6r\u00fcyoruz. Birlikte neler yap\u0131labilece\u011fine bak\u0131yoruz. - Ana Sayfa","breadcrumb":{"@id":"https:\/\/www.sociaalteamhouten.nl\/#breadcrumb"},"inLanguage":"tr","potentialAction":[{"@type":"ReadAction","target":["https:\/\/www.sociaalteamhouten.nl\/"]}]},{"@type":"BreadcrumbList","@id":"https:\/\/www.sociaalteamhouten.nl\/#breadcrumb","itemListElement":[{"@type":"ListItem","position":1,"name":"Home","item":"https:\/\/www.sociaalteamhouten.nl\/"},{"@type":"ListItem","position":2,"name":"Home"}]},{"@type":"WebSite","@id":"https:\/\/www.sociaalteamhouten.nl\/#website","url":"https:\/\/www.sociaalteamhouten.nl\/","name":"Sosyal Ekip Houten","description":"Daha fazla birlikte","publisher":{"@id":"https:\/\/www.sociaalteamhouten.nl\/#organization"},"potentialAction":[{"@type":"SearchAction","target":{"@type":"EntryPoint","urlTemplate":"https:\/\/www.sociaalteamhouten.nl\/?s={search_term_string}"},"query-input":{"@type":"PropertyValueSpecification","valueRequired":true,"valueName":"search_term_string"}}],"inLanguage":"tr"},{"@type":"Organization","@id":"https:\/\/www.sociaalteamhouten.nl\/#organization","name":"Sosyal Ekip Houten","url":"https:\/\/www.sociaalteamhouten.nl\/","logo":{"@type":"ImageObject","inLanguage":"tr","@id":"https:\/\/www.sociaalteamhouten.nl\/#\/schema\/logo\/image\/","url":"https:\/\/www.sociaalteamhouten.nl\/wp-content\/uploads\/2025\/04\/logo.svg","contentUrl":"https:\/\/www.sociaalteamhouten.nl\/wp-content\/uploads\/2025\/04\/logo.svg","caption":"Sociaal Team Houten"},"image":{"@id":"https:\/\/www.sociaalteamhouten.nl\/#\/schema\/logo\/image\/"}}]}},"_links":{"self":[{"href":"https:\/\/www.sociaalteamhouten.nl\/tr\/wp-json\/wp\/v2\/pages\/13","targetHints":{"allow":["GET"]}}],"collection":[{"href":"https:\/\/www.sociaalteamhouten.nl\/tr\/wp-json\/wp\/v2\/pages"}],"about":[{"href":"https:\/\/www.sociaalteamhouten.nl\/tr\/wp-json\/wp\/v2\/types\/page"}],"author":[{"embeddable":true,"href":"https:\/\/www.sociaalteamhouten.nl\/tr\/wp-json\/wp\/v2\/users\/1"}],"replies":[{"embeddable":true,"href":"https:\/\/www.sociaalteamhouten.nl\/tr\/wp-json\/wp\/v2\/comments?post=13"}],"version-history":[{"count":40,"href":"https:\/\/www.sociaalteamhouten.nl\/tr\/wp-json\/wp\/v2\/pages\/13\/revisions"}],"predecessor-version":[{"id":1511,"href":"https:\/\/www.sociaalteamhouten.nl\/tr\/wp-json\/wp\/v2\/pages\/13\/revisions\/1511"}],"wp:attachment":[{"href":"https:\/\/www.sociaalteamhouten.nl\/tr\/wp-json\/wp\/v2\/media?parent=13"}],"curies":[{"name":"wp","href":"https:\/\/api.w.org\/{rel}","templated":true}]}}