{"id":25,"date":"2025-04-17T12:20:17","date_gmt":"2025-04-17T11:20:17","guid":{"rendered":"https:\/\/www.sociaalteamhouten.nl\/?page_id=25"},"modified":"2026-01-13T13:20:04","modified_gmt":"2026-01-13T12:20:04","slug":"jouw-weg-naar-de-juiste-hulp","status":"publish","type":"page","link":"https:\/\/www.sociaalteamhouten.nl\/tr\/jouw-weg-naar-de-juiste-hulp\/","title":{"rendered":"Do\u011fru yard\u0131ma giden yol"},"content":{"rendered":"<section class=\"block page-header block--page-header\" data-strip-color=\"primary-light\">\n    <canvas id=\"headerCanvas\"><\/canvas>\n    <div class=\"block--page-header__content\">\n      <div class=\"container\">\n                <div class=\"row\">\n                      <div class=\"col-lg-3 d-flex justify-content-lg-end flex-column\">\n              <figure\n        class=\"image block--page-header__image-left d-none d-lg-block\"\n        \n    >\n        <img decoding=\"async\"\n            class=\"image__img image-position--center\"\n            src=\"https:\/\/www.sociaalteamhouten.nl\/wp-content\/uploads\/2025\/07\/251A3588-e1752055474208.webp\"\n            alt=\"\"\n            loading=\"lazy\"\n        \/>\n        \n    <\/figure>\n            <\/div>\n          \n          <div\n            class=\"col-lg-6 my-auto\"\n          >\n            <h1 class=\"block--page-header__title mb-0 h1 d-none d-lg-block\" >Do\u011fru yard\u0131ma giden yol<\/h1>\n    <h1 class=\"block--page-header__title mb-0 h1 d-block d-lg-none\" >Do\u011fru yard\u0131ma giden yol<\/h1>\n            \n            \n            <div class=\"text-wrapper block--page-header__text mt-8\">\n              <p>Bazen kendiniz veya bir ba\u015fkas\u0131 i\u00e7in nereden ba\u015flayaca\u011f\u0131n\u0131z\u0131 bilemezsiniz. Social Team Houten olarak, herkesin kendi hayat\u0131n\u0131n kontrol\u00fcn\u00fc elinde tutmay\u0131 hak etti\u011fine inan\u0131yoruz. Bu nedenle \u00e7\u00f6z\u00fcme giden yol, kendi istedi\u011finiz ve yapabilece\u011finiz \u015feylerle ba\u015flar. \u00d6nce kendi ba\u015f\u0131n\u0131za, muhtemelen \u00e7evrenizdeki insanlarla birlikte neler yapabilece\u011finize bak\u0131n. Bu m\u00fcmk\u00fcn de\u011fil mi? O zaman biz sizin i\u00e7in buraday\u0131z. Sizi dinliyor, sizinle birlikte d\u00fc\u015f\u00fcn\u00fcyor ve size ger\u00e7ekten uygun \u00e7\u00f6z\u00fcmleri birlikte ar\u0131yoruz. \u00d6yleyse i\u015fe koyulun, birlikte ilerleyin!<\/p>\n            <\/div>\n            \n            \n            \n            \n                      <\/div>\n                      <div class=\"col-xl-2 offset-xl-1 col-lg-3\">\n              <figure\n        class=\"image block--page-header__image-right mt-10 mt-lg-0 mx-auto\"\n        \n    >\n        <img decoding=\"async\"\n            class=\"image__img image-position--center\"\n            src=\"https:\/\/www.sociaalteamhouten.nl\/wp-content\/uploads\/2025\/07\/251A3779.webp\"\n            alt=\"\"\n            loading=\"lazy\"\n        \/>\n        \n    <\/figure>\n            <\/div>\n                  <\/div>\n      <\/div>\n    <\/div>\n  <\/section>\n\n\n<section class=\"block steps-swiper block--steps-swiper block--no-spacing-top block--double-spacing background-primary-light\">\n        <div class=\"container\">\n            <div class=\"row\">\n                <div class=\"col-lg-12\">\n                    <h2 class=\"mb-4 h2 d-none d-lg-block\" >Rota<\/h2>\n    <h2 class=\"mb-4 h2 d-block d-lg-none\" >Rota<\/h2>\n                <\/div>\n            <\/div>\n            <div class=\"block--steps-swiper__swiper swiper-box\">\n                <div class=\"swiper-wrapper\">\n                                            <div class=\"swiper-slide block--steps-swiper__card d-flex flex-column h-100\">\n                            <div class=\"block--steps-swiper__card-header h4\">\n                                                                    <img decoding=\"async\" src=\"https:\/\/www.sociaalteamhouten.nl\/wp-content\/uploads\/2025\/06\/treden.svg\" alt=\"\" class=\"block--steps-swiper__icon\" \/>\n                                                                                                    <div class=\"block--steps-swiper__title\">Ad\u0131m 1: \u0130lk ad\u0131m\u0131 at\u0131n<\/div>\n                                                            <\/div>\n                                                            <div class=\"block--steps-swiper__description text-wrapper\"><p>Kendiniz ya da bir yak\u0131n\u0131n\u0131z i\u00e7in neler yapabilece\u011finize bak\u0131n. Belki bir arkada\u015f\u0131n\u0131zla ya da kom\u015funuzla yapaca\u011f\u0131n\u0131z g\u00fczel bir sohbet size yard\u0131mc\u0131 olabilir. Ya da tema sayfalar\u0131m\u0131zda size daha fazla yard\u0131mc\u0131 olacak ara\u00e7lar ve i\u00e7g\u00f6r\u00fcler bulabilirsiniz. K\u00fc\u00e7\u00fck ad\u0131mlar genellikle b\u00fcy\u00fck bir fark yarat\u0131r. Kontrol sizde.<\/p>\n<\/div>\n                                                                                                            <\/div>\n                                            <div class=\"swiper-slide block--steps-swiper__card d-flex flex-column h-100\">\n                            <div class=\"block--steps-swiper__card-header h4\">\n                                                                    <img decoding=\"async\" src=\"https:\/\/www.sociaalteamhouten.nl\/wp-content\/uploads\/2025\/06\/samen.svg\" alt=\"\" class=\"block--steps-swiper__icon\" \/>\n                                                                                                    <div class=\"block--steps-swiper__title\">Ad\u0131m 2: Birlikte ilerlemek<\/div>\n                                                            <\/div>\n                                                            <div class=\"block--steps-swiper__description text-wrapper\"><p>Kendiniz tam olarak ula\u015famad\u0131n\u0131z m\u0131? O zaman bu konuyu sizinle birlikte incelemekten mutluluk duyar\u0131z. Hikayenizi dinliyor, neye ihtiya\u00e7 duyuldu\u011funu d\u00fc\u015f\u00fcn\u00fcyor ve m\u00fcmk\u00fcn olan yerlerde a\u011f\u0131n\u0131z\u0131 dahil ediyoruz. Hangi deste\u011fin sizin durumunuza uygun oldu\u011funu birlikte inceleyece\u011fiz.<\/p>\n<p>Wil je bij het gesprek met het Sociaal Team Houten ondersteuning van een onafhankelijk persoon, dan is dit mogelijk via een cli\u00ebntondersteuner. Deze ondersteuning is gratis. Zie voor meer informatie onderstaande knop.<\/p>\n<\/div>\n                                                                                        <div class=\"block--steps-swiper__buttons mt-4 mb-5\">\n                                                                            <a\n            href=\"https:\/\/www.houten.nl\/zorg-onderwijs-en-inkomen\/zorg-en-gezondheid\/clientondersteuning\"\n                aria-label=\"Yeni sekmede a\u00e7\"\n        tabindex=\"0\"\n            target=\"_blank\"\n        class=\"btn btn me-2 mb-3\"\n          >\n    Cli\u00ebntondersteuning\n    \n  <\/a>\n\n                                                                      <\/div>\n                                                                                <\/div>\n                                            <div class=\"swiper-slide block--steps-swiper__card d-flex flex-column h-100\">\n                            <div class=\"block--steps-swiper__card-header h4\">\n                                                                    <img decoding=\"async\" src=\"https:\/\/www.sociaalteamhouten.nl\/wp-content\/uploads\/2025\/06\/raket2.svg\" alt=\"\" class=\"block--steps-swiper__icon\" \/>\n                                                                                                    <div class=\"block--steps-swiper__title\">Ad\u0131m 3: Ba\u015flarken<\/div>\n                                                            <\/div>\n                                                            <div class=\"block--steps-swiper__description text-wrapper\"><p>Birlikte bir plan yap\u0131yoruz ve uygulamaya ge\u00e7iyoruz. Ki\u015fiye \u00f6zel destek ile. M\u00fcmk\u00fcn oldu\u011funca k\u0131sa, gerekirse daha uzun. \u0130leti\u015fim halinde kal\u0131yoruz ve kendi ba\u015f\u0131n\u0131za devam edebildi\u011finiz anda geri \u00e7ekiliyoruz. Bu \u015fekilde hayat\u0131n\u0131z\u0131n kontrol\u00fc sizde kal\u0131r.<\/p>\n<\/div>\n                                                                                                            <\/div>\n                                    <\/div>\n                <div class=\"mt-4\">\n                    <div class=\"d-flex align-items-center\">\n            <div class=\"swiper-scrollbar block--steps-swiper__swiper__nav-swiper-scrollbar me-5 flex-grow-1\">\n            <div class=\"swiper-progress-bar\"><\/div>\n        <\/div>\n        <div class=\"swiper-controls d-flex wp-block-steps-swiper\">\n        <div tabindex=\"-1\" class=\"me-1 swiper-button swiper-button--prev block--steps-swiper__swiper__nav block--steps-swiper__swiper__nav-swiper-button--prev\" aria-label=\"\u00d6nceki slayt\">\n            <i class=\"icon icon-arrow\"><\/i>\n        <\/div>\n        <div tabindex=\"-1\" class=\"swiper-button swiper-button--next block--steps-swiper__swiper__nav block--steps-swiper__swiper__nav-swiper-button--next\" aria-label=\"Sonraki slayt\">\n            <i class=\"icon icon-arrow\"><\/i>\n        <\/div>\n    <\/div>\n<\/div>\n                <\/div>\n            <\/div>\n        <\/div>\n    <\/section>\n\n\n<section class=\"block image block--image\">\n            <figure\n        class=\"image wp-block-image\"\n        \n    >\n        <img decoding=\"async\"\n            class=\"image__img image-position--center\"\n            src=\"https:\/\/www.sociaalteamhouten.nl\/wp-content\/uploads\/2025\/07\/251A3360-e1752062755815.webp\"\n            alt=\"\"\n            loading=\"lazy\"\n        \/>\n        \n    <\/figure>\n        <\/section>\n    \n\n<section class=\"block banner block--banner\">\n        <div class=\"container-fluid g-0\">\n            <div class=\"row\">\n                <div class=\"col-lg-5 mt-auto\">\n                    <figure\n        class=\"image block--banner__image\"\n        \n    >\n        <img decoding=\"async\"\n            class=\"image__img image-position--top\"\n            src=\"https:\/\/www.sociaalteamhouten.nl\/wp-content\/uploads\/2025\/07\/251A3923-e1751982140819.webp\"\n            alt=\"\"\n            loading=\"lazy\"\n        \/>\n        \n    <\/figure>\n                <\/div>\n                <svg width=\"0\" height=\"0\" viewbox=\"0 0 596 429\" xmlns=\"http:\/\/www.w3.org\/2000\/svg\" style=\"position: absolute;\">\n                    <clippath id=\"customClip\" clippathunits=\"objectBoundingBox\">\n                        <path d=\"M0.4854 0C0.6873 0 0.8243 0.162 0.9191 0.553L0.9192 0.553C0.9192 0.553 0.9191 0.553 0.9191 0.553V0.553C0.9497 0.6783 0.9796 0.8265 1 1H0V0.811C0.0957 0.232 0.244 0 0.4854 0Z\" \/>\n                    <\/clippath>\n                <\/svg>\n                <div class=\"col-lg-6 g-5 g-lg-0 offset-lg-1 align-content-lg-center order-first order-lg-last\">\n                    <div class=\"py-0 py-lg-10\">\n                        <h2 class=\"block--banner__title h2 d-none d-lg-block\" >Birlikte \u00e7al\u0131\u015fmak istiyorum <br>biriyle sohbet etmek<\/h2>\n    <h2 class=\"block--banner__title h2 d-block d-lg-none\" >Birlikte \u00e7al\u0131\u015fmak istiyorum <br>biriyle sohbet etmek<\/h2>\n                        <h4 class=\"mt-0 mt-lg-4\">Bize ula\u015f\u0131n<\/h4>\n                        <div class=\"block--banner__buttons mt-6 mt-lg-10\">\n                                                            <div>\n                                    <a tabindex=\"0\" class=\"btn\" href=\"tel:0306392250\">\n                                        <i class=\"icon icon-phone me-3\"><\/i>030 639 2250                                    <\/a>\n                                <\/div>\n                                <div>\n                                    <a tabindex=\"0\" class=\"btn\" href=\"mailto:info@sociaalteamhouten.nl\">\n                                        <i class=\"icon icon-email me-3\"><\/i>info@sociaalteamhouten.nl                                    <\/a>\n                                <\/div>\n                                                    <\/div>\n                    <\/div>\n                <\/div>\n            <\/div>\n        <\/div>\n    <\/section>","protected":false},"excerpt":{"rendered":"","protected":false},"author":1,"featured_media":0,"parent":0,"menu_order":12,"comment_status":"closed","ping_status":"closed","template":"","meta":{"_acf_changed":false,"footnotes":""},"class_list":["post-25","page","type-page","status-publish","hentry"],"acf":[],"yoast_head":"<!-- This site is optimized with the Yoast SEO plugin v27.3 - https:\/\/yoast.com\/product\/yoast-seo-wordpress\/ -->\n<title>Jouw weg naar de juiste hulp - Sociaal Team Houten<\/title>\n<meta name=\"description\" content=\"Bij het Sociaal Team Houten zien we verandering niet als een probleem, maar een uitdaging die we aangaan. Samen kijken we naar wat w\u00e9l kan. - Jouw weg naar de juiste hulp\" \/>\n<meta name=\"robots\" content=\"index, follow, max-snippet:-1, max-image-preview:large, max-video-preview:-1\" \/>\n<link rel=\"canonical\" href=\"https:\/\/www.sociaalteamhouten.nl\/tr\/jouw-weg-naar-de-juiste-hulp\/\" \/>\n<meta property=\"og:locale\" content=\"tr_TR\" \/>\n<meta property=\"og:type\" content=\"article\" \/>\n<meta property=\"og:title\" content=\"Jouw weg naar de juiste hulp - Sociaal Team Houten\" \/>\n<meta property=\"og:description\" content=\"Bij het Sociaal Team Houten zien we verandering niet als een probleem, maar een uitdaging die we aangaan. Samen kijken we naar wat w\u00e9l kan. - Jouw weg naar de juiste hulp\" \/>\n<meta property=\"og:url\" content=\"https:\/\/www.sociaalteamhouten.nl\/tr\/jouw-weg-naar-de-juiste-hulp\/\" \/>\n<meta property=\"og:site_name\" content=\"Sociaal Team Houten\" \/>\n<meta property=\"article:modified_time\" content=\"2026-01-13T12:20:04+00:00\" \/>\n<meta name=\"twitter:card\" content=\"summary_large_image\" \/>\n<meta name=\"twitter:label1\" content=\"Tahmini okuma s\u00fcresi\" \/>\n\t<meta name=\"twitter:data1\" content=\"3 dakika\" \/>\n<script type=\"application\/ld+json\" class=\"yoast-schema-graph\">{\"@context\":\"https:\\\/\\\/schema.org\",\"@graph\":[{\"@type\":\"WebPage\",\"@id\":\"https:\\\/\\\/www.sociaalteamhouten.nl\\\/jouw-weg-naar-de-juiste-hulp\\\/\",\"url\":\"https:\\\/\\\/www.sociaalteamhouten.nl\\\/jouw-weg-naar-de-juiste-hulp\\\/\",\"name\":\"Jouw weg naar de juiste hulp - Sociaal Team Houten\",\"isPartOf\":{\"@id\":\"https:\\\/\\\/www.sociaalteamhouten.nl\\\/#website\"},\"datePublished\":\"2025-04-17T11:20:17+00:00\",\"dateModified\":\"2026-01-13T12:20:04+00:00\",\"description\":\"Bij het Sociaal Team Houten zien we verandering niet als een probleem, maar een uitdaging die we aangaan. Samen kijken we naar wat w\u00e9l kan. - Jouw weg naar de juiste hulp\",\"breadcrumb\":{\"@id\":\"https:\\\/\\\/www.sociaalteamhouten.nl\\\/jouw-weg-naar-de-juiste-hulp\\\/#breadcrumb\"},\"inLanguage\":\"tr\",\"potentialAction\":[{\"@type\":\"ReadAction\",\"target\":[\"https:\\\/\\\/www.sociaalteamhouten.nl\\\/jouw-weg-naar-de-juiste-hulp\\\/\"]}]},{\"@type\":\"BreadcrumbList\",\"@id\":\"https:\\\/\\\/www.sociaalteamhouten.nl\\\/jouw-weg-naar-de-juiste-hulp\\\/#breadcrumb\",\"itemListElement\":[{\"@type\":\"ListItem\",\"position\":1,\"name\":\"Home\",\"item\":\"https:\\\/\\\/www.sociaalteamhouten.nl\\\/\"},{\"@type\":\"ListItem\",\"position\":2,\"name\":\"Jouw weg naar de juiste hulp\"}]},{\"@type\":\"WebSite\",\"@id\":\"https:\\\/\\\/www.sociaalteamhouten.nl\\\/#website\",\"url\":\"https:\\\/\\\/www.sociaalteamhouten.nl\\\/\",\"name\":\"Sociaal Team Houten\",\"description\":\"Samen verder\",\"publisher\":{\"@id\":\"https:\\\/\\\/www.sociaalteamhouten.nl\\\/#organization\"},\"potentialAction\":[{\"@type\":\"SearchAction\",\"target\":{\"@type\":\"EntryPoint\",\"urlTemplate\":\"https:\\\/\\\/www.sociaalteamhouten.nl\\\/?s={search_term_string}\"},\"query-input\":{\"@type\":\"PropertyValueSpecification\",\"valueRequired\":true,\"valueName\":\"search_term_string\"}}],\"inLanguage\":\"tr\"},{\"@type\":\"Organization\",\"@id\":\"https:\\\/\\\/www.sociaalteamhouten.nl\\\/#organization\",\"name\":\"Sociaal Team Houten\",\"url\":\"https:\\\/\\\/www.sociaalteamhouten.nl\\\/\",\"logo\":{\"@type\":\"ImageObject\",\"inLanguage\":\"tr\",\"@id\":\"https:\\\/\\\/www.sociaalteamhouten.nl\\\/#\\\/schema\\\/logo\\\/image\\\/\",\"url\":\"https:\\\/\\\/www.sociaalteamhouten.nl\\\/wp-content\\\/uploads\\\/2025\\\/04\\\/logo.svg\",\"contentUrl\":\"https:\\\/\\\/www.sociaalteamhouten.nl\\\/wp-content\\\/uploads\\\/2025\\\/04\\\/logo.svg\",\"caption\":\"Sociaal Team Houten\"},\"image\":{\"@id\":\"https:\\\/\\\/www.sociaalteamhouten.nl\\\/#\\\/schema\\\/logo\\\/image\\\/\"}}]}<\/script>\n<!-- \/ Yoast SEO plugin. -->","yoast_head_json":{"title":"Do\u011fru yard\u0131ma giden yol - Social Team Houten","description":"Sociaal Team Houten'de de\u011fi\u015fimi bir sorun olarak de\u011fil, \u00fcstesinden gelmemiz gereken bir meydan okuma olarak g\u00f6r\u00fcyoruz. Birlikte neler yap\u0131labilece\u011fine bak\u0131yoruz. - Do\u011fru yard\u0131ma giden yol","robots":{"index":"index","follow":"follow","max-snippet":"max-snippet:-1","max-image-preview":"max-image-preview:large","max-video-preview":"max-video-preview:-1"},"canonical":"https:\/\/www.sociaalteamhouten.nl\/tr\/jouw-weg-naar-de-juiste-hulp\/","og_locale":"tr_TR","og_type":"article","og_title":"Jouw weg naar de juiste hulp - Sociaal Team Houten","og_description":"Bij het Sociaal Team Houten zien we verandering niet als een probleem, maar een uitdaging die we aangaan. Samen kijken we naar wat w\u00e9l kan. - Jouw weg naar de juiste hulp","og_url":"https:\/\/www.sociaalteamhouten.nl\/tr\/jouw-weg-naar-de-juiste-hulp\/","og_site_name":"Sociaal Team Houten","article_modified_time":"2026-01-13T12:20:04+00:00","twitter_card":"summary_large_image","twitter_misc":{"Tahmini okuma s\u00fcresi":"3 dakika"},"schema":{"@context":"https:\/\/schema.org","@graph":[{"@type":"WebPage","@id":"https:\/\/www.sociaalteamhouten.nl\/jouw-weg-naar-de-juiste-hulp\/","url":"https:\/\/www.sociaalteamhouten.nl\/jouw-weg-naar-de-juiste-hulp\/","name":"Do\u011fru yard\u0131ma giden yol - Social Team Houten","isPartOf":{"@id":"https:\/\/www.sociaalteamhouten.nl\/#website"},"datePublished":"2025-04-17T11:20:17+00:00","dateModified":"2026-01-13T12:20:04+00:00","description":"Sociaal Team Houten'de de\u011fi\u015fimi bir sorun olarak de\u011fil, \u00fcstesinden gelmemiz gereken bir meydan okuma olarak g\u00f6r\u00fcyoruz. Birlikte neler yap\u0131labilece\u011fine bak\u0131yoruz. - Do\u011fru yard\u0131ma giden yol","breadcrumb":{"@id":"https:\/\/www.sociaalteamhouten.nl\/jouw-weg-naar-de-juiste-hulp\/#breadcrumb"},"inLanguage":"tr","potentialAction":[{"@type":"ReadAction","target":["https:\/\/www.sociaalteamhouten.nl\/jouw-weg-naar-de-juiste-hulp\/"]}]},{"@type":"BreadcrumbList","@id":"https:\/\/www.sociaalteamhouten.nl\/jouw-weg-naar-de-juiste-hulp\/#breadcrumb","itemListElement":[{"@type":"ListItem","position":1,"name":"Home","item":"https:\/\/www.sociaalteamhouten.nl\/"},{"@type":"ListItem","position":2,"name":"Jouw weg naar de juiste hulp"}]},{"@type":"WebSite","@id":"https:\/\/www.sociaalteamhouten.nl\/#website","url":"https:\/\/www.sociaalteamhouten.nl\/","name":"Sosyal Ekip Houten","description":"Daha fazla birlikte","publisher":{"@id":"https:\/\/www.sociaalteamhouten.nl\/#organization"},"potentialAction":[{"@type":"SearchAction","target":{"@type":"EntryPoint","urlTemplate":"https:\/\/www.sociaalteamhouten.nl\/?s={search_term_string}"},"query-input":{"@type":"PropertyValueSpecification","valueRequired":true,"valueName":"search_term_string"}}],"inLanguage":"tr"},{"@type":"Organization","@id":"https:\/\/www.sociaalteamhouten.nl\/#organization","name":"Sosyal Ekip Houten","url":"https:\/\/www.sociaalteamhouten.nl\/","logo":{"@type":"ImageObject","inLanguage":"tr","@id":"https:\/\/www.sociaalteamhouten.nl\/#\/schema\/logo\/image\/","url":"https:\/\/www.sociaalteamhouten.nl\/wp-content\/uploads\/2025\/04\/logo.svg","contentUrl":"https:\/\/www.sociaalteamhouten.nl\/wp-content\/uploads\/2025\/04\/logo.svg","caption":"Sociaal Team Houten"},"image":{"@id":"https:\/\/www.sociaalteamhouten.nl\/#\/schema\/logo\/image\/"}}]}},"_links":{"self":[{"href":"https:\/\/www.sociaalteamhouten.nl\/tr\/wp-json\/wp\/v2\/pages\/25","targetHints":{"allow":["GET"]}}],"collection":[{"href":"https:\/\/www.sociaalteamhouten.nl\/tr\/wp-json\/wp\/v2\/pages"}],"about":[{"href":"https:\/\/www.sociaalteamhouten.nl\/tr\/wp-json\/wp\/v2\/types\/page"}],"author":[{"embeddable":true,"href":"https:\/\/www.sociaalteamhouten.nl\/tr\/wp-json\/wp\/v2\/users\/1"}],"replies":[{"embeddable":true,"href":"https:\/\/www.sociaalteamhouten.nl\/tr\/wp-json\/wp\/v2\/comments?post=25"}],"version-history":[{"count":15,"href":"https:\/\/www.sociaalteamhouten.nl\/tr\/wp-json\/wp\/v2\/pages\/25\/revisions"}],"predecessor-version":[{"id":1468,"href":"https:\/\/www.sociaalteamhouten.nl\/tr\/wp-json\/wp\/v2\/pages\/25\/revisions\/1468"}],"wp:attachment":[{"href":"https:\/\/www.sociaalteamhouten.nl\/tr\/wp-json\/wp\/v2\/media?parent=25"}],"curies":[{"name":"wp","href":"https:\/\/api.w.org\/{rel}","templated":true}]}}