{"id":326,"date":"2025-06-23T08:09:43","date_gmt":"2025-06-23T07:09:43","guid":{"rendered":"https:\/\/www.sociaalteamhouten.nl\/?page_id=326"},"modified":"2025-12-01T13:59:37","modified_gmt":"2025-12-01T12:59:37","slug":"klachtenbehandeling","status":"publish","type":"page","link":"https:\/\/www.sociaalteamhouten.nl\/tr\/klachtenbehandeling\/","title":{"rendered":"\u015eik\u00e2yetlerin ele al\u0131nmas\u0131"},"content":{"rendered":"<section class=\"block page-header block--page-header\" data-strip-color=\"primary-light\">\n    <canvas id=\"headerCanvas\"><\/canvas>\n    <div class=\"block--page-header__content\">\n      <div class=\"container\">\n                <div class=\"row\">\n                      <div class=\"col-lg-3 d-flex justify-content-lg-end flex-column\">\n              <figure\n        class=\"image block--page-header__image-left d-none d-lg-block\"\n        \n    >\n        <img decoding=\"async\"\n            class=\"image__img image-position--center\"\n            src=\"https:\/\/www.sociaalteamhouten.nl\/wp-content\/uploads\/2025\/07\/251A3874.webp\"\n            alt=\"\"\n            loading=\"lazy\"\n        \/>\n        \n    <\/figure>\n            <\/div>\n          \n          <div\n            class=\"col-lg-6 my-auto\"\n          >\n            <h1 class=\"block--page-header__title mb-0 h1 d-none d-lg-block\" >Ad\u0131m ad\u0131m sesinizi duyurmak<\/h1>\n    <h1 class=\"block--page-header__title mb-0 h1 d-block d-lg-none\" >Ad\u0131m ad\u0131m sesinizi duyurmak<\/h1>\n            \n            \n            <div class=\"text-wrapper block--page-header__text mt-8\">\n              <p>Deste\u011fimizden memnun olman\u0131z bizim i\u00e7in \u00f6nemlidir. Hizmetlerimizi geli\u015ftirmek i\u00e7in bir fikriniz var m\u0131? Ya da bir \u015feyle mi kar\u015f\u0131la\u015f\u0131yorsunuz? Bize bildirin! Birlikte bir \u00e7\u00f6z\u00fcm veya iyile\u015ftirme arayaca\u011f\u0131z. Deneyimlerinizi dinliyor ve t\u00fcm geri bildirimleri ciddiye al\u0131yoruz, \u00e7\u00fcnk\u00fc deste\u011fimizin ihtiya\u00e7lar\u0131n\u0131z\u0131 kar\u015f\u0131lamas\u0131n\u0131 istiyoruz. Geri bildiriminizi veya \u015fikayetinizi g\u00f6ndermek i\u00e7in a\u015fa\u011f\u0131daki ad\u0131mlar\u0131 izleyin.<\/p>\n            <\/div>\n            \n            \n            \n            \n                      <\/div>\n                      <div class=\"col-xl-2 offset-xl-1 col-lg-3\">\n              <figure\n        class=\"image block--page-header__image-right mt-10 mt-lg-0 mx-auto\"\n        \n    >\n        <img decoding=\"async\"\n            class=\"image__img image-position--center\"\n            src=\"https:\/\/www.sociaalteamhouten.nl\/wp-content\/uploads\/2025\/07\/251A4085.webp\"\n            alt=\"\"\n            loading=\"lazy\"\n        \/>\n        \n    <\/figure>\n            <\/div>\n                  <\/div>\n      <\/div>\n    <\/div>\n  <\/section>\n\n\n<section class=\"block steps-swiper block--steps-swiper block--no-spacing-top block--double-spacing background-primary-light\">\n        <div class=\"container\">\n            <div class=\"row\">\n                <div class=\"col-lg-12\">\n                    <h2 class=\"mb-4 h2 d-none d-lg-block\" >\u015eikayetlerin ele al\u0131nmas\u0131 i\u00e7in yol haritas\u0131<\/h2>\n    <h2 class=\"mb-4 h2 d-block d-lg-none\" >\u015eikayetlerin ele al\u0131nmas\u0131 i\u00e7in yol haritas\u0131<\/h2>\n                <\/div>\n            <\/div>\n            <div class=\"block--steps-swiper__swiper swiper-box\">\n                <div class=\"swiper-wrapper\">\n                                            <div class=\"swiper-slide block--steps-swiper__card d-flex flex-column h-100\">\n                            <div class=\"block--steps-swiper__card-header h4\">\n                                                                    <img decoding=\"async\" src=\"https:\/\/www.sociaalteamhouten.nl\/wp-content\/uploads\/2025\/06\/lamp.svg\" alt=\"\" class=\"block--steps-swiper__icon\" \/>\n                                                                                                    <div class=\"block--steps-swiper__title\">Ad\u0131m 1: Fikir veya \u00f6neri?<\/div>\n                                                            <\/div>\n                                                            <div class=\"block--steps-swiper__description text-wrapper\"><p>Hizmetimizi geli\u015ftirmek i\u00e7in bir fikriniz var m\u0131?<br \/>\nD\u00fc\u015f\u00fcncelerinizi bizimle payla\u015f\u0131n.<\/p>\n<\/div>\n                                                                                        <div class=\"block--steps-swiper__buttons mt-4 mb-5\">\n                                                                            <a\n            href=\"mailto:secretariaat@sociaalteamhouten.nl?subject=Klacht\"\n            tabindex=\"0\"\n        class=\"btn btn me-2 mb-3\"\n          >\n    Geri bildiriminizi iletin\n    \n  <\/a>\n\n                                                                      <\/div>\n                                                                                        <div class=\"block--steps-swiper__under\">\n                                    <p>Bir \u00f6neriden daha fazlas\u0131 m\u0131 ve bir \u015fikayete mi y\u00f6neliyor? 2. ad\u0131ma ge\u00e7in.<\/p>\n\n                                <\/div>\n                                                    <\/div>\n                                            <div class=\"swiper-slide block--steps-swiper__card d-flex flex-column h-100\">\n                            <div class=\"block--steps-swiper__card-header h4\">\n                                                                    <img decoding=\"async\" src=\"https:\/\/www.sociaalteamhouten.nl\/wp-content\/uploads\/2025\/06\/spraak.svg\" alt=\"\" class=\"block--steps-swiper__icon\" \/>\n                                                                                                    <div class=\"block--steps-swiper__title\">Ad\u0131m 2: Sa\u011fl\u0131k uzman\u0131n\u0131zla g\u00f6r\u00fc\u015f\u00fcn<\/div>\n                                                            <\/div>\n                                                            <div class=\"block--steps-swiper__description text-wrapper\"><p>Sa\u011fl\u0131k uzman\u0131n\u0131zla ileti\u015fime ge\u00e7in.<br \/>\nBirlikte neler olup bitti\u011fine bakar ve bir \u00e7\u00f6z\u00fcm buluruz.<\/p>\n<\/div>\n                                                                                                                    <div class=\"block--steps-swiper__under\">\n                                    <p>Ba\u011f\u0131ms\u0131z bir m\u00fclakat m\u0131 tercih ediyorsunuz? 3. ad\u0131ma gidin.<\/p>\n\n                                <\/div>\n                                                    <\/div>\n                                            <div class=\"swiper-slide block--steps-swiper__card d-flex flex-column h-100\">\n                            <div class=\"block--steps-swiper__card-header h4\">\n                                                                    <img decoding=\"async\" src=\"https:\/\/www.sociaalteamhouten.nl\/wp-content\/uploads\/2025\/06\/weeg.svg\" alt=\"\" class=\"block--steps-swiper__icon\" \/>\n                                                                                                    <div class=\"block--steps-swiper__title\">Ad\u0131m 3: Ba\u011f\u0131ms\u0131z destek<\/div>\n                                                            <\/div>\n                                                            <div class=\"block--steps-swiper__description text-wrapper\"><p>De ombudsfunctionaris helpt je verder en maakt onderdeel uit van de gemeente.<\/p>\n<\/div>\n                                                                                                                    <div class=\"block--steps-swiper__under\">\n                                    <p>Yeterince \u00e7\u00f6z\u00fclmedi mi? 4. ad\u0131ma gidin.<\/p>\n\n                                <\/div>\n                                                    <\/div>\n                                            <div class=\"swiper-slide block--steps-swiper__card d-flex flex-column h-100\">\n                            <div class=\"block--steps-swiper__card-header h4\">\n                                                                                                    <div class=\"block--steps-swiper__title\">Ad\u0131m 4: Resmi bir \u015fikayette bulunma<\/div>\n                                                            <\/div>\n                                                            <div class=\"block--steps-swiper__description text-wrapper\"><p>\u015eikayetler a\u015fa\u011f\u0131daki se\u00e7enekler arac\u0131l\u0131\u011f\u0131yla veya mektupla Stichting Sociaal Team Houten, Postbus 30, 3990 DA Houten adresine g\u00f6nderilebilir.<\/p>\n<\/div>\n                                                                                        <div class=\"block--steps-swiper__buttons mt-4 mb-5\">\n                                                                            <a\n            href=\"mailto:secretariaat@sociaalteamhouten.nl?subject=Klacht\"\n            tabindex=\"0\"\n        class=\"btn btn me-2 mb-3\"\n          >\n    Mail naar secretariaat@sociaalteamhouten.nl\n    \n  <\/a>\n\n                                                                      <\/div>\n                                                                                        <div class=\"block--steps-swiper__under\">\n                                    <p>Bu prosed\u00fcr\u00fc kendi ba\u015f\u0131n\u0131za yapmakta zorlan\u0131yor musunuz? O zaman 5. ad\u0131ma gidin.<\/p>\n\n                                <\/div>\n                                                    <\/div>\n                                            <div class=\"swiper-slide block--steps-swiper__card d-flex flex-column h-100\">\n                            <div class=\"block--steps-swiper__card-header h4\">\n                                                                                                    <div class=\"block--steps-swiper__title\">Ad\u0131m 5: Deste\u011fe mi ihtiyac\u0131n\u0131z var?<\/div>\n                                                            <\/div>\n                                                            <div class=\"block--steps-swiper__description text-wrapper\"><p>Bir s\u0131rda\u015f veya m\u00fc\u015fteri destek\u00e7isi size yard\u0131mc\u0131 olmaktan mutluluk duyacakt\u0131r!<br \/>\nT\u0131klay\u0131n <a href=\"https:\/\/www.houten.nl\/zorg-onderwijs-en-inkomen\/zorg-en-gezondheid\/clientondersteuning\">Burada<\/a>.<\/p>\n<p>&nbsp;<\/p>\n<\/div>\n                                                                                                                    <div class=\"block--steps-swiper__under\">\n                                    <p>Jongere? Via <a href=\"https:\/\/jeugdstem.nl\/\" target=\"_blank\" rel=\"noopener\">JeugdStem<\/a> staat er ondersteuning voor je klaar. Bel <a href=\"tel:088-5551000\">088-5551000<\/a><\/p>\n\n                                <\/div>\n                                                    <\/div>\n                                            <div class=\"swiper-slide block--steps-swiper__card d-flex flex-column h-100\">\n                            <div class=\"block--steps-swiper__card-header h4\">\n                                                                                                    <div class=\"block--steps-swiper__title\">Ad\u0131m 6: \u0130tirazda bulunma<\/div>\n                                                            <\/div>\n                                                            <div class=\"block--steps-swiper__description text-wrapper\"><p>Resmi bir karara kat\u0131lm\u0131yor musunuz? Houten Belediyesi'ne 6 hafta i\u00e7inde bir itiraz g\u00f6nderin.<\/p>\n<\/div>\n                                                                                                                    <div class=\"block--steps-swiper__under\">\n                                    <p>De klachtencommissie behandelt je bezwaar en deelt haar bevinden met jou en het Sociaal Team Houten.<\/p>\n\n                                <\/div>\n                                                    <\/div>\n                                    <\/div>\n                <div class=\"mt-4\">\n                    <div class=\"d-flex align-items-center\">\n            <div class=\"swiper-scrollbar block--steps-swiper__swiper__nav-swiper-scrollbar me-5 flex-grow-1\">\n            <div class=\"swiper-progress-bar\"><\/div>\n        <\/div>\n        <div class=\"swiper-controls d-flex wp-block-steps-swiper\">\n        <div tabindex=\"-1\" class=\"me-1 swiper-button swiper-button--prev block--steps-swiper__swiper__nav block--steps-swiper__swiper__nav-swiper-button--prev\" aria-label=\"\u00d6nceki slayt\">\n            <i class=\"icon icon-arrow\"><\/i>\n        <\/div>\n        <div tabindex=\"-1\" class=\"swiper-button swiper-button--next block--steps-swiper__swiper__nav block--steps-swiper__swiper__nav-swiper-button--next\" aria-label=\"Sonraki slayt\">\n            <i class=\"icon icon-arrow\"><\/i>\n        <\/div>\n    <\/div>\n<\/div>\n                <\/div>\n            <\/div>\n        <\/div>\n    <\/section>\n\n\n<section class=\"block image block--image\">\n            <figure\n        class=\"image wp-block-image\"\n        \n    >\n        <img decoding=\"async\"\n            class=\"image__img image-position--center\"\n            src=\"https:\/\/www.sociaalteamhouten.nl\/wp-content\/uploads\/2025\/07\/251A3418-e1752051075100.webp\"\n            alt=\"\"\n            loading=\"lazy\"\n        \/>\n        \n    <\/figure>\n        <\/section>\n    \n\n<section class=\"block banner block--banner\">\n        <div class=\"container-fluid g-0\">\n            <div class=\"row\">\n                <div class=\"col-lg-5 mt-auto\">\n                    <figure\n        class=\"image block--banner__image\"\n        \n    >\n        <img decoding=\"async\"\n            class=\"image__img image-position--top\"\n            src=\"https:\/\/www.sociaalteamhouten.nl\/wp-content\/uploads\/2025\/07\/251A3923-e1751982140819.webp\"\n            alt=\"\"\n            loading=\"lazy\"\n        \/>\n        \n    <\/figure>\n                <\/div>\n                <svg width=\"0\" height=\"0\" viewbox=\"0 0 596 429\" xmlns=\"http:\/\/www.w3.org\/2000\/svg\" style=\"position: absolute;\">\n                    <clippath id=\"customClip\" clippathunits=\"objectBoundingBox\">\n                        <path d=\"M0.4854 0C0.6873 0 0.8243 0.162 0.9191 0.553L0.9192 0.553C0.9192 0.553 0.9191 0.553 0.9191 0.553V0.553C0.9497 0.6783 0.9796 0.8265 1 1H0V0.811C0.0957 0.232 0.244 0 0.4854 0Z\" \/>\n                    <\/clippath>\n                <\/svg>\n                <div class=\"col-lg-6 g-5 g-lg-0 offset-lg-1 align-content-lg-center order-first order-lg-last\">\n                    <div class=\"py-0 py-lg-10\">\n                        <h2 class=\"block--banner__title h2 d-none d-lg-block\" >Birlikte \u00e7al\u0131\u015fmak istiyorum <br>biriyle sohbet etmek<\/h2>\n    <h2 class=\"block--banner__title h2 d-block d-lg-none\" >Birlikte \u00e7al\u0131\u015fmak istiyorum <br>biriyle sohbet etmek<\/h2>\n                        <h4 class=\"mt-0 mt-lg-4\">Bize ula\u015f\u0131n<\/h4>\n                        <div class=\"block--banner__buttons mt-6 mt-lg-10\">\n                                                            <div>\n                                    <a tabindex=\"0\" class=\"btn\" href=\"tel:0306392250\">\n                                        <i class=\"icon icon-phone me-3\"><\/i>030 639 2250                                    <\/a>\n                                <\/div>\n                                <div>\n                                    <a tabindex=\"0\" class=\"btn\" href=\"mailto:info@sociaalteamhouten.nl\">\n                                        <i class=\"icon icon-email me-3\"><\/i>info@sociaalteamhouten.nl                                    <\/a>\n                                <\/div>\n                                                    <\/div>\n                    <\/div>\n                <\/div>\n            <\/div>\n        <\/div>\n    <\/section>","protected":false},"excerpt":{"rendered":"","protected":false},"author":1,"featured_media":0,"parent":0,"menu_order":13,"comment_status":"closed","ping_status":"closed","template":"","meta":{"_acf_changed":false,"footnotes":""},"class_list":["post-326","page","type-page","status-publish","hentry"],"acf":[],"yoast_head":"<!-- This site is optimized with the Yoast SEO plugin v27.3 - https:\/\/yoast.com\/product\/yoast-seo-wordpress\/ -->\n<title>Klachtenbehandeling - Sociaal Team Houten<\/title>\n<meta name=\"description\" content=\"Bij het Sociaal Team Houten zien we verandering niet als een probleem, maar een uitdaging die we aangaan. Samen kijken we naar wat w\u00e9l kan. - Klachtenbehandeling\" \/>\n<meta name=\"robots\" content=\"index, follow, max-snippet:-1, max-image-preview:large, max-video-preview:-1\" \/>\n<link rel=\"canonical\" href=\"https:\/\/www.sociaalteamhouten.nl\/tr\/klachtenbehandeling\/\" \/>\n<meta property=\"og:locale\" content=\"tr_TR\" \/>\n<meta property=\"og:type\" content=\"article\" \/>\n<meta property=\"og:title\" content=\"Klachtenbehandeling - Sociaal Team Houten\" \/>\n<meta property=\"og:description\" content=\"Bij het Sociaal Team Houten zien we verandering niet als een probleem, maar een uitdaging die we aangaan. Samen kijken we naar wat w\u00e9l kan. - Klachtenbehandeling\" \/>\n<meta property=\"og:url\" content=\"https:\/\/www.sociaalteamhouten.nl\/tr\/klachtenbehandeling\/\" \/>\n<meta property=\"og:site_name\" content=\"Sociaal Team Houten\" \/>\n<meta property=\"article:modified_time\" content=\"2025-12-01T12:59:37+00:00\" \/>\n<meta name=\"twitter:card\" content=\"summary_large_image\" \/>\n<meta name=\"twitter:label1\" content=\"Tahmini okuma s\u00fcresi\" \/>\n\t<meta name=\"twitter:data1\" content=\"3 dakika\" \/>\n<script type=\"application\/ld+json\" class=\"yoast-schema-graph\">{\"@context\":\"https:\\\/\\\/schema.org\",\"@graph\":[{\"@type\":\"WebPage\",\"@id\":\"https:\\\/\\\/www.sociaalteamhouten.nl\\\/klachtenbehandeling\\\/\",\"url\":\"https:\\\/\\\/www.sociaalteamhouten.nl\\\/klachtenbehandeling\\\/\",\"name\":\"Klachtenbehandeling - Sociaal Team Houten\",\"isPartOf\":{\"@id\":\"https:\\\/\\\/www.sociaalteamhouten.nl\\\/#website\"},\"datePublished\":\"2025-06-23T07:09:43+00:00\",\"dateModified\":\"2025-12-01T12:59:37+00:00\",\"description\":\"Bij het Sociaal Team Houten zien we verandering niet als een probleem, maar een uitdaging die we aangaan. Samen kijken we naar wat w\u00e9l kan. - Klachtenbehandeling\",\"breadcrumb\":{\"@id\":\"https:\\\/\\\/www.sociaalteamhouten.nl\\\/klachtenbehandeling\\\/#breadcrumb\"},\"inLanguage\":\"tr\",\"potentialAction\":[{\"@type\":\"ReadAction\",\"target\":[\"https:\\\/\\\/www.sociaalteamhouten.nl\\\/klachtenbehandeling\\\/\"]}]},{\"@type\":\"BreadcrumbList\",\"@id\":\"https:\\\/\\\/www.sociaalteamhouten.nl\\\/klachtenbehandeling\\\/#breadcrumb\",\"itemListElement\":[{\"@type\":\"ListItem\",\"position\":1,\"name\":\"Home\",\"item\":\"https:\\\/\\\/www.sociaalteamhouten.nl\\\/\"},{\"@type\":\"ListItem\",\"position\":2,\"name\":\"Klachtenbehandeling\"}]},{\"@type\":\"WebSite\",\"@id\":\"https:\\\/\\\/www.sociaalteamhouten.nl\\\/#website\",\"url\":\"https:\\\/\\\/www.sociaalteamhouten.nl\\\/\",\"name\":\"Sociaal Team Houten\",\"description\":\"Samen verder\",\"publisher\":{\"@id\":\"https:\\\/\\\/www.sociaalteamhouten.nl\\\/#organization\"},\"potentialAction\":[{\"@type\":\"SearchAction\",\"target\":{\"@type\":\"EntryPoint\",\"urlTemplate\":\"https:\\\/\\\/www.sociaalteamhouten.nl\\\/?s={search_term_string}\"},\"query-input\":{\"@type\":\"PropertyValueSpecification\",\"valueRequired\":true,\"valueName\":\"search_term_string\"}}],\"inLanguage\":\"tr\"},{\"@type\":\"Organization\",\"@id\":\"https:\\\/\\\/www.sociaalteamhouten.nl\\\/#organization\",\"name\":\"Sociaal Team Houten\",\"url\":\"https:\\\/\\\/www.sociaalteamhouten.nl\\\/\",\"logo\":{\"@type\":\"ImageObject\",\"inLanguage\":\"tr\",\"@id\":\"https:\\\/\\\/www.sociaalteamhouten.nl\\\/#\\\/schema\\\/logo\\\/image\\\/\",\"url\":\"https:\\\/\\\/www.sociaalteamhouten.nl\\\/wp-content\\\/uploads\\\/2025\\\/04\\\/logo.svg\",\"contentUrl\":\"https:\\\/\\\/www.sociaalteamhouten.nl\\\/wp-content\\\/uploads\\\/2025\\\/04\\\/logo.svg\",\"caption\":\"Sociaal Team Houten\"},\"image\":{\"@id\":\"https:\\\/\\\/www.sociaalteamhouten.nl\\\/#\\\/schema\\\/logo\\\/image\\\/\"}}]}<\/script>\n<!-- \/ Yoast SEO plugin. -->","yoast_head_json":{"title":"\u015eikayetlerin ele al\u0131nmas\u0131 - Houten Sosyal Ekibi","description":"Sociaal Team Houten'de de\u011fi\u015fimi bir sorun olarak de\u011fil, \u00fcstesinden gelmemiz gereken bir meydan okuma olarak g\u00f6r\u00fcyoruz. Birlikte neler yap\u0131labilece\u011fine bak\u0131yoruz. - \u015eikayetlerin ele al\u0131nmas\u0131","robots":{"index":"index","follow":"follow","max-snippet":"max-snippet:-1","max-image-preview":"max-image-preview:large","max-video-preview":"max-video-preview:-1"},"canonical":"https:\/\/www.sociaalteamhouten.nl\/tr\/klachtenbehandeling\/","og_locale":"tr_TR","og_type":"article","og_title":"Klachtenbehandeling - Sociaal Team Houten","og_description":"Bij het Sociaal Team Houten zien we verandering niet als een probleem, maar een uitdaging die we aangaan. Samen kijken we naar wat w\u00e9l kan. - Klachtenbehandeling","og_url":"https:\/\/www.sociaalteamhouten.nl\/tr\/klachtenbehandeling\/","og_site_name":"Sociaal Team Houten","article_modified_time":"2025-12-01T12:59:37+00:00","twitter_card":"summary_large_image","twitter_misc":{"Tahmini okuma s\u00fcresi":"3 dakika"},"schema":{"@context":"https:\/\/schema.org","@graph":[{"@type":"WebPage","@id":"https:\/\/www.sociaalteamhouten.nl\/klachtenbehandeling\/","url":"https:\/\/www.sociaalteamhouten.nl\/klachtenbehandeling\/","name":"\u015eikayetlerin ele al\u0131nmas\u0131 - Houten Sosyal Ekibi","isPartOf":{"@id":"https:\/\/www.sociaalteamhouten.nl\/#website"},"datePublished":"2025-06-23T07:09:43+00:00","dateModified":"2025-12-01T12:59:37+00:00","description":"Sociaal Team Houten'de de\u011fi\u015fimi bir sorun olarak de\u011fil, \u00fcstesinden gelmemiz gereken bir meydan okuma olarak g\u00f6r\u00fcyoruz. Birlikte neler yap\u0131labilece\u011fine bak\u0131yoruz. - \u015eikayetlerin ele al\u0131nmas\u0131","breadcrumb":{"@id":"https:\/\/www.sociaalteamhouten.nl\/klachtenbehandeling\/#breadcrumb"},"inLanguage":"tr","potentialAction":[{"@type":"ReadAction","target":["https:\/\/www.sociaalteamhouten.nl\/klachtenbehandeling\/"]}]},{"@type":"BreadcrumbList","@id":"https:\/\/www.sociaalteamhouten.nl\/klachtenbehandeling\/#breadcrumb","itemListElement":[{"@type":"ListItem","position":1,"name":"Home","item":"https:\/\/www.sociaalteamhouten.nl\/"},{"@type":"ListItem","position":2,"name":"Klachtenbehandeling"}]},{"@type":"WebSite","@id":"https:\/\/www.sociaalteamhouten.nl\/#website","url":"https:\/\/www.sociaalteamhouten.nl\/","name":"Sosyal Ekip Houten","description":"Daha fazla birlikte","publisher":{"@id":"https:\/\/www.sociaalteamhouten.nl\/#organization"},"potentialAction":[{"@type":"SearchAction","target":{"@type":"EntryPoint","urlTemplate":"https:\/\/www.sociaalteamhouten.nl\/?s={search_term_string}"},"query-input":{"@type":"PropertyValueSpecification","valueRequired":true,"valueName":"search_term_string"}}],"inLanguage":"tr"},{"@type":"Organization","@id":"https:\/\/www.sociaalteamhouten.nl\/#organization","name":"Sosyal Ekip Houten","url":"https:\/\/www.sociaalteamhouten.nl\/","logo":{"@type":"ImageObject","inLanguage":"tr","@id":"https:\/\/www.sociaalteamhouten.nl\/#\/schema\/logo\/image\/","url":"https:\/\/www.sociaalteamhouten.nl\/wp-content\/uploads\/2025\/04\/logo.svg","contentUrl":"https:\/\/www.sociaalteamhouten.nl\/wp-content\/uploads\/2025\/04\/logo.svg","caption":"Sociaal Team Houten"},"image":{"@id":"https:\/\/www.sociaalteamhouten.nl\/#\/schema\/logo\/image\/"}}]}},"_links":{"self":[{"href":"https:\/\/www.sociaalteamhouten.nl\/tr\/wp-json\/wp\/v2\/pages\/326","targetHints":{"allow":["GET"]}}],"collection":[{"href":"https:\/\/www.sociaalteamhouten.nl\/tr\/wp-json\/wp\/v2\/pages"}],"about":[{"href":"https:\/\/www.sociaalteamhouten.nl\/tr\/wp-json\/wp\/v2\/types\/page"}],"author":[{"embeddable":true,"href":"https:\/\/www.sociaalteamhouten.nl\/tr\/wp-json\/wp\/v2\/users\/1"}],"replies":[{"embeddable":true,"href":"https:\/\/www.sociaalteamhouten.nl\/tr\/wp-json\/wp\/v2\/comments?post=326"}],"version-history":[{"count":30,"href":"https:\/\/www.sociaalteamhouten.nl\/tr\/wp-json\/wp\/v2\/pages\/326\/revisions"}],"predecessor-version":[{"id":1390,"href":"https:\/\/www.sociaalteamhouten.nl\/tr\/wp-json\/wp\/v2\/pages\/326\/revisions\/1390"}],"wp:attachment":[{"href":"https:\/\/www.sociaalteamhouten.nl\/tr\/wp-json\/wp\/v2\/media?parent=326"}],"curies":[{"name":"wp","href":"https:\/\/api.w.org\/{rel}","templated":true}]}}