{"id":375,"date":"2025-06-24T09:53:53","date_gmt":"2025-06-24T08:53:53","guid":{"rendered":"https:\/\/www.sociaalteamhouten.nl\/?page_id=375"},"modified":"2025-07-24T10:30:30","modified_gmt":"2025-07-24T09:30:30","slug":"een-vraag-voor-iemand-anders","status":"publish","type":"page","link":"https:\/\/www.sociaalteamhouten.nl\/tr\/een-vraag-voor-iemand-anders\/","title":{"rendered":"Ba\u015fkas\u0131 i\u00e7in bir soru mu?"},"content":{"rendered":"<section class=\"block page-header block--page-header\" data-strip-color=\"primary-light\">\n    <canvas id=\"headerCanvas\"><\/canvas>\n    <div class=\"block--page-header__content\">\n      <div class=\"container\">\n                <div class=\"row\">\n                      <div class=\"col-lg-3 d-flex justify-content-lg-end flex-column\">\n              <figure\n        class=\"image block--page-header__image-left d-none d-lg-block\"\n        \n    >\n        <img decoding=\"async\"\n            class=\"image__img image-position--center\"\n            src=\"https:\/\/www.sociaalteamhouten.nl\/wp-content\/uploads\/2025\/07\/251A4356.webp\"\n            alt=\"\"\n            loading=\"lazy\"\n        \/>\n        \n    <\/figure>\n            <\/div>\n          \n          <div\n            class=\"col-lg-6 my-auto\"\n          >\n            <h1 class=\"block--page-header__title mb-0 h1 d-none d-lg-block\" >Ba\u015fkas\u0131 i\u00e7in bir soru mu?<\/h1>\n    <h1 class=\"block--page-header__title mb-0 h1 d-block d-lg-none\" >Ba\u015fkas\u0131 i\u00e7in bir soru mu?<\/h1>\n                          <h2 class=\"h4 block--page-header__subtitle mt-6\">\n                Sinyalleri tan\u0131y\u0131n, ad\u0131m at\u0131n\n              <\/h2>\n            \n            \n            <div class=\"text-wrapper block--page-header__text mt-8\">\n              <p>Fiziksel, duygusal veya sosyal zorluklarla m\u00fccadele eden bir yak\u0131n\u0131n\u0131z i\u00e7in endi\u015feleriniz mi var? \u0130ster bir sa\u011fl\u0131k \u00e7al\u0131\u015fan\u0131, ister aile \u00fcyesi, kom\u015fu veya bak\u0131c\u0131 olun, kat\u0131l\u0131m\u0131n\u0131z de\u011ferlidir. \u0130nsanlar\u0131n kendi durumlar\u0131n\u0131 kendilerinin kontrol etmesini istiyoruz. Bu nedenle, sorunuzu \u00e7\u00f6z\u00fcp \u00e7\u00f6zemeyeceklerini g\u00f6rmek i\u00e7in \u00f6nce a\u015fa\u011f\u0131daki ad\u0131mlar\u0131 g\u00f6zden ge\u00e7irmenizi \u00f6neririz. \u00c7\u00f6zemezseniz, l\u00fctfen bizimle ileti\u015fime ge\u00e7in.<\/p>\n            <\/div>\n            \n            \n            \n            \n                      <\/div>\n                      <div class=\"col-xl-2 offset-xl-1 col-lg-3\">\n              <figure\n        class=\"image block--page-header__image-right mt-10 mt-lg-0 mx-auto\"\n        \n    >\n        <img decoding=\"async\"\n            class=\"image__img image-position--center\"\n            src=\"https:\/\/www.sociaalteamhouten.nl\/wp-content\/uploads\/2025\/05\/97255_a_close-up_of_a_hand_slowly_pulling_aside_a_cu_6bd8ac3a-cf0f-4c79-a1be-f2d020370098_2.webp\"\n            alt=\"\"\n            loading=\"lazy\"\n        \/>\n        \n    <\/figure>\n            <\/div>\n                  <\/div>\n      <\/div>\n    <\/div>\n  <\/section>\n\n\n<section\n    class=\"block section-scroller block--section-scroller\"\n    x-data=\"{      scrollTo(id) {        const el = document.getElementById(id)        if (el) {          const elRect = el.getBoundingClientRect()          const scrollY = window.scrollY || window.pageYOffset          const elCenter = elRect.top + scrollY + elRect.height \/ 2          const viewportCenter = window.innerHeight \/ 2          const targetScroll = elCenter - viewportCenter          window.scrollTo({ top: targetScroll, behavior: 'smooth' })        }      },    }\"\n  >\n          \n      <div class=\"floating-nav-wrapper d-none d-lg-block\">\n        <div class=\"floating-nav\">\n          <svg width=\"0\" height=\"0\" style=\"position: absolute\">\n            <defs>\n              <clippath\n                id=\"clip-floating-nav\"\n                clippathunits=\"objectBoundingBox\"\n              >\n                <path\n                  d=\"M0.764,0c0.087,0,0.165,0.011,0.235,0.036v0.964H0C0.122,0.274,0.337,0,0.764,0Z\"\n                \/>\n              <\/clippath>\n            <\/defs>\n          <\/svg>\n          <div class=\"container\">\n            <div class=\"row\">\n              <div class=\"col\">\n                <nav>\n                  <ul>\n                                          \n                      <li class=\"h4\">\n                        <a\n                          tabindex=\"0\"\n                          href=\"#professional-uit-de-zorg\"\n                          @click.prevent=\"scrollTo('professional-uit-de-zorg')\"\n                          data-section-id=\"professional-uit-de-zorg\"\n                          data-section-scroller-nav=\"true\"\n                        >\n                          Sa\u011fl\u0131k hizmetleri uzman\u0131\n                        <\/a>\n                      <\/li>\n                                          \n                      <li class=\"h4\">\n                        <a\n                          tabindex=\"0\"\n                          href=\"#familie-en-naasten\"\n                          @click.prevent=\"scrollTo('familie-en-naasten')\"\n                          data-section-id=\"familie-en-naasten\"\n                          data-section-scroller-nav=\"true\"\n                        >\n                          Aile ve sevdiklerimiz\n                        <\/a>\n                      <\/li>\n                                          \n                      <li class=\"h4\">\n                        <a\n                          tabindex=\"0\"\n                          href=\"#zorgen-of-echte-twijfel\"\n                          @click.prevent=\"scrollTo('zorgen-of-echte-twijfel')\"\n                          data-section-id=\"zorgen-of-echte-twijfel\"\n                          data-section-scroller-nav=\"true\"\n                        >\n                          Endi\u015fe mi yoksa ger\u00e7ek \u015f\u00fcphe mi?\n                        <\/a>\n                      <\/li>\n                                          \n                      <li class=\"h4\">\n                        <a\n                          tabindex=\"0\"\n                          href=\"#wat-doen-wij\"\n                          @click.prevent=\"scrollTo('wat-doen-wij')\"\n                          data-section-id=\"wat-doen-wij\"\n                          data-section-scroller-nav=\"true\"\n                        >\n                          Ne yapaca\u011f\u0131z?\n                        <\/a>\n                      <\/li>\n                                      <\/ul>\n                <\/nav>\n                <div class=\"float-right block--section-scroller__contact\">\n                                  <\/div>\n              <\/div>\n            <\/div>\n          <\/div>\n        <\/div>\n      <\/div>\n    \n    <div class=\"container\">\n      <div class=\"row\">\n                  <div class=\"block--section-scroller__shape d-block d-lg-none\">\n            <svg\n              width=\"360\"\n              height=\"440\"\n              viewbox=\"0 0 360 440\"\n              fill=\"none\"\n              xmlns=\"http:\/\/www.w3.org\/2000\/svg\"\n            >\n              <path\n                d=\"M361 440H-15.0967C62.1493 143.397 178.384 14.1074 361 0.258789V440Z\"\n                fill=\"#D9D9D9\"\n              \/>\n            <\/svg>\n          <\/div>\n                      \n            <div class=\"col-lg-12\">\n              <div class=\"row\">\n                <div\n                  class=\"col-lg-6 d-flex block--section-scroller__col\"\n                  id=\"professional-uit-de-zorg\"\n                  data-section-id=\"professional-uit-de-zorg\"\n                >\n                  <div class=\"block--section-scroller__section mt-auto\">\n                                          <h2 class=\"block--section-scroller__section__title\">\n                        Sa\u011fl\u0131k hizmetleri uzman\u0131\n                      <\/h2>\n                    \n                                          <div\n                        class=\"block--section-scroller__section__content text-wrapper\"\n                      >\n                        <p>\u0130yi bir sohbet, iyi bir bak\u0131m\u0131n temelidir. M\u00fc\u015fterinizi ger\u00e7ekten dinlemek i\u00e7in zaman ay\u0131r\u0131n. Bu ki\u015fi nas\u0131l? Bu ki\u015finin kendini iyi hissetmesi i\u00e7in neye ihtiyac\u0131 var? Yak\u0131n \u00e7evrede nelerin m\u00fcmk\u00fcn oldu\u011funu birlikte ke\u015ffedin: yak\u0131nlarda yard\u0131m edebilecek bir aile veya birileri var m\u0131? Yard\u0131m edebilecek ba\u015fka arkada\u015flar ya da ba\u015fka ki\u015filer var m\u0131? \u00c7evredeki faaliyetler ki\u015finin isteklerine veya ihtiya\u00e7lar\u0131na uygun mu? Ayr\u0131ca faydal\u0131 bilgiler ve ek destek i\u00e7in \"Sizi ne me\u015fgul eder?\" ba\u015fl\u0131\u011f\u0131 alt\u0131ndaki tema sayfalar\u0131m\u0131z\u0131 kullan\u0131n.<\/p>\n<p>M\u00fc\u015fterilerinize web sitemizi g\u00f6sterin, b\u00f6ylece kendileri bilgi bulabilir veya bizimle ileti\u015fime ge\u00e7ebilirler. Ya da elbette izin alarak bir sa\u011fl\u0131k uzman\u0131 olarak yard\u0131mc\u0131 olun.<\/p>\n<p>Bir sa\u011fl\u0131k \u00e7al\u0131\u015fan\u0131 olarak sizin i\u00e7in: web sitemizde rol\u00fcn\u00fczde size destek olacak pratik ara\u00e7lar i\u00e7eren tema sayfalar\u0131 bulacaks\u0131n\u0131z.<\/p>\n<p>Birlikte, m\u00fcvekkilinizin kontrol\u00fc elinde tuttu\u011fu daha g\u00fc\u00e7l\u00fc bir ya\u015fam sa\u011flayaca\u011f\u0131z.<\/p>\n<p>&nbsp;<\/p>\n\n                      <\/div>\n                    \n                                      <\/div>\n                <\/div>\n              <\/div>\n            <\/div>\n                      \n            <div class=\"col-lg-12\">\n              <div class=\"row\">\n                <div\n                  class=\"col-lg-6 d-flex block--section-scroller__col\"\n                  id=\"familie-en-naasten\"\n                  data-section-id=\"familie-en-naasten\"\n                >\n                  <div class=\"block--section-scroller__section mt-auto\">\n                                          <h2 class=\"block--section-scroller__section__title\">\n                        Aile ve sevdiklerimiz\n                      <\/h2>\n                    \n                                          <div\n                        class=\"block--section-scroller__section__content text-wrapper\"\n                      >\n                        <p>Sevdi\u011finiz biri i\u00e7in mi endi\u015feleniyorsunuz? Bir konu\u015fma yap\u0131n ve i\u015flerin ger\u00e7ekten nas\u0131l gitti\u011fini sorun. Birlikte, yak\u0131n \u00e7evrede ne gibi desteklerin m\u00fcmk\u00fcn oldu\u011funu g\u00f6rebilirsiniz. Belki aile \u00fcyeleri, arkada\u015flar veya kom\u015fular yard\u0131mc\u0131 olabilir.<\/p>\n<p>Somut ara\u00e7lara m\u0131 ihtiyac\u0131n\u0131z var? Tema sayfalar\u0131m\u0131zda fiziksel, sosyal ve duygusal seviyelerdeki i\u015faretler ve zorluklar hakk\u0131nda de\u011ferli bilgiler bulacaks\u0131n\u0131z. Bunlar\u0131 nas\u0131l tan\u0131yaca\u011f\u0131n\u0131z\u0131 ve yard\u0131m etmek i\u00e7in neler yapabilece\u011finizi \u00f6\u011freneceksiniz.<\/p>\n<p>Birlikte, sevdi\u011finiz ki\u015finin kontrol\u00fc elinde tuttu\u011fu daha g\u00fc\u00e7l\u00fc bir ya\u015fam sa\u011flayaca\u011f\u0131z.<\/p>\n\n                      <\/div>\n                    \n                                      <\/div>\n                <\/div>\n              <\/div>\n            <\/div>\n                      \n            <div class=\"col-lg-12\">\n              <div class=\"row\">\n                <div\n                  class=\"col-lg-6 d-flex block--section-scroller__col\"\n                  id=\"zorgen-of-echte-twijfel\"\n                  data-section-id=\"zorgen-of-echte-twijfel\"\n                >\n                  <div class=\"block--section-scroller__section mt-auto\">\n                                          <h2 class=\"block--section-scroller__section__title\">\n                        Endi\u015fe mi yoksa ger\u00e7ek \u015f\u00fcphe mi?\n                      <\/h2>\n                    \n                                          <div\n                        class=\"block--section-scroller__section__content text-wrapper\"\n                      >\n                        <ul>\n<li>Hayat\u0131n\u0131z tehlikedeyse derhal 112'yi aray\u0131n.<\/li>\n<li>Acil durumlar i\u00e7in ileti\u015fime ge\u00e7in <a href=\"https:\/\/veiligthuis.nl\/\" target=\"_blank\" rel=\"noopener\">G\u00fcvenli Ev<\/a>.<\/li>\n<li>Kar\u0131\u015f\u0131k davran\u0131\u015flar s\u00f6z konusu oldu\u011funda <a href=\"https:\/\/ggdru.nl\/thema\/professionals-ggd\/zorg-en-overlast\/\" target=\"_blank\" rel=\"noopener\">Dan\u0131\u015fma ve Endi\u015fe Hatt\u0131<\/a> GGD \u00e7a\u011fr\u0131s\u0131.<\/li>\n<\/ul>\n\n                      <\/div>\n                    \n                                      <\/div>\n                <\/div>\n              <\/div>\n            <\/div>\n                      \n            <div class=\"col-lg-12\">\n              <div class=\"row\">\n                <div\n                  class=\"col-lg-6 d-flex block--section-scroller__col\"\n                  id=\"wat-doen-wij\"\n                  data-section-id=\"wat-doen-wij\"\n                >\n                  <div class=\"block--section-scroller__section mt-auto\">\n                                          <h2 class=\"block--section-scroller__section__title\">\n                        Ne yapaca\u011f\u0131z?\n                      <\/h2>\n                    \n                                          <div\n                        class=\"block--section-scroller__section__content text-wrapper\"\n                      >\n                        <p>Endi\u015feleriniz veya \u015f\u00fcpheleriniz konusunda size yard\u0131mc\u0131 olmak i\u00e7in buraday\u0131z. \"Sizi ne me\u015fgul eder?\" ba\u015fl\u0131\u011f\u0131 alt\u0131ndaki tema sayfalar\u0131m\u0131za bakt\u0131n\u0131z m\u0131?  Orada pek \u00e7ok de\u011ferli bilgi bulacaks\u0131n\u0131z.<\/p>\n<p>Bu yeterli de\u011fil mi? O zaman size dinleyen bir kulak sunuyoruz. Sonraki ad\u0131mlar hakk\u0131nda sizinle birlikte d\u00fc\u015f\u00fcnmekten mutluluk duyar\u0131z. G\u00f6n\u00fcll\u00fcl\u00fck esas\u0131na g\u00f6re \u00e7al\u0131\u015ft\u0131\u011f\u0131m\u0131z\u0131 ve yaln\u0131zca konut sakininin r\u0131zas\u0131yla yard\u0131mc\u0131 oldu\u011fumuzu bilmeniz \u00f6nemlidir. \u0130zin ald\u0131ktan sonra durumu birlikte inceler ve ki\u015fiye \u00f6zel bir \u00e7\u00f6z\u00fcm arar\u0131z. Do\u011fru zamanda do\u011fru yard\u0131m\u0131n sa\u011flanabilmesi i\u00e7in ki\u015finin durumunu etkileyen t\u00fcm hususlara geni\u015f bir \u015fekilde bak\u0131yoruz.<\/p>\n<p>&nbsp;<\/p>\n\n                      <\/div>\n                    \n                                      <\/div>\n                <\/div>\n              <\/div>\n            <\/div>\n                        <\/div>\n    <\/div>\n  <\/section>","protected":false},"excerpt":{"rendered":"","protected":false},"author":1,"featured_media":0,"parent":0,"menu_order":10,"comment_status":"closed","ping_status":"closed","template":"","meta":{"_acf_changed":false,"footnotes":""},"class_list":["post-375","page","type-page","status-publish","hentry"],"acf":[],"yoast_head":"<!-- This site is optimized with the Yoast SEO plugin v27.3 - https:\/\/yoast.com\/product\/yoast-seo-wordpress\/ -->\n<title>Een vraag voor iemand anders? - Sociaal Team Houten<\/title>\n<meta name=\"description\" content=\"Bij het Sociaal Team Houten zien we verandering niet als een probleem, maar een uitdaging die we aangaan. Samen kijken we naar wat w\u00e9l kan. - Een vraag voor iemand anders?\" \/>\n<meta name=\"robots\" content=\"index, follow, max-snippet:-1, max-image-preview:large, max-video-preview:-1\" \/>\n<link rel=\"canonical\" href=\"https:\/\/www.sociaalteamhouten.nl\/tr\/een-vraag-voor-iemand-anders\/\" \/>\n<meta property=\"og:locale\" content=\"tr_TR\" \/>\n<meta property=\"og:type\" content=\"article\" \/>\n<meta property=\"og:title\" content=\"Een vraag voor iemand anders? - Sociaal Team Houten\" \/>\n<meta property=\"og:description\" content=\"Bij het Sociaal Team Houten zien we verandering niet als een probleem, maar een uitdaging die we aangaan. Samen kijken we naar wat w\u00e9l kan. - Een vraag voor iemand anders?\" \/>\n<meta property=\"og:url\" content=\"https:\/\/www.sociaalteamhouten.nl\/tr\/een-vraag-voor-iemand-anders\/\" \/>\n<meta property=\"og:site_name\" content=\"Sociaal Team Houten\" \/>\n<meta property=\"article:modified_time\" content=\"2025-07-24T09:30:30+00:00\" \/>\n<meta name=\"twitter:card\" content=\"summary_large_image\" \/>\n<meta name=\"twitter:label1\" content=\"Tahmini okuma s\u00fcresi\" \/>\n\t<meta name=\"twitter:data1\" content=\"3 dakika\" \/>\n<script type=\"application\/ld+json\" class=\"yoast-schema-graph\">{\"@context\":\"https:\\\/\\\/schema.org\",\"@graph\":[{\"@type\":\"WebPage\",\"@id\":\"https:\\\/\\\/www.sociaalteamhouten.nl\\\/een-vraag-voor-iemand-anders\\\/\",\"url\":\"https:\\\/\\\/www.sociaalteamhouten.nl\\\/een-vraag-voor-iemand-anders\\\/\",\"name\":\"Een vraag voor iemand anders? - Sociaal Team Houten\",\"isPartOf\":{\"@id\":\"https:\\\/\\\/www.sociaalteamhouten.nl\\\/#website\"},\"datePublished\":\"2025-06-24T08:53:53+00:00\",\"dateModified\":\"2025-07-24T09:30:30+00:00\",\"description\":\"Bij het Sociaal Team Houten zien we verandering niet als een probleem, maar een uitdaging die we aangaan. Samen kijken we naar wat w\u00e9l kan. - Een vraag voor iemand anders?\",\"breadcrumb\":{\"@id\":\"https:\\\/\\\/www.sociaalteamhouten.nl\\\/een-vraag-voor-iemand-anders\\\/#breadcrumb\"},\"inLanguage\":\"tr\",\"potentialAction\":[{\"@type\":\"ReadAction\",\"target\":[\"https:\\\/\\\/www.sociaalteamhouten.nl\\\/een-vraag-voor-iemand-anders\\\/\"]}]},{\"@type\":\"BreadcrumbList\",\"@id\":\"https:\\\/\\\/www.sociaalteamhouten.nl\\\/een-vraag-voor-iemand-anders\\\/#breadcrumb\",\"itemListElement\":[{\"@type\":\"ListItem\",\"position\":1,\"name\":\"Home\",\"item\":\"https:\\\/\\\/www.sociaalteamhouten.nl\\\/\"},{\"@type\":\"ListItem\",\"position\":2,\"name\":\"Een vraag voor iemand anders?\"}]},{\"@type\":\"WebSite\",\"@id\":\"https:\\\/\\\/www.sociaalteamhouten.nl\\\/#website\",\"url\":\"https:\\\/\\\/www.sociaalteamhouten.nl\\\/\",\"name\":\"Sociaal Team Houten\",\"description\":\"Samen verder\",\"publisher\":{\"@id\":\"https:\\\/\\\/www.sociaalteamhouten.nl\\\/#organization\"},\"potentialAction\":[{\"@type\":\"SearchAction\",\"target\":{\"@type\":\"EntryPoint\",\"urlTemplate\":\"https:\\\/\\\/www.sociaalteamhouten.nl\\\/?s={search_term_string}\"},\"query-input\":{\"@type\":\"PropertyValueSpecification\",\"valueRequired\":true,\"valueName\":\"search_term_string\"}}],\"inLanguage\":\"tr\"},{\"@type\":\"Organization\",\"@id\":\"https:\\\/\\\/www.sociaalteamhouten.nl\\\/#organization\",\"name\":\"Sociaal Team Houten\",\"url\":\"https:\\\/\\\/www.sociaalteamhouten.nl\\\/\",\"logo\":{\"@type\":\"ImageObject\",\"inLanguage\":\"tr\",\"@id\":\"https:\\\/\\\/www.sociaalteamhouten.nl\\\/#\\\/schema\\\/logo\\\/image\\\/\",\"url\":\"https:\\\/\\\/www.sociaalteamhouten.nl\\\/wp-content\\\/uploads\\\/2025\\\/04\\\/logo.svg\",\"contentUrl\":\"https:\\\/\\\/www.sociaalteamhouten.nl\\\/wp-content\\\/uploads\\\/2025\\\/04\\\/logo.svg\",\"caption\":\"Sociaal Team Houten\"},\"image\":{\"@id\":\"https:\\\/\\\/www.sociaalteamhouten.nl\\\/#\\\/schema\\\/logo\\\/image\\\/\"}}]}<\/script>\n<!-- \/ Yoast SEO plugin. -->","yoast_head_json":{"title":"Ba\u015fkas\u0131 i\u00e7in bir soru? - Sosyal Ekip Houten","description":"Sociaal Team Houten'de de\u011fi\u015fimi bir sorun olarak de\u011fil, \u00fcstesinden gelmemiz gereken bir meydan okuma olarak g\u00f6r\u00fcyoruz. Birlikte neler yap\u0131labilece\u011fine bak\u0131yoruz. - Ba\u015fkas\u0131 i\u00e7in bir soru?","robots":{"index":"index","follow":"follow","max-snippet":"max-snippet:-1","max-image-preview":"max-image-preview:large","max-video-preview":"max-video-preview:-1"},"canonical":"https:\/\/www.sociaalteamhouten.nl\/tr\/een-vraag-voor-iemand-anders\/","og_locale":"tr_TR","og_type":"article","og_title":"Een vraag voor iemand anders? - Sociaal Team Houten","og_description":"Bij het Sociaal Team Houten zien we verandering niet als een probleem, maar een uitdaging die we aangaan. Samen kijken we naar wat w\u00e9l kan. - Een vraag voor iemand anders?","og_url":"https:\/\/www.sociaalteamhouten.nl\/tr\/een-vraag-voor-iemand-anders\/","og_site_name":"Sociaal Team Houten","article_modified_time":"2025-07-24T09:30:30+00:00","twitter_card":"summary_large_image","twitter_misc":{"Tahmini okuma s\u00fcresi":"3 dakika"},"schema":{"@context":"https:\/\/schema.org","@graph":[{"@type":"WebPage","@id":"https:\/\/www.sociaalteamhouten.nl\/een-vraag-voor-iemand-anders\/","url":"https:\/\/www.sociaalteamhouten.nl\/een-vraag-voor-iemand-anders\/","name":"Ba\u015fkas\u0131 i\u00e7in bir soru? - Sosyal Ekip Houten","isPartOf":{"@id":"https:\/\/www.sociaalteamhouten.nl\/#website"},"datePublished":"2025-06-24T08:53:53+00:00","dateModified":"2025-07-24T09:30:30+00:00","description":"Sociaal Team Houten'de de\u011fi\u015fimi bir sorun olarak de\u011fil, \u00fcstesinden gelmemiz gereken bir meydan okuma olarak g\u00f6r\u00fcyoruz. Birlikte neler yap\u0131labilece\u011fine bak\u0131yoruz. - Ba\u015fkas\u0131 i\u00e7in bir soru?","breadcrumb":{"@id":"https:\/\/www.sociaalteamhouten.nl\/een-vraag-voor-iemand-anders\/#breadcrumb"},"inLanguage":"tr","potentialAction":[{"@type":"ReadAction","target":["https:\/\/www.sociaalteamhouten.nl\/een-vraag-voor-iemand-anders\/"]}]},{"@type":"BreadcrumbList","@id":"https:\/\/www.sociaalteamhouten.nl\/een-vraag-voor-iemand-anders\/#breadcrumb","itemListElement":[{"@type":"ListItem","position":1,"name":"Home","item":"https:\/\/www.sociaalteamhouten.nl\/"},{"@type":"ListItem","position":2,"name":"Een vraag voor iemand anders?"}]},{"@type":"WebSite","@id":"https:\/\/www.sociaalteamhouten.nl\/#website","url":"https:\/\/www.sociaalteamhouten.nl\/","name":"Sosyal Ekip Houten","description":"Daha fazla birlikte","publisher":{"@id":"https:\/\/www.sociaalteamhouten.nl\/#organization"},"potentialAction":[{"@type":"SearchAction","target":{"@type":"EntryPoint","urlTemplate":"https:\/\/www.sociaalteamhouten.nl\/?s={search_term_string}"},"query-input":{"@type":"PropertyValueSpecification","valueRequired":true,"valueName":"search_term_string"}}],"inLanguage":"tr"},{"@type":"Organization","@id":"https:\/\/www.sociaalteamhouten.nl\/#organization","name":"Sosyal Ekip Houten","url":"https:\/\/www.sociaalteamhouten.nl\/","logo":{"@type":"ImageObject","inLanguage":"tr","@id":"https:\/\/www.sociaalteamhouten.nl\/#\/schema\/logo\/image\/","url":"https:\/\/www.sociaalteamhouten.nl\/wp-content\/uploads\/2025\/04\/logo.svg","contentUrl":"https:\/\/www.sociaalteamhouten.nl\/wp-content\/uploads\/2025\/04\/logo.svg","caption":"Sociaal Team Houten"},"image":{"@id":"https:\/\/www.sociaalteamhouten.nl\/#\/schema\/logo\/image\/"}}]}},"_links":{"self":[{"href":"https:\/\/www.sociaalteamhouten.nl\/tr\/wp-json\/wp\/v2\/pages\/375","targetHints":{"allow":["GET"]}}],"collection":[{"href":"https:\/\/www.sociaalteamhouten.nl\/tr\/wp-json\/wp\/v2\/pages"}],"about":[{"href":"https:\/\/www.sociaalteamhouten.nl\/tr\/wp-json\/wp\/v2\/types\/page"}],"author":[{"embeddable":true,"href":"https:\/\/www.sociaalteamhouten.nl\/tr\/wp-json\/wp\/v2\/users\/1"}],"replies":[{"embeddable":true,"href":"https:\/\/www.sociaalteamhouten.nl\/tr\/wp-json\/wp\/v2\/comments?post=375"}],"version-history":[{"count":12,"href":"https:\/\/www.sociaalteamhouten.nl\/tr\/wp-json\/wp\/v2\/pages\/375\/revisions"}],"predecessor-version":[{"id":1021,"href":"https:\/\/www.sociaalteamhouten.nl\/tr\/wp-json\/wp\/v2\/pages\/375\/revisions\/1021"}],"wp:attachment":[{"href":"https:\/\/www.sociaalteamhouten.nl\/tr\/wp-json\/wp\/v2\/media?parent=375"}],"curies":[{"name":"wp","href":"https:\/\/api.w.org\/{rel}","templated":true}]}}