{"id":985,"date":"2025-07-14T07:33:03","date_gmt":"2025-07-14T06:33:03","guid":{"rendered":"https:\/\/www.sociaalteamhouten.nl\/?page_id=985"},"modified":"2025-07-14T07:40:43","modified_gmt":"2025-07-14T06:40:43","slug":"privacy","status":"publish","type":"page","link":"https:\/\/www.sociaalteamhouten.nl\/tr\/privacy\/","title":{"rendered":"Gizlilik"},"content":{"rendered":"<section class=\"block page-header block--page-header block--no-spacing-bottom\" data-strip-color=\"primary-light\">\n    <canvas id=\"headerCanvas\"><\/canvas>\n    <div class=\"block--page-header__content\">\n      <div class=\"container\">\n                <div class=\"row\">\n          \n          <div\n            class=\"col-lg-12 col-xl-10 mx-auto\"\n          >\n            <h1 class=\"block--page-header__title mb-0 h1 d-none d-lg-block\" >Gizlilik beyan\u0131<\/h1>\n    <h1 class=\"block--page-header__title mb-0 h1 d-block d-lg-none\" >Gizlilik beyan\u0131<\/h1>\n            \n            \n            <div class=\"text-wrapper block--page-header__text mt-8\">\n                          <\/div>\n            \n            \n            \n            \n                      <\/div>\n                  <\/div>\n      <\/div>\n    <\/div>\n  <\/section>\n\n\n<section class=\"block text block--text block--no-spacing-top background-primary-light\">\n    <div class=\"container\">\n      <div class=\"row\">\n        <div class=\"col-lg-4 offset-lg-1\">\n          <h1 class=\"wp-block-text h2 d-none d-lg-block\" >Gizlilik<\/h1>\n    <h1 class=\"wp-block-text h2 d-block d-lg-none\" >Gizlilik<\/h1>\n        <\/div>\n        <div class=\"col-lg-5 offset-lg-1 mt-lg-4\">\n          <div class=\"text-wrapper\"><ol>\n<li><strong> G\u0130R\u0130\u015e<\/strong><\/li>\n<\/ol>\n<p>Bu gizlilik bildiriminde (ki\u015fisel) verilerinizi nas\u0131l i\u015fledi\u011fimizi okuyabilirsiniz. Bu beyandaki bilgiler hakk\u0131nda herhangi bir sorunuz var m\u0131? Varsa, l\u00fctfen bizimle ileti\u015fime ge\u00e7in.<\/p>\n<ol start=\"2\">\n<li><strong> BA\u015eVURU<br \/>\n<\/strong>Bu gizlilik bildirimi, Stichting Sociaal Team Houten ile yap\u0131lan t\u00fcm web sitesi ziyaretleri, i\u015flemleri ve anla\u015fmalar\u0131 i\u00e7in ge\u00e7erlidir<\/li>\n<\/ol>\n<p><strong>\u015eirket verileri<\/strong>:<br \/>\n<u>\u0130sim<\/u>: Vak\u0131f Sosyal Ekibi Houten<br \/>\n<u>Adres<\/u>: Onderdoor 25, 3995DW Houten<br \/>\n<u>Telefon numaras\u0131<\/u>: 030 639 2250<br \/>\n<u>KVK<\/u>: 71030069<br \/>\n<u>Web sitesi<\/u>: www.sociaalteamhouten.nl<\/p>\n<p>Stichting Sociaal Team Houten'in web sitesi (www.sociaalteamhouten.nl) gizlili\u011fe duyarl\u0131 verileri veya ki\u015fisel verileri i\u015fler. Stichting Sociaal Team Houten, bu t\u00fcr verilerin i\u015flenmesinden sorumludur ve ki\u015fisel verilerin dikkatli bir \u015fekilde ele al\u0131nmas\u0131n\u0131n \u00e7ok \u00f6nemli oldu\u011funu d\u00fc\u015f\u00fcnmektedir.<\/p>\n<p>\u0130\u015flemlerimizde, Genel Veri Koruma Y\u00f6netmeli\u011fi'nin (GDPR) gerekliliklerine uyuyoruz. Bu gizlilik bildiriminde, hangi ki\u015fisel verileri toplad\u0131\u011f\u0131m\u0131z\u0131 a\u00e7\u0131kl\u0131yoruz. Ayr\u0131ca, bu verileri hangi ama\u00e7la kulland\u0131\u011f\u0131m\u0131z\u0131 da a\u00e7\u0131kl\u0131yoruz.<\/p>\n<ol start=\"3\">\n<li><strong> KI\u0307\u015eI\u0307SEL VERI\u0307LER<br \/>\n<\/strong>Ki\u015fisel veri nedir? Ki\u015fisel veriler, do\u011frudan bir birey hakk\u0131nda olan veya bir bireye kadar izlenebilen verilerdir. Ki\u015fisel veri \u00f6rnekleri \u015funlar\u0131 i\u00e7erir: isim, adres, ikamet yeri, telefon numaras\u0131, posta kodu, ev numaras\u0131, \u0131rk, din, sa\u011fl\u0131k vb.<\/li>\n<\/ol>\n<p>Web sitesi ziyaretinizde veya Stichting Sociaal Team Houten ile i\u015fbirli\u011finizde, bu verilerin t\u00fcm\u00fc ilgili de\u011fildir. Sizden sadece i\u015fbirli\u011fimiz i\u00e7in gerekli oldu\u011funu d\u00fc\u015f\u00fcnd\u00fc\u011f\u00fcn\u00fcz ki\u015fisel verileri sa\u011flaman\u0131z\u0131 rica ediyoruz.<\/p>\n<ol start=\"4\">\n<li><strong> HEDEFLER<br \/>\n<\/strong>Social Team Houten Foundation, ki\u015fisel verileri www.sociaalteamhouten.nl \u00fczerinden \u00e7e\u015fitli \u015fekillerde toplar:<\/li>\n<\/ol>\n<ol>\n<li>Web sitesindeki formlar arac\u0131l\u0131\u011f\u0131yla<\/li>\n<li>Google Analytics arac\u0131l\u0131\u011f\u0131yla<\/li>\n<\/ol>\n<p><strong>WEB SI\u0307TESI\u0307NDEKI\u0307 FORMLAR<\/strong><br \/>\nStichting Sociaal Team Houten web sitesinde bir dizi form bulunmaktad\u0131r. Bu formlarda sizden \u00e7e\u015fitli ki\u015fisel veriler talep ediyoruz. Formlar, Foundation Social Team Houten'in hizmetleri hakk\u0131nda bilgi alman\u0131z\u0131 sa\u011flar Bu formlar\u0131n \u00f6rnekleri \u015funlard\u0131r: 'ba\u015fvuru formu', 'ileti\u015fim formu' vb.<\/p>\n<p>Formlarda sizden \u015funlar\u0131 yapman\u0131z\u0131 istiyoruz:<\/p>\n<ul>\n<li>Sizin ad\u0131n\u0131z<\/li>\n<li>Telefon numaran\u0131z<\/li>\n<li>E-posta adresiniz<\/li>\n<li>\u015eirketiniz<\/li>\n<li>\u0130kamet etti\u011finiz yer<\/li>\n<li>\u00d6zge\u00e7mi\u015finiz<\/li>\n<\/ul>\n<p>Bu formlar bize soru sorman\u0131z\u0131, haber b\u00fcltenine abone olman\u0131z\u0131 veya hizmetlerimizden birini talep etmenizi sa\u011flar. Formlarla toplad\u0131\u011f\u0131m\u0131z verileri sorunuzu veya talebinizi yan\u0131tlamak i\u00e7in kullan\u0131r\u0131z. Bunu e-posta veya telefon yoluyla yapar\u0131z.<\/p>\n<p>Formlara girdi\u011finiz veriler taraf\u0131m\u0131zdan s\u0131n\u0131rl\u0131 bir s\u00fcre i\u00e7in saklanmaktad\u0131r. Takip sorgular\u0131 durumunda, bu verilere hen\u00fcz sistemimizdeyken kolayca eri\u015febiliriz. Sorular\u0131 ve cevaplar\u0131, personelimizi sorgular\u0131 daha iyi ele almalar\u0131 konusunda e\u011fitmek i\u00e7in de kullanabiliriz. Tamamlanan verileri, siz girdikten sonra en fazla alt\u0131 ay s\u00fcreyle sakl\u0131yoruz.<\/p>\n<p><strong>GOOGLE ANALI\u0307TI\u0307K<br \/>\n<\/strong>Stichting Sociaal Team Houten web sitesi Google Analytics kullanmaktad\u0131r. Bu arac\u0131, web sitesi ziyaret\u00e7ilerimizden anonim, analitik veriler toplamak i\u00e7in kullan\u0131yoruz. Bu web sitesi istatistiklerini, web sitesi ziyaret\u00e7ilerimizden \u00f6\u011frenmek ve \u00fcr\u00fcnlerimizi ve hizmetlerimizi buna g\u00f6re ayarlamak i\u00e7in kullan\u0131yoruz. Toplad\u0131\u011f\u0131m\u0131z veriler anonimdir; verilerin arkas\u0131ndaki ki\u015fileri bilgilerden tan\u0131mlayamay\u0131z.<\/p>\n<p>Toplanan bilgiler Google veri merkezlerinde saklan\u0131r. Veri merkezi konumlar\u0131:\u00a0<a href=\"https:\/\/www.google.com\/about\/datacenters\/inside\/locations\/index.html\">https:\/\/www.google.com\/about\/datacenters\/inside\/locations\/index.html<\/a>. Bu verilerin i\u015flenmesi konusunda Google ile bir i\u015flemci s\u00f6zle\u015fmesi arac\u0131l\u0131\u011f\u0131yla anla\u015fmaya vard\u0131k. Google'\u0131n bu verileri ba\u015fka uygulamalar i\u00e7in kullanma izni yoktur. Google'\u0131n gizlilik politikas\u0131 hakk\u0131nda daha fazla bilgiyi burada bulabilirsiniz.\u00a0<a href=\"https:\/\/policies.google.com\/privacy?hl=nl\">https:\/\/policies.google.com\/privacy?hl=nl<\/a><\/p>\n<ol start=\"5\">\n<li><strong> \u00dc\u00c7\u00dcNC\u00dc TARAFLARA A\u00c7IKLAMA<br \/>\n<\/strong>Ki\u015fisel verilerinizi \u00fc\u00e7\u00fcnc\u00fc taraflara (\u015firketler veya kurumlar) yaln\u0131zca yasalar gerektirdi\u011finde veriyoruz. \u00d6rne\u011fin, \u015f\u00fcpheli bir su\u00e7 durumunda polis bunu talep etti\u011finde.<\/li>\n<\/ol>\n<p>Social Team Houten Foundation, web sitesi y\u00f6neticimiz gibi alt i\u015fleyicilerle \u00e7al\u0131\u015f\u0131r. Birlikte \u00e7al\u0131\u015ft\u0131\u011f\u0131m\u0131z ortaklar, sizin veya m\u00fc\u015fterilerinizin ki\u015fisel verileriyle y\u00fczle\u015febilir. Bu alt i\u015fleyicilerle i\u015fbirli\u011fi yapmak, Social Team Houten Vakf\u0131'na hizmet sunmam\u0131z i\u00e7in gereklidir. Bu alt i\u015fleyicilerin bu verileri do\u011fru \u015fekilde i\u015flemesini sa\u011flamak i\u00e7in Social Team Houten Foundation, tedarik\u00e7ilerimizle s\u00f6zde i\u015fleyici s\u00f6zle\u015fmeleri imzalam\u0131\u015ft\u0131r.<\/p>\n<p>Buna ek olarak, web sitemiz sosyal medya sayfalar\u0131na ba\u011flant\u0131lar i\u00e7ermektedir. Bu ba\u011flant\u0131lara t\u0131klarsan\u0131z, bu sosyal medya sa\u011flay\u0131c\u0131lar\u0131 ki\u015fisel veri toplayabilir. Bu beyan yaln\u0131zca www.sociaalteamhouten.nl i\u00e7in ge\u00e7erlidir. Di\u011fer taraflar\u0131n ki\u015fisel verilerinizi do\u011fru bir \u015fekilde i\u015fleyece\u011fini garanti edemeyiz.<\/p>\n<ol start=\"6\">\n<li><strong> KI\u015eISEL VERILERIN INCELENMESI, DE\u011eI\u015eTIRILMESI VEYA SILINMESI<br \/>\n<\/strong>Sizden toplad\u0131\u011f\u0131m\u0131z ki\u015fisel veriler hakk\u0131nda bir \u015feyler bilmek ister misiniz? \u00d6yleyse, l\u00fctfen bizimle ileti\u015fime ge\u00e7in. \u0130leti\u015fim bilgilerini bu gizlilik bildiriminin 2. maddesinde bulabilirsiniz. Ki\u015fisel verilerinizle ilgili olarak bize her zaman soru sorabilirsiniz:<\/li>\n<\/ol>\n<ul>\n<li>Hakk\u0131n\u0131zda tuttu\u011fumuz tam ki\u015fisel verilere ili\u015fkin i\u00e7g\u00f6r\u00fc.<\/li>\n<li>Hakk\u0131n\u0131zda tuttu\u011fumuz ki\u015fisel verileri ve bu verilerle ne yapt\u0131\u011f\u0131m\u0131z\u0131 a\u00e7\u0131klamak.<\/li>\n<li>Yanl\u0131\u015f olmas\u0131 halinde ki\u015fisel verilerinizi de\u011fi\u015ftirin.<\/li>\n<li>\u00d6rne\u011fin yanl\u0131\u015f veya g\u00fcncel de\u011filse ki\u015fisel verilerinizi silin.<\/li>\n<\/ul>\n<p>Ayr\u0131ca, ki\u015fisel verilerinizi saklama ve i\u015fleme izninizi geri \u00e7ekebilir veya ki\u015fisel verilerinizi nas\u0131l kulland\u0131\u011f\u0131m\u0131za istedi\u011finiz zaman itiraz edebilirsiniz.<\/p>\n<ol start=\"7\">\n<li><strong> VER\u0130 DEPOLAMA<br \/>\n<\/strong>Stichting Sociaal Team Houten, ki\u015fisel verilerinizi hizmetlerimiz i\u00e7in gerekenden daha uzun s\u00fcre tutmaz. Bu veriler art\u0131k gerekli olmad\u0131\u011f\u0131nda, onlar\u0131 siliyoruz.<\/li>\n<li><strong> G\u00dcVENL\u0130K<br \/>\n<\/strong>Social Team Houten Vakf\u0131 ki\u015fisel verilerin korunmas\u0131 i\u00e7in \u00f6nlemler almaktad\u0131r.<\/li>\n<\/ol>\n<ul>\n<li>Ki\u015fisel verilere eri\u015fim her zaman bir kullan\u0131c\u0131 ad\u0131 ve \u015fifre ile korunur.<\/li>\n<li>Ki\u015fisel veriler al\u0131nd\u0131ktan sonra, yaln\u0131zca Stichting Sociaal Team Houten personelinin eri\u015febilece\u011fi korumal\u0131 bir sistemde saklanacakt\u0131r.<\/li>\n<li>Social Team Houten Vakf\u0131 personeli ki\u015fisel verileri gizli tutar.<\/li>\n<li>Stichting Sociaal Team Houten g\u00fcvenli soket katman\u0131 (SSL) sertifikas\u0131 kullanmaktad\u0131r.<\/li>\n<\/ul>\n<ol start=\"9\">\n<li><strong> \u015e\u0130KAYETLER<br \/>\n<\/strong>Stichting Sociaal Team Houten'in gizlili\u011finizi ele alma \u015fekli hakk\u0131nda bir \u015fikayetiniz mi var? E\u011fer \u00f6yleyse, l\u00fctfen \u00f6nce bizimle ileti\u015fime ge\u00e7in. \u015eikayetinizi dinleyecek ve ele alaca\u011f\u0131z. Daha sonra birlikte '\u00e7\u00f6zemeyece\u011fimize' inan\u0131yorsan\u0131z, her zaman Hollanda Veri Koruma Kurumu'na (<a href=\"https:\/\/autoriteitpersoonsgegevens.nl\/nl\/contact-met-de-autoriteit-persoonsgegevens\/tip-ons\">https:\/\/autoriteitpersoonsgegevens.nl\/nl\/contact-met-de-autoriteit-persoonsgegevens\/tip-ons<\/a>) ya da mahkemeye gidin.<\/li>\n<\/ol>\n<p>Bu gizlilik politikas\u0131 hakk\u0131nda sorular\u0131n\u0131z m\u0131 var? L\u00fctfen bizimle ileti\u015fime ge\u00e7in.<\/p>\n<\/div>\n          <div class=\"block--text__buttons\">\n                                  <\/div>\n\n                  <\/div>\n      <\/div>\n    <\/div>\n  <\/section>","protected":false},"excerpt":{"rendered":"","protected":false},"author":1,"featured_media":0,"parent":0,"menu_order":5,"comment_status":"closed","ping_status":"closed","template":"","meta":{"_acf_changed":false,"footnotes":""},"class_list":["post-985","page","type-page","status-publish","hentry"],"acf":[],"yoast_head":"<!-- This site is optimized with the Yoast SEO plugin v27.3 - https:\/\/yoast.com\/product\/yoast-seo-wordpress\/ -->\n<title>Privacy - Sociaal Team Houten<\/title>\n<meta name=\"description\" content=\"Bij het Sociaal Team Houten zien we verandering niet als een probleem, maar een uitdaging die we aangaan. Samen kijken we naar wat w\u00e9l kan. - Privacy\" \/>\n<meta name=\"robots\" content=\"index, follow, max-snippet:-1, max-image-preview:large, max-video-preview:-1\" \/>\n<link rel=\"canonical\" href=\"https:\/\/www.sociaalteamhouten.nl\/tr\/privacy\/\" \/>\n<meta property=\"og:locale\" content=\"tr_TR\" \/>\n<meta property=\"og:type\" content=\"article\" \/>\n<meta property=\"og:title\" content=\"Privacy - Sociaal Team Houten\" \/>\n<meta property=\"og:description\" content=\"Bij het Sociaal Team Houten zien we verandering niet als een probleem, maar een uitdaging die we aangaan. Samen kijken we naar wat w\u00e9l kan. - Privacy\" \/>\n<meta property=\"og:url\" content=\"https:\/\/www.sociaalteamhouten.nl\/tr\/privacy\/\" \/>\n<meta property=\"og:site_name\" content=\"Sociaal Team Houten\" \/>\n<meta property=\"article:modified_time\" content=\"2025-07-14T06:40:43+00:00\" \/>\n<meta name=\"twitter:card\" content=\"summary_large_image\" \/>\n<script type=\"application\/ld+json\" class=\"yoast-schema-graph\">{\"@context\":\"https:\\\/\\\/schema.org\",\"@graph\":[{\"@type\":\"WebPage\",\"@id\":\"https:\\\/\\\/www.sociaalteamhouten.nl\\\/privacy\\\/\",\"url\":\"https:\\\/\\\/www.sociaalteamhouten.nl\\\/privacy\\\/\",\"name\":\"Privacy - Sociaal Team Houten\",\"isPartOf\":{\"@id\":\"https:\\\/\\\/www.sociaalteamhouten.nl\\\/#website\"},\"datePublished\":\"2025-07-14T06:33:03+00:00\",\"dateModified\":\"2025-07-14T06:40:43+00:00\",\"description\":\"Bij het Sociaal Team Houten zien we verandering niet als een probleem, maar een uitdaging die we aangaan. Samen kijken we naar wat w\u00e9l kan. - Privacy\",\"breadcrumb\":{\"@id\":\"https:\\\/\\\/www.sociaalteamhouten.nl\\\/privacy\\\/#breadcrumb\"},\"inLanguage\":\"tr\",\"potentialAction\":[{\"@type\":\"ReadAction\",\"target\":[\"https:\\\/\\\/www.sociaalteamhouten.nl\\\/privacy\\\/\"]}]},{\"@type\":\"BreadcrumbList\",\"@id\":\"https:\\\/\\\/www.sociaalteamhouten.nl\\\/privacy\\\/#breadcrumb\",\"itemListElement\":[{\"@type\":\"ListItem\",\"position\":1,\"name\":\"Home\",\"item\":\"https:\\\/\\\/www.sociaalteamhouten.nl\\\/\"},{\"@type\":\"ListItem\",\"position\":2,\"name\":\"Privacy\"}]},{\"@type\":\"WebSite\",\"@id\":\"https:\\\/\\\/www.sociaalteamhouten.nl\\\/#website\",\"url\":\"https:\\\/\\\/www.sociaalteamhouten.nl\\\/\",\"name\":\"Sociaal Team Houten\",\"description\":\"Samen verder\",\"publisher\":{\"@id\":\"https:\\\/\\\/www.sociaalteamhouten.nl\\\/#organization\"},\"potentialAction\":[{\"@type\":\"SearchAction\",\"target\":{\"@type\":\"EntryPoint\",\"urlTemplate\":\"https:\\\/\\\/www.sociaalteamhouten.nl\\\/?s={search_term_string}\"},\"query-input\":{\"@type\":\"PropertyValueSpecification\",\"valueRequired\":true,\"valueName\":\"search_term_string\"}}],\"inLanguage\":\"tr\"},{\"@type\":\"Organization\",\"@id\":\"https:\\\/\\\/www.sociaalteamhouten.nl\\\/#organization\",\"name\":\"Sociaal Team Houten\",\"url\":\"https:\\\/\\\/www.sociaalteamhouten.nl\\\/\",\"logo\":{\"@type\":\"ImageObject\",\"inLanguage\":\"tr\",\"@id\":\"https:\\\/\\\/www.sociaalteamhouten.nl\\\/#\\\/schema\\\/logo\\\/image\\\/\",\"url\":\"https:\\\/\\\/www.sociaalteamhouten.nl\\\/wp-content\\\/uploads\\\/2025\\\/04\\\/logo.svg\",\"contentUrl\":\"https:\\\/\\\/www.sociaalteamhouten.nl\\\/wp-content\\\/uploads\\\/2025\\\/04\\\/logo.svg\",\"caption\":\"Sociaal Team Houten\"},\"image\":{\"@id\":\"https:\\\/\\\/www.sociaalteamhouten.nl\\\/#\\\/schema\\\/logo\\\/image\\\/\"}}]}<\/script>\n<!-- \/ Yoast SEO plugin. -->","yoast_head_json":{"title":"Gizlilik - Social Team Houten","description":"Sociaal Team Houten'de de\u011fi\u015fimi bir sorun olarak de\u011fil, \u00fcstesinden gelmemiz gereken bir meydan okuma olarak g\u00f6r\u00fcyoruz. Birlikte neler yap\u0131labilece\u011fine bak\u0131yoruz. - Gizlilik","robots":{"index":"index","follow":"follow","max-snippet":"max-snippet:-1","max-image-preview":"max-image-preview:large","max-video-preview":"max-video-preview:-1"},"canonical":"https:\/\/www.sociaalteamhouten.nl\/tr\/privacy\/","og_locale":"tr_TR","og_type":"article","og_title":"Privacy - Sociaal Team Houten","og_description":"Bij het Sociaal Team Houten zien we verandering niet als een probleem, maar een uitdaging die we aangaan. Samen kijken we naar wat w\u00e9l kan. - Privacy","og_url":"https:\/\/www.sociaalteamhouten.nl\/tr\/privacy\/","og_site_name":"Sociaal Team Houten","article_modified_time":"2025-07-14T06:40:43+00:00","twitter_card":"summary_large_image","schema":{"@context":"https:\/\/schema.org","@graph":[{"@type":"WebPage","@id":"https:\/\/www.sociaalteamhouten.nl\/privacy\/","url":"https:\/\/www.sociaalteamhouten.nl\/privacy\/","name":"Gizlilik - Social Team Houten","isPartOf":{"@id":"https:\/\/www.sociaalteamhouten.nl\/#website"},"datePublished":"2025-07-14T06:33:03+00:00","dateModified":"2025-07-14T06:40:43+00:00","description":"Sociaal Team Houten'de de\u011fi\u015fimi bir sorun olarak de\u011fil, \u00fcstesinden gelmemiz gereken bir meydan okuma olarak g\u00f6r\u00fcyoruz. Birlikte neler yap\u0131labilece\u011fine bak\u0131yoruz. - Gizlilik","breadcrumb":{"@id":"https:\/\/www.sociaalteamhouten.nl\/privacy\/#breadcrumb"},"inLanguage":"tr","potentialAction":[{"@type":"ReadAction","target":["https:\/\/www.sociaalteamhouten.nl\/privacy\/"]}]},{"@type":"BreadcrumbList","@id":"https:\/\/www.sociaalteamhouten.nl\/privacy\/#breadcrumb","itemListElement":[{"@type":"ListItem","position":1,"name":"Home","item":"https:\/\/www.sociaalteamhouten.nl\/"},{"@type":"ListItem","position":2,"name":"Privacy"}]},{"@type":"WebSite","@id":"https:\/\/www.sociaalteamhouten.nl\/#website","url":"https:\/\/www.sociaalteamhouten.nl\/","name":"Sosyal Ekip Houten","description":"Daha fazla birlikte","publisher":{"@id":"https:\/\/www.sociaalteamhouten.nl\/#organization"},"potentialAction":[{"@type":"SearchAction","target":{"@type":"EntryPoint","urlTemplate":"https:\/\/www.sociaalteamhouten.nl\/?s={search_term_string}"},"query-input":{"@type":"PropertyValueSpecification","valueRequired":true,"valueName":"search_term_string"}}],"inLanguage":"tr"},{"@type":"Organization","@id":"https:\/\/www.sociaalteamhouten.nl\/#organization","name":"Sosyal Ekip Houten","url":"https:\/\/www.sociaalteamhouten.nl\/","logo":{"@type":"ImageObject","inLanguage":"tr","@id":"https:\/\/www.sociaalteamhouten.nl\/#\/schema\/logo\/image\/","url":"https:\/\/www.sociaalteamhouten.nl\/wp-content\/uploads\/2025\/04\/logo.svg","contentUrl":"https:\/\/www.sociaalteamhouten.nl\/wp-content\/uploads\/2025\/04\/logo.svg","caption":"Sociaal Team Houten"},"image":{"@id":"https:\/\/www.sociaalteamhouten.nl\/#\/schema\/logo\/image\/"}}]}},"_links":{"self":[{"href":"https:\/\/www.sociaalteamhouten.nl\/tr\/wp-json\/wp\/v2\/pages\/985","targetHints":{"allow":["GET"]}}],"collection":[{"href":"https:\/\/www.sociaalteamhouten.nl\/tr\/wp-json\/wp\/v2\/pages"}],"about":[{"href":"https:\/\/www.sociaalteamhouten.nl\/tr\/wp-json\/wp\/v2\/types\/page"}],"author":[{"embeddable":true,"href":"https:\/\/www.sociaalteamhouten.nl\/tr\/wp-json\/wp\/v2\/users\/1"}],"replies":[{"embeddable":true,"href":"https:\/\/www.sociaalteamhouten.nl\/tr\/wp-json\/wp\/v2\/comments?post=985"}],"version-history":[{"count":4,"href":"https:\/\/www.sociaalteamhouten.nl\/tr\/wp-json\/wp\/v2\/pages\/985\/revisions"}],"predecessor-version":[{"id":994,"href":"https:\/\/www.sociaalteamhouten.nl\/tr\/wp-json\/wp\/v2\/pages\/985\/revisions\/994"}],"wp:attachment":[{"href":"https:\/\/www.sociaalteamhouten.nl\/tr\/wp-json\/wp\/v2\/media?parent=985"}],"curies":[{"name":"wp","href":"https:\/\/api.w.org\/{rel}","templated":true}]}}